{"id":5691,"date":"2025-09-12T08:11:18","date_gmt":"2025-09-12T08:11:18","guid":{"rendered":"https:\/\/www.stalonsilencer.com\/product\/silencieux-stalon-vr\/"},"modified":"2025-09-12T08:11:18","modified_gmt":"2025-09-12T08:11:18","slug":"silencieux-stalon-vr","status":"publish","type":"product","link":"https:\/\/www.stalonsilencer.com\/fr\/produit\/silencieux-stalon-vr\/","title":{"rendered":"Silencieux Stalon VR"},"content":{"rendered":"<p>Le Stalon VR est un sp\u00e9cialiste des petits calibres. C&rsquo;est tout ce dont vous avez besoin \u2013 et un peu plus. Le VR est extr\u00eamement compact avec une extension courte, tout en \u00e9tant aussi efficace qu&rsquo;un silencieux grand et lourd. Il est plus fin, plus l\u00e9ger et plus durable, offrant une pr\u00e9cision exceptionnelle. Un mod\u00e8le avec plusieurs possibilit\u00e9s.    <\/p>\n<h2>Caract\u00e9ristiques principales :<\/h2>\n<p>\u2013 Optimis\u00e9 pour les calibres .223 \u00e0 6,5&#215;55\/6,5 CREEDMOOR<br \/>\n\u2013 Rapport bruit\/taille incroyable<br \/>\n\u2013 Parfait pour le tir longue distance<\/p>\n","protected":false},"excerpt":{"rendered":"<p>Le Stalon VR est optimis\u00e9 pour les calibres 22 HORNET \u00e0 6,5.<\/p>\n","protected":false},"featured_media":1091,"comment_status":"closed","ping_status":"closed","template":"","meta":{"_acf_changed":false},"product_brand":[],"product_cat":[207],"product_tag":[],"class_list":{"0":"post-5691","1":"product","2":"type-product","3":"status-publish","4":"has-post-thumbnail","6":"product_cat-serie-vr","7":"product_shipping_class-true","9":"first","10":"instock","11":"purchasable","12":"product-type-simple"},"acf":[],"yoast_head":"<!-- This site is optimized with the Yoast SEO plugin v27.0 - https:\/\/yoast.com\/product\/yoast-seo-wordpress\/ -->\n<title>Stalon VR \u2013 Silencieux t\u00e9lescopique compact pour .223 \u00e0 6,5 mm<\/title>\n<meta name=\"description\" content=\"D\u00e9couvrez le silencieux Stalon VR : ultra-l\u00e9ger (\u00e0 partir de 232 g), r\u00e9duction jusqu&#039;\u00e0 -34 dB (.223), filet\u00e9 pour plusieurs calibres et con\u00e7u pour la pr\u00e9cision\" \/>\n<meta name=\"robots\" content=\"index, follow, max-snippet:-1, max-image-preview:large, max-video-preview:-1\" \/>\n<link rel=\"canonical\" href=\"https:\/\/www.stalonsilencer.com\/fr\/produit\/silencieux-stalon-vr\/\" \/>\n<meta property=\"og:locale\" content=\"fr_FR\" \/>\n<meta property=\"og:type\" content=\"article\" \/>\n<meta property=\"og:title\" content=\"Stalon VR \u2013 Silencieux t\u00e9lescopique compact pour .223 \u00e0 6,5 mm\" \/>\n<meta property=\"og:description\" content=\"D\u00e9couvrez le silencieux Stalon VR : ultra-l\u00e9ger (\u00e0 partir de 232 g), r\u00e9duction jusqu&#039;\u00e0 -34 dB (.223), filet\u00e9 pour plusieurs calibres et con\u00e7u pour la pr\u00e9cision\" \/>\n<meta property=\"og:url\" content=\"https:\/\/www.stalonsilencer.com\/fr\/produit\/silencieux-stalon-vr\/\" \/>\n<meta property=\"og:site_name\" content=\"Stalon Silencers\" \/>\n<meta property=\"article:publisher\" content=\"https:\/\/www.facebook.com\/Stalonsweden\/?locale=sv_SE\" \/>\n<meta property=\"og:image\" content=\"https:\/\/www.stalonsilencer.com\/wp-content\/uploads\/2025\/09\/673b44c29694fd9f1f6e3a3c_Stalon-VR-1.png\" \/>\n\t<meta property=\"og:image:width\" content=\"530\" \/>\n\t<meta property=\"og:image:height\" content=\"707\" \/>\n\t<meta property=\"og:image:type\" content=\"image\/png\" \/>\n<meta name=\"twitter:card\" content=\"summary_large_image\" \/>\n<script type=\"application\/ld+json\" class=\"yoast-schema-graph\">{\"@context\":\"https:\/\/schema.org\",\"@graph\":[{\"@type\":\"WebPage\",\"@id\":\"https:\/\/www.stalonsilencer.com\/fr\/produit\/silencieux-stalon-vr\/\",\"url\":\"https:\/\/www.stalonsilencer.com\/fr\/produit\/silencieux-stalon-vr\/\",\"name\":\"Stalon VR \u2013 Silencieux t\u00e9lescopique compact pour .223 \u00e0 6,5 mm\",\"isPartOf\":{\"@id\":\"https:\/\/www.stalonsilencer.com\/fr\/#website\"},\"primaryImageOfPage\":{\"@id\":\"https:\/\/www.stalonsilencer.com\/fr\/produit\/silencieux-stalon-vr\/#primaryimage\"},\"image\":{\"@id\":\"https:\/\/www.stalonsilencer.com\/fr\/produit\/silencieux-stalon-vr\/#primaryimage\"},\"thumbnailUrl\":\"https:\/\/www.stalonsilencer.com\/wp-content\/uploads\/2025\/09\/673b44c29694fd9f1f6e3a3c_Stalon-VR-1.png\",\"datePublished\":\"2025-09-12T08:11:18+00:00\",\"description\":\"D\u00e9couvrez le silencieux Stalon VR : ultra-l\u00e9ger (\u00e0 partir de 232 g), r\u00e9duction jusqu'\u00e0 -34 dB (.223), filet\u00e9 pour plusieurs calibres et con\u00e7u pour la pr\u00e9cision\",\"breadcrumb\":{\"@id\":\"https:\/\/www.stalonsilencer.com\/fr\/produit\/silencieux-stalon-vr\/#breadcrumb\"},\"inLanguage\":\"fr-FR\",\"potentialAction\":[{\"@type\":\"ReadAction\",\"target\":[\"https:\/\/www.stalonsilencer.com\/fr\/produit\/silencieux-stalon-vr\/\"]}]},{\"@type\":\"ImageObject\",\"inLanguage\":\"fr-FR\",\"@id\":\"https:\/\/www.stalonsilencer.com\/fr\/produit\/silencieux-stalon-vr\/#primaryimage\",\"url\":\"https:\/\/www.stalonsilencer.com\/wp-content\/uploads\/2025\/09\/673b44c29694fd9f1f6e3a3c_Stalon-VR-1.png\",\"contentUrl\":\"https:\/\/www.stalonsilencer.com\/wp-content\/uploads\/2025\/09\/673b44c29694fd9f1f6e3a3c_Stalon-VR-1.png\",\"width\":530,\"height\":707},{\"@type\":\"BreadcrumbList\",\"@id\":\"https:\/\/www.stalonsilencer.com\/fr\/produit\/silencieux-stalon-vr\/#breadcrumb\",\"itemListElement\":[{\"@type\":\"ListItem\",\"position\":1,\"name\":\"Home\",\"item\":\"https:\/\/www.stalonsilencer.com\/fr\/accueil\/\"},{\"@type\":\"ListItem\",\"position\":2,\"name\":\"Boutique\",\"item\":\"https:\/\/www.stalonsilencer.com\/fr\/boutique\/\"},{\"@type\":\"ListItem\",\"position\":3,\"name\":\"Silencieux Stalon VR\"}]},{\"@type\":\"WebSite\",\"@id\":\"https:\/\/www.stalonsilencer.com\/fr\/#website\",\"url\":\"https:\/\/www.stalonsilencer.com\/fr\/\",\"name\":\"Stalon Silencers\",\"description\":\"DEVELOPED FOR HUNTERS &amp; HUNTING\",\"publisher\":{\"@id\":\"https:\/\/www.stalonsilencer.com\/fr\/#organization\"},\"alternateName\":\"Stalon\",\"potentialAction\":[{\"@type\":\"SearchAction\",\"target\":{\"@type\":\"EntryPoint\",\"urlTemplate\":\"https:\/\/www.stalonsilencer.com\/fr\/?s={search_term_string}\"},\"query-input\":{\"@type\":\"PropertyValueSpecification\",\"valueRequired\":true,\"valueName\":\"search_term_string\"}}],\"inLanguage\":\"fr-FR\"},{\"@type\":\"Organization\",\"@id\":\"https:\/\/www.stalonsilencer.com\/fr\/#organization\",\"name\":\"Stalon Silencers\",\"url\":\"https:\/\/www.stalonsilencer.com\/fr\/\",\"logo\":{\"@type\":\"ImageObject\",\"inLanguage\":\"fr-FR\",\"@id\":\"https:\/\/www.stalonsilencer.com\/fr\/#\/schema\/logo\/image\/\",\"url\":\"https:\/\/www.stalonsilencer.com\/wp-content\/uploads\/2025\/09\/Logo-Stalon-black-1.png\",\"contentUrl\":\"https:\/\/www.stalonsilencer.com\/wp-content\/uploads\/2025\/09\/Logo-Stalon-black-1.png\",\"width\":223,\"height\":85,\"caption\":\"Stalon Silencers\"},\"image\":{\"@id\":\"https:\/\/www.stalonsilencer.com\/fr\/#\/schema\/logo\/image\/\"},\"sameAs\":[\"https:\/\/www.facebook.com\/Stalonsweden\/?locale=sv_SE\",\"https:\/\/www.instagram.com\/stalonofficial\/\"]}]}<\/script>\n<!-- \/ Yoast SEO plugin. -->","yoast_head_json":{"title":"Stalon VR \u2013 Silencieux t\u00e9lescopique compact pour .223 \u00e0 6,5 mm","description":"D\u00e9couvrez le silencieux Stalon VR : ultra-l\u00e9ger (\u00e0 partir de 232 g), r\u00e9duction jusqu'\u00e0 -34 dB (.223), filet\u00e9 pour plusieurs calibres et con\u00e7u pour la pr\u00e9cision","robots":{"index":"index","follow":"follow","max-snippet":"max-snippet:-1","max-image-preview":"max-image-preview:large","max-video-preview":"max-video-preview:-1"},"canonical":"https:\/\/www.stalonsilencer.com\/fr\/produit\/silencieux-stalon-vr\/","og_locale":"fr_FR","og_type":"article","og_title":"Stalon VR \u2013 Silencieux t\u00e9lescopique compact pour .223 \u00e0 6,5 mm","og_description":"D\u00e9couvrez le silencieux Stalon VR : ultra-l\u00e9ger (\u00e0 partir de 232 g), r\u00e9duction jusqu'\u00e0 -34 dB (.223), filet\u00e9 pour plusieurs calibres et con\u00e7u pour la pr\u00e9cision","og_url":"https:\/\/www.stalonsilencer.com\/fr\/produit\/silencieux-stalon-vr\/","og_site_name":"Stalon Silencers","article_publisher":"https:\/\/www.facebook.com\/Stalonsweden\/?locale=sv_SE","og_image":[{"width":530,"height":707,"url":"https:\/\/www.stalonsilencer.com\/wp-content\/uploads\/2025\/09\/673b44c29694fd9f1f6e3a3c_Stalon-VR-1.png","type":"image\/png"}],"twitter_card":"summary_large_image","schema":{"@context":"https:\/\/schema.org","@graph":[{"@type":"WebPage","@id":"https:\/\/www.stalonsilencer.com\/fr\/produit\/silencieux-stalon-vr\/","url":"https:\/\/www.stalonsilencer.com\/fr\/produit\/silencieux-stalon-vr\/","name":"Stalon VR \u2013 Silencieux t\u00e9lescopique compact pour .223 \u00e0 6,5 mm","isPartOf":{"@id":"https:\/\/www.stalonsilencer.com\/fr\/#website"},"primaryImageOfPage":{"@id":"https:\/\/www.stalonsilencer.com\/fr\/produit\/silencieux-stalon-vr\/#primaryimage"},"image":{"@id":"https:\/\/www.stalonsilencer.com\/fr\/produit\/silencieux-stalon-vr\/#primaryimage"},"thumbnailUrl":"https:\/\/www.stalonsilencer.com\/wp-content\/uploads\/2025\/09\/673b44c29694fd9f1f6e3a3c_Stalon-VR-1.png","datePublished":"2025-09-12T08:11:18+00:00","description":"D\u00e9couvrez le silencieux Stalon VR : ultra-l\u00e9ger (\u00e0 partir de 232 g), r\u00e9duction jusqu'\u00e0 -34 dB (.223), filet\u00e9 pour plusieurs calibres et con\u00e7u pour la pr\u00e9cision","breadcrumb":{"@id":"https:\/\/www.stalonsilencer.com\/fr\/produit\/silencieux-stalon-vr\/#breadcrumb"},"inLanguage":"fr-FR","potentialAction":[{"@type":"ReadAction","target":["https:\/\/www.stalonsilencer.com\/fr\/produit\/silencieux-stalon-vr\/"]}]},{"@type":"ImageObject","inLanguage":"fr-FR","@id":"https:\/\/www.stalonsilencer.com\/fr\/produit\/silencieux-stalon-vr\/#primaryimage","url":"https:\/\/www.stalonsilencer.com\/wp-content\/uploads\/2025\/09\/673b44c29694fd9f1f6e3a3c_Stalon-VR-1.png","contentUrl":"https:\/\/www.stalonsilencer.com\/wp-content\/uploads\/2025\/09\/673b44c29694fd9f1f6e3a3c_Stalon-VR-1.png","width":530,"height":707},{"@type":"BreadcrumbList","@id":"https:\/\/www.stalonsilencer.com\/fr\/produit\/silencieux-stalon-vr\/#breadcrumb","itemListElement":[{"@type":"ListItem","position":1,"name":"Home","item":"https:\/\/www.stalonsilencer.com\/fr\/accueil\/"},{"@type":"ListItem","position":2,"name":"Boutique","item":"https:\/\/www.stalonsilencer.com\/fr\/boutique\/"},{"@type":"ListItem","position":3,"name":"Silencieux Stalon VR"}]},{"@type":"WebSite","@id":"https:\/\/www.stalonsilencer.com\/fr\/#website","url":"https:\/\/www.stalonsilencer.com\/fr\/","name":"Stalon Silencers","description":"DEVELOPED FOR HUNTERS &amp; HUNTING","publisher":{"@id":"https:\/\/www.stalonsilencer.com\/fr\/#organization"},"alternateName":"Stalon","potentialAction":[{"@type":"SearchAction","target":{"@type":"EntryPoint","urlTemplate":"https:\/\/www.stalonsilencer.com\/fr\/?s={search_term_string}"},"query-input":{"@type":"PropertyValueSpecification","valueRequired":true,"valueName":"search_term_string"}}],"inLanguage":"fr-FR"},{"@type":"Organization","@id":"https:\/\/www.stalonsilencer.com\/fr\/#organization","name":"Stalon Silencers","url":"https:\/\/www.stalonsilencer.com\/fr\/","logo":{"@type":"ImageObject","inLanguage":"fr-FR","@id":"https:\/\/www.stalonsilencer.com\/fr\/#\/schema\/logo\/image\/","url":"https:\/\/www.stalonsilencer.com\/wp-content\/uploads\/2025\/09\/Logo-Stalon-black-1.png","contentUrl":"https:\/\/www.stalonsilencer.com\/wp-content\/uploads\/2025\/09\/Logo-Stalon-black-1.png","width":223,"height":85,"caption":"Stalon Silencers"},"image":{"@id":"https:\/\/www.stalonsilencer.com\/fr\/#\/schema\/logo\/image\/"},"sameAs":["https:\/\/www.facebook.com\/Stalonsweden\/?locale=sv_SE","https:\/\/www.instagram.com\/stalonofficial\/"]}]}},"_links":{"self":[{"href":"https:\/\/www.stalonsilencer.com\/fr\/wp-json\/wp\/v2\/product\/5691","targetHints":{"allow":["GET"]}}],"collection":[{"href":"https:\/\/www.stalonsilencer.com\/fr\/wp-json\/wp\/v2\/product"}],"about":[{"href":"https:\/\/www.stalonsilencer.com\/fr\/wp-json\/wp\/v2\/types\/product"}],"replies":[{"embeddable":true,"href":"https:\/\/www.stalonsilencer.com\/fr\/wp-json\/wp\/v2\/comments?post=5691"}],"wp:featuredmedia":[{"embeddable":true,"href":"https:\/\/www.stalonsilencer.com\/fr\/wp-json\/wp\/v2\/media\/1091"}],"wp:attachment":[{"href":"https:\/\/www.stalonsilencer.com\/fr\/wp-json\/wp\/v2\/media?parent=5691"}],"wp:term":[{"taxonomy":"product_brand","embeddable":true,"href":"https:\/\/www.stalonsilencer.com\/fr\/wp-json\/wp\/v2\/product_brand?post=5691"},{"taxonomy":"product_cat","embeddable":true,"href":"https:\/\/www.stalonsilencer.com\/fr\/wp-json\/wp\/v2\/product_cat?post=5691"},{"taxonomy":"product_tag","embeddable":true,"href":"https:\/\/www.stalonsilencer.com\/fr\/wp-json\/wp\/v2\/product_tag?post=5691"}],"curies":[{"name":"wp","href":"https:\/\/api.w.org\/{rel}","templated":true}]}}