{"id":5221,"date":"2025-09-12T08:10:23","date_gmt":"2025-09-12T08:10:23","guid":{"rendered":"https:\/\/www.stalonsilencer.com\/product\/modules-supplementaires-rm-4-pces\/"},"modified":"2025-09-12T08:10:23","modified_gmt":"2025-09-12T08:10:23","slug":"modules-supplementaires-rm-4-pces","status":"publish","type":"product","link":"https:\/\/www.stalonsilencer.com\/fr\/produit\/modules-supplementaires-rm-4-pces\/","title":{"rendered":"Modules suppl\u00e9mentaires, RM, 4 pces"},"content":{"rendered":"<p>Les modules suppl\u00e9mentaires pour le Stalon RM augmentent la longueur totale du RM, tout en am\u00e9liorant l\u2019att\u00e9nuation sonore effective. Ces modules s\u2019installent au milieu, entre la partie arri\u00e8re et la partie avant du Stalon RM. <\/p>\n","protected":false},"excerpt":{"rendered":"<p>Les modules suppl\u00e9mentaires pour le Stalon RM augmentent la longueur totale du RM, tout en am\u00e9liorant l\u2019att\u00e9nuation sonore effective. Ces modules s\u2019installent au milieu, entre la partie arri\u00e8re et la partie avant du Stalon RM. <\/p>\n","protected":false},"featured_media":145,"comment_status":"closed","ping_status":"open","template":"","meta":{"_acf_changed":false},"product_brand":[],"product_cat":[220],"product_tag":[],"class_list":{"0":"post-5221","1":"product","2":"type-product","3":"status-publish","4":"has-post-thumbnail","6":"product_cat-non-classe","7":"product_shipping_class-false","9":"first","10":"instock","11":"purchasable","12":"product-type-simple"},"acf":[],"yoast_head":"<!-- This site is optimized with the Yoast SEO plugin v27.0 - https:\/\/yoast.com\/product\/yoast-seo-wordpress\/ -->\n<title>Modules suppl\u00e9mentaires, RM, 4 pces - Stalon Silencers<\/title>\n<meta name=\"robots\" content=\"index, follow, max-snippet:-1, max-image-preview:large, max-video-preview:-1\" \/>\n<link rel=\"canonical\" href=\"https:\/\/www.stalonsilencer.com\/fr\/produit\/modules-supplementaires-rm-4-pces\/\" \/>\n<meta property=\"og:locale\" content=\"fr_FR\" \/>\n<meta property=\"og:type\" content=\"article\" \/>\n<meta property=\"og:title\" content=\"Modules suppl\u00e9mentaires, RM, 4 pces - Stalon Silencers\" \/>\n<meta property=\"og:description\" content=\"Les modules suppl\u00e9mentaires pour le Stalon RM augmentent la longueur totale du RM, tout en am\u00e9liorant l\u2019att\u00e9nuation sonore effective. Ces modules s\u2019installent au milieu, entre la partie arri\u00e8re et la partie avant du Stalon RM.\" \/>\n<meta property=\"og:url\" content=\"https:\/\/www.stalonsilencer.com\/fr\/produit\/modules-supplementaires-rm-4-pces\/\" \/>\n<meta property=\"og:site_name\" content=\"Stalon Silencers\" \/>\n<meta property=\"article:publisher\" content=\"https:\/\/www.facebook.com\/Stalonsweden\/?locale=sv_SE\" \/>\n<meta property=\"og:image\" content=\"https:\/\/www.stalonsilencer.com\/wp-content\/uploads\/2025\/09\/63beb5be100a6b23be63b405_RM-modul.jpg\" \/>\n\t<meta property=\"og:image:width\" content=\"1000\" \/>\n\t<meta property=\"og:image:height\" content=\"750\" \/>\n\t<meta property=\"og:image:type\" content=\"image\/jpeg\" \/>\n<meta name=\"twitter:card\" content=\"summary_large_image\" \/>\n<script type=\"application\/ld+json\" class=\"yoast-schema-graph\">{\"@context\":\"https:\/\/schema.org\",\"@graph\":[{\"@type\":\"WebPage\",\"@id\":\"https:\/\/www.stalonsilencer.com\/fr\/produit\/modules-supplementaires-rm-4-pces\/\",\"url\":\"https:\/\/www.stalonsilencer.com\/fr\/produit\/modules-supplementaires-rm-4-pces\/\",\"name\":\"Modules suppl\u00e9mentaires, RM, 4 pces - Stalon Silencers\",\"isPartOf\":{\"@id\":\"https:\/\/www.stalonsilencer.com\/fr\/#website\"},\"primaryImageOfPage\":{\"@id\":\"https:\/\/www.stalonsilencer.com\/fr\/produit\/modules-supplementaires-rm-4-pces\/#primaryimage\"},\"image\":{\"@id\":\"https:\/\/www.stalonsilencer.com\/fr\/produit\/modules-supplementaires-rm-4-pces\/#primaryimage\"},\"thumbnailUrl\":\"https:\/\/www.stalonsilencer.com\/wp-content\/uploads\/2025\/09\/63beb5be100a6b23be63b405_RM-modul.jpg\",\"datePublished\":\"2025-09-12T08:10:23+00:00\",\"breadcrumb\":{\"@id\":\"https:\/\/www.stalonsilencer.com\/fr\/produit\/modules-supplementaires-rm-4-pces\/#breadcrumb\"},\"inLanguage\":\"fr-FR\",\"potentialAction\":[{\"@type\":\"ReadAction\",\"target\":[\"https:\/\/www.stalonsilencer.com\/fr\/produit\/modules-supplementaires-rm-4-pces\/\"]}]},{\"@type\":\"ImageObject\",\"inLanguage\":\"fr-FR\",\"@id\":\"https:\/\/www.stalonsilencer.com\/fr\/produit\/modules-supplementaires-rm-4-pces\/#primaryimage\",\"url\":\"https:\/\/www.stalonsilencer.com\/wp-content\/uploads\/2025\/09\/63beb5be100a6b23be63b405_RM-modul.jpg\",\"contentUrl\":\"https:\/\/www.stalonsilencer.com\/wp-content\/uploads\/2025\/09\/63beb5be100a6b23be63b405_RM-modul.jpg\",\"width\":1000,\"height\":750},{\"@type\":\"BreadcrumbList\",\"@id\":\"https:\/\/www.stalonsilencer.com\/fr\/produit\/modules-supplementaires-rm-4-pces\/#breadcrumb\",\"itemListElement\":[{\"@type\":\"ListItem\",\"position\":1,\"name\":\"Home\",\"item\":\"https:\/\/www.stalonsilencer.com\/fr\/accueil\/\"},{\"@type\":\"ListItem\",\"position\":2,\"name\":\"Boutique\",\"item\":\"https:\/\/www.stalonsilencer.com\/fr\/boutique\/\"},{\"@type\":\"ListItem\",\"position\":3,\"name\":\"Modules suppl\u00e9mentaires, RM, 4 pces\"}]},{\"@type\":\"WebSite\",\"@id\":\"https:\/\/www.stalonsilencer.com\/fr\/#website\",\"url\":\"https:\/\/www.stalonsilencer.com\/fr\/\",\"name\":\"Stalon Silencers\",\"description\":\"DEVELOPED FOR HUNTERS &amp; HUNTING\",\"publisher\":{\"@id\":\"https:\/\/www.stalonsilencer.com\/fr\/#organization\"},\"alternateName\":\"Stalon\",\"potentialAction\":[{\"@type\":\"SearchAction\",\"target\":{\"@type\":\"EntryPoint\",\"urlTemplate\":\"https:\/\/www.stalonsilencer.com\/fr\/?s={search_term_string}\"},\"query-input\":{\"@type\":\"PropertyValueSpecification\",\"valueRequired\":true,\"valueName\":\"search_term_string\"}}],\"inLanguage\":\"fr-FR\"},{\"@type\":\"Organization\",\"@id\":\"https:\/\/www.stalonsilencer.com\/fr\/#organization\",\"name\":\"Stalon Silencers\",\"url\":\"https:\/\/www.stalonsilencer.com\/fr\/\",\"logo\":{\"@type\":\"ImageObject\",\"inLanguage\":\"fr-FR\",\"@id\":\"https:\/\/www.stalonsilencer.com\/fr\/#\/schema\/logo\/image\/\",\"url\":\"https:\/\/www.stalonsilencer.com\/wp-content\/uploads\/2025\/09\/Logo-Stalon-black-1.png\",\"contentUrl\":\"https:\/\/www.stalonsilencer.com\/wp-content\/uploads\/2025\/09\/Logo-Stalon-black-1.png\",\"width\":223,\"height\":85,\"caption\":\"Stalon Silencers\"},\"image\":{\"@id\":\"https:\/\/www.stalonsilencer.com\/fr\/#\/schema\/logo\/image\/\"},\"sameAs\":[\"https:\/\/www.facebook.com\/Stalonsweden\/?locale=sv_SE\",\"https:\/\/www.instagram.com\/stalonofficial\/\"]}]}<\/script>\n<!-- \/ Yoast SEO plugin. -->","yoast_head_json":{"title":"Modules suppl\u00e9mentaires, RM, 4 pces - Stalon Silencers","robots":{"index":"index","follow":"follow","max-snippet":"max-snippet:-1","max-image-preview":"max-image-preview:large","max-video-preview":"max-video-preview:-1"},"canonical":"https:\/\/www.stalonsilencer.com\/fr\/produit\/modules-supplementaires-rm-4-pces\/","og_locale":"fr_FR","og_type":"article","og_title":"Modules suppl\u00e9mentaires, RM, 4 pces - Stalon Silencers","og_description":"Les modules suppl\u00e9mentaires pour le Stalon RM augmentent la longueur totale du RM, tout en am\u00e9liorant l\u2019att\u00e9nuation sonore effective. Ces modules s\u2019installent au milieu, entre la partie arri\u00e8re et la partie avant du Stalon RM.","og_url":"https:\/\/www.stalonsilencer.com\/fr\/produit\/modules-supplementaires-rm-4-pces\/","og_site_name":"Stalon Silencers","article_publisher":"https:\/\/www.facebook.com\/Stalonsweden\/?locale=sv_SE","og_image":[{"width":1000,"height":750,"url":"https:\/\/www.stalonsilencer.com\/wp-content\/uploads\/2025\/09\/63beb5be100a6b23be63b405_RM-modul.jpg","type":"image\/jpeg"}],"twitter_card":"summary_large_image","schema":{"@context":"https:\/\/schema.org","@graph":[{"@type":"WebPage","@id":"https:\/\/www.stalonsilencer.com\/fr\/produit\/modules-supplementaires-rm-4-pces\/","url":"https:\/\/www.stalonsilencer.com\/fr\/produit\/modules-supplementaires-rm-4-pces\/","name":"Modules suppl\u00e9mentaires, RM, 4 pces - Stalon Silencers","isPartOf":{"@id":"https:\/\/www.stalonsilencer.com\/fr\/#website"},"primaryImageOfPage":{"@id":"https:\/\/www.stalonsilencer.com\/fr\/produit\/modules-supplementaires-rm-4-pces\/#primaryimage"},"image":{"@id":"https:\/\/www.stalonsilencer.com\/fr\/produit\/modules-supplementaires-rm-4-pces\/#primaryimage"},"thumbnailUrl":"https:\/\/www.stalonsilencer.com\/wp-content\/uploads\/2025\/09\/63beb5be100a6b23be63b405_RM-modul.jpg","datePublished":"2025-09-12T08:10:23+00:00","breadcrumb":{"@id":"https:\/\/www.stalonsilencer.com\/fr\/produit\/modules-supplementaires-rm-4-pces\/#breadcrumb"},"inLanguage":"fr-FR","potentialAction":[{"@type":"ReadAction","target":["https:\/\/www.stalonsilencer.com\/fr\/produit\/modules-supplementaires-rm-4-pces\/"]}]},{"@type":"ImageObject","inLanguage":"fr-FR","@id":"https:\/\/www.stalonsilencer.com\/fr\/produit\/modules-supplementaires-rm-4-pces\/#primaryimage","url":"https:\/\/www.stalonsilencer.com\/wp-content\/uploads\/2025\/09\/63beb5be100a6b23be63b405_RM-modul.jpg","contentUrl":"https:\/\/www.stalonsilencer.com\/wp-content\/uploads\/2025\/09\/63beb5be100a6b23be63b405_RM-modul.jpg","width":1000,"height":750},{"@type":"BreadcrumbList","@id":"https:\/\/www.stalonsilencer.com\/fr\/produit\/modules-supplementaires-rm-4-pces\/#breadcrumb","itemListElement":[{"@type":"ListItem","position":1,"name":"Home","item":"https:\/\/www.stalonsilencer.com\/fr\/accueil\/"},{"@type":"ListItem","position":2,"name":"Boutique","item":"https:\/\/www.stalonsilencer.com\/fr\/boutique\/"},{"@type":"ListItem","position":3,"name":"Modules suppl\u00e9mentaires, RM, 4 pces"}]},{"@type":"WebSite","@id":"https:\/\/www.stalonsilencer.com\/fr\/#website","url":"https:\/\/www.stalonsilencer.com\/fr\/","name":"Stalon Silencers","description":"DEVELOPED FOR HUNTERS &amp; HUNTING","publisher":{"@id":"https:\/\/www.stalonsilencer.com\/fr\/#organization"},"alternateName":"Stalon","potentialAction":[{"@type":"SearchAction","target":{"@type":"EntryPoint","urlTemplate":"https:\/\/www.stalonsilencer.com\/fr\/?s={search_term_string}"},"query-input":{"@type":"PropertyValueSpecification","valueRequired":true,"valueName":"search_term_string"}}],"inLanguage":"fr-FR"},{"@type":"Organization","@id":"https:\/\/www.stalonsilencer.com\/fr\/#organization","name":"Stalon Silencers","url":"https:\/\/www.stalonsilencer.com\/fr\/","logo":{"@type":"ImageObject","inLanguage":"fr-FR","@id":"https:\/\/www.stalonsilencer.com\/fr\/#\/schema\/logo\/image\/","url":"https:\/\/www.stalonsilencer.com\/wp-content\/uploads\/2025\/09\/Logo-Stalon-black-1.png","contentUrl":"https:\/\/www.stalonsilencer.com\/wp-content\/uploads\/2025\/09\/Logo-Stalon-black-1.png","width":223,"height":85,"caption":"Stalon Silencers"},"image":{"@id":"https:\/\/www.stalonsilencer.com\/fr\/#\/schema\/logo\/image\/"},"sameAs":["https:\/\/www.facebook.com\/Stalonsweden\/?locale=sv_SE","https:\/\/www.instagram.com\/stalonofficial\/"]}]}},"_links":{"self":[{"href":"https:\/\/www.stalonsilencer.com\/fr\/wp-json\/wp\/v2\/product\/5221","targetHints":{"allow":["GET"]}}],"collection":[{"href":"https:\/\/www.stalonsilencer.com\/fr\/wp-json\/wp\/v2\/product"}],"about":[{"href":"https:\/\/www.stalonsilencer.com\/fr\/wp-json\/wp\/v2\/types\/product"}],"replies":[{"embeddable":true,"href":"https:\/\/www.stalonsilencer.com\/fr\/wp-json\/wp\/v2\/comments?post=5221"}],"wp:featuredmedia":[{"embeddable":true,"href":"https:\/\/www.stalonsilencer.com\/fr\/wp-json\/wp\/v2\/media\/145"}],"wp:attachment":[{"href":"https:\/\/www.stalonsilencer.com\/fr\/wp-json\/wp\/v2\/media?parent=5221"}],"wp:term":[{"taxonomy":"product_brand","embeddable":true,"href":"https:\/\/www.stalonsilencer.com\/fr\/wp-json\/wp\/v2\/product_brand?post=5221"},{"taxonomy":"product_cat","embeddable":true,"href":"https:\/\/www.stalonsilencer.com\/fr\/wp-json\/wp\/v2\/product_cat?post=5221"},{"taxonomy":"product_tag","embeddable":true,"href":"https:\/\/www.stalonsilencer.com\/fr\/wp-json\/wp\/v2\/product_tag?post=5221"}],"curies":[{"name":"wp","href":"https:\/\/api.w.org\/{rel}","templated":true}]}}