{"id":5174,"date":"2026-02-05T13:28:40","date_gmt":"2026-02-05T13:28:40","guid":{"rendered":"https:\/\/www.stalonsilencer.com\/product\/avant-venti-serie-x\/"},"modified":"2026-02-05T13:28:40","modified_gmt":"2026-02-05T13:28:40","slug":"avant-venti-serie-x","status":"publish","type":"product","link":"https:\/\/www.stalonsilencer.com\/fr\/produit\/avant-venti-serie-x\/","title":{"rendered":"Avant Venti, s\u00e9rie X"},"content":{"rendered":"<p><strong>AVANT POUR LA S\u00c9RIE X. <\/strong>L&rsquo;Avant X-Venti est sp\u00e9cifiquement d\u00e9velopp\u00e9 pour les armes \u00e0 feu semi-automatiques de calibre .30 et .375. Malgr\u00e9 sa longueur compacte, l&rsquo;Avant X-Venti offre une r\u00e9duction sonore impressionnante et une diminution significative du flash de bouche. Sa construction est optimis\u00e9e pour procurer aux semi-automatiques une impulsion de recul plus douce et un rechargement plus propre, sans affecter n\u00e9gativement l&rsquo;\u00e9quilibre de la carabine. L&rsquo;avant se fixe directement \u00e0 n&rsquo;importe quelle partie arri\u00e8re XS, X ou XE et fonctionne instantan\u00e9ment, sans n\u00e9cessiter de r\u00e9glages de gaz.   <\/p>\n","protected":false},"excerpt":{"rendered":"<p>Avant Venti pour la s\u00e9rie X, un avant court optimis\u00e9 pour les carabines semi-automatiques de calibre .30 et .375.<\/p>\n","protected":false},"featured_media":2764,"comment_status":"closed","ping_status":"closed","template":"","meta":{"_acf_changed":false},"product_brand":[],"product_cat":[216],"product_tag":[],"class_list":{"0":"post-5174","1":"product","2":"type-product","3":"status-publish","4":"has-post-thumbnail","6":"product_cat-accessoires","7":"product_shipping_class-false","9":"first","10":"instock","11":"purchasable","12":"product-type-simple"},"acf":[],"yoast_head":"<!-- This site is optimized with the Yoast SEO plugin v27.0 - https:\/\/yoast.com\/product\/yoast-seo-wordpress\/ -->\n<title>Avant Venti, s\u00e9rie X - Stalon Silencers<\/title>\n<meta name=\"robots\" content=\"index, follow, max-snippet:-1, max-image-preview:large, max-video-preview:-1\" \/>\n<link rel=\"canonical\" href=\"https:\/\/www.stalonsilencer.com\/fr\/produit\/avant-venti-serie-x\/\" \/>\n<meta property=\"og:locale\" content=\"fr_FR\" \/>\n<meta property=\"og:type\" content=\"article\" \/>\n<meta property=\"og:title\" content=\"Avant Venti, s\u00e9rie X - Stalon Silencers\" \/>\n<meta property=\"og:description\" content=\"Avant Venti pour la s\u00e9rie X, un avant court optimis\u00e9 pour les carabines semi-automatiques de calibre .30 et .375.\" \/>\n<meta property=\"og:url\" content=\"https:\/\/www.stalonsilencer.com\/fr\/produit\/avant-venti-serie-x\/\" \/>\n<meta property=\"og:site_name\" content=\"Stalon Silencers\" \/>\n<meta property=\"article:publisher\" content=\"https:\/\/www.facebook.com\/Stalonsweden\/?locale=sv_SE\" \/>\n<meta property=\"og:image\" content=\"https:\/\/www.stalonsilencer.com\/wp-content\/uploads\/2026\/02\/Front-X-Venti-scaled.jpg\" \/>\n\t<meta property=\"og:image:width\" content=\"2560\" \/>\n\t<meta property=\"og:image:height\" content=\"2560\" \/>\n\t<meta property=\"og:image:type\" content=\"image\/jpeg\" \/>\n<meta name=\"twitter:card\" content=\"summary_large_image\" \/>\n<script type=\"application\/ld+json\" class=\"yoast-schema-graph\">{\"@context\":\"https:\/\/schema.org\",\"@graph\":[{\"@type\":\"WebPage\",\"@id\":\"https:\/\/www.stalonsilencer.com\/fr\/produit\/avant-venti-serie-x\/\",\"url\":\"https:\/\/www.stalonsilencer.com\/fr\/produit\/avant-venti-serie-x\/\",\"name\":\"Avant Venti, s\u00e9rie X - Stalon Silencers\",\"isPartOf\":{\"@id\":\"https:\/\/www.stalonsilencer.com\/fr\/#website\"},\"primaryImageOfPage\":{\"@id\":\"https:\/\/www.stalonsilencer.com\/fr\/produit\/avant-venti-serie-x\/#primaryimage\"},\"image\":{\"@id\":\"https:\/\/www.stalonsilencer.com\/fr\/produit\/avant-venti-serie-x\/#primaryimage\"},\"thumbnailUrl\":\"https:\/\/www.stalonsilencer.com\/wp-content\/uploads\/2026\/02\/Front-X-Venti-scaled.jpg\",\"datePublished\":\"2026-02-05T13:28:40+00:00\",\"breadcrumb\":{\"@id\":\"https:\/\/www.stalonsilencer.com\/fr\/produit\/avant-venti-serie-x\/#breadcrumb\"},\"inLanguage\":\"fr-FR\",\"potentialAction\":[{\"@type\":\"ReadAction\",\"target\":[\"https:\/\/www.stalonsilencer.com\/fr\/produit\/avant-venti-serie-x\/\"]}]},{\"@type\":\"ImageObject\",\"inLanguage\":\"fr-FR\",\"@id\":\"https:\/\/www.stalonsilencer.com\/fr\/produit\/avant-venti-serie-x\/#primaryimage\",\"url\":\"https:\/\/www.stalonsilencer.com\/wp-content\/uploads\/2026\/02\/Front-X-Venti-scaled.jpg\",\"contentUrl\":\"https:\/\/www.stalonsilencer.com\/wp-content\/uploads\/2026\/02\/Front-X-Venti-scaled.jpg\",\"width\":2560,\"height\":2560},{\"@type\":\"BreadcrumbList\",\"@id\":\"https:\/\/www.stalonsilencer.com\/fr\/produit\/avant-venti-serie-x\/#breadcrumb\",\"itemListElement\":[{\"@type\":\"ListItem\",\"position\":1,\"name\":\"Home\",\"item\":\"https:\/\/www.stalonsilencer.com\/fr\/accueil\/\"},{\"@type\":\"ListItem\",\"position\":2,\"name\":\"Boutique\",\"item\":\"https:\/\/www.stalonsilencer.com\/fr\/boutique\/\"},{\"@type\":\"ListItem\",\"position\":3,\"name\":\"Avant Venti, s\u00e9rie X\"}]},{\"@type\":\"WebSite\",\"@id\":\"https:\/\/www.stalonsilencer.com\/fr\/#website\",\"url\":\"https:\/\/www.stalonsilencer.com\/fr\/\",\"name\":\"Stalon Silencers\",\"description\":\"DEVELOPED FOR HUNTERS &amp; HUNTING\",\"publisher\":{\"@id\":\"https:\/\/www.stalonsilencer.com\/fr\/#organization\"},\"alternateName\":\"Stalon\",\"potentialAction\":[{\"@type\":\"SearchAction\",\"target\":{\"@type\":\"EntryPoint\",\"urlTemplate\":\"https:\/\/www.stalonsilencer.com\/fr\/?s={search_term_string}\"},\"query-input\":{\"@type\":\"PropertyValueSpecification\",\"valueRequired\":true,\"valueName\":\"search_term_string\"}}],\"inLanguage\":\"fr-FR\"},{\"@type\":\"Organization\",\"@id\":\"https:\/\/www.stalonsilencer.com\/fr\/#organization\",\"name\":\"Stalon Silencers\",\"url\":\"https:\/\/www.stalonsilencer.com\/fr\/\",\"logo\":{\"@type\":\"ImageObject\",\"inLanguage\":\"fr-FR\",\"@id\":\"https:\/\/www.stalonsilencer.com\/fr\/#\/schema\/logo\/image\/\",\"url\":\"https:\/\/www.stalonsilencer.com\/wp-content\/uploads\/2025\/09\/Logo-Stalon-black-1.png\",\"contentUrl\":\"https:\/\/www.stalonsilencer.com\/wp-content\/uploads\/2025\/09\/Logo-Stalon-black-1.png\",\"width\":223,\"height\":85,\"caption\":\"Stalon Silencers\"},\"image\":{\"@id\":\"https:\/\/www.stalonsilencer.com\/fr\/#\/schema\/logo\/image\/\"},\"sameAs\":[\"https:\/\/www.facebook.com\/Stalonsweden\/?locale=sv_SE\",\"https:\/\/www.instagram.com\/stalonofficial\/\"]}]}<\/script>\n<!-- \/ Yoast SEO plugin. -->","yoast_head_json":{"title":"Avant Venti, s\u00e9rie X - Stalon Silencers","robots":{"index":"index","follow":"follow","max-snippet":"max-snippet:-1","max-image-preview":"max-image-preview:large","max-video-preview":"max-video-preview:-1"},"canonical":"https:\/\/www.stalonsilencer.com\/fr\/produit\/avant-venti-serie-x\/","og_locale":"fr_FR","og_type":"article","og_title":"Avant Venti, s\u00e9rie X - Stalon Silencers","og_description":"Avant Venti pour la s\u00e9rie X, un avant court optimis\u00e9 pour les carabines semi-automatiques de calibre .30 et .375.","og_url":"https:\/\/www.stalonsilencer.com\/fr\/produit\/avant-venti-serie-x\/","og_site_name":"Stalon Silencers","article_publisher":"https:\/\/www.facebook.com\/Stalonsweden\/?locale=sv_SE","og_image":[{"width":2560,"height":2560,"url":"https:\/\/www.stalonsilencer.com\/wp-content\/uploads\/2026\/02\/Front-X-Venti-scaled.jpg","type":"image\/jpeg"}],"twitter_card":"summary_large_image","schema":{"@context":"https:\/\/schema.org","@graph":[{"@type":"WebPage","@id":"https:\/\/www.stalonsilencer.com\/fr\/produit\/avant-venti-serie-x\/","url":"https:\/\/www.stalonsilencer.com\/fr\/produit\/avant-venti-serie-x\/","name":"Avant Venti, s\u00e9rie X - Stalon Silencers","isPartOf":{"@id":"https:\/\/www.stalonsilencer.com\/fr\/#website"},"primaryImageOfPage":{"@id":"https:\/\/www.stalonsilencer.com\/fr\/produit\/avant-venti-serie-x\/#primaryimage"},"image":{"@id":"https:\/\/www.stalonsilencer.com\/fr\/produit\/avant-venti-serie-x\/#primaryimage"},"thumbnailUrl":"https:\/\/www.stalonsilencer.com\/wp-content\/uploads\/2026\/02\/Front-X-Venti-scaled.jpg","datePublished":"2026-02-05T13:28:40+00:00","breadcrumb":{"@id":"https:\/\/www.stalonsilencer.com\/fr\/produit\/avant-venti-serie-x\/#breadcrumb"},"inLanguage":"fr-FR","potentialAction":[{"@type":"ReadAction","target":["https:\/\/www.stalonsilencer.com\/fr\/produit\/avant-venti-serie-x\/"]}]},{"@type":"ImageObject","inLanguage":"fr-FR","@id":"https:\/\/www.stalonsilencer.com\/fr\/produit\/avant-venti-serie-x\/#primaryimage","url":"https:\/\/www.stalonsilencer.com\/wp-content\/uploads\/2026\/02\/Front-X-Venti-scaled.jpg","contentUrl":"https:\/\/www.stalonsilencer.com\/wp-content\/uploads\/2026\/02\/Front-X-Venti-scaled.jpg","width":2560,"height":2560},{"@type":"BreadcrumbList","@id":"https:\/\/www.stalonsilencer.com\/fr\/produit\/avant-venti-serie-x\/#breadcrumb","itemListElement":[{"@type":"ListItem","position":1,"name":"Home","item":"https:\/\/www.stalonsilencer.com\/fr\/accueil\/"},{"@type":"ListItem","position":2,"name":"Boutique","item":"https:\/\/www.stalonsilencer.com\/fr\/boutique\/"},{"@type":"ListItem","position":3,"name":"Avant Venti, s\u00e9rie X"}]},{"@type":"WebSite","@id":"https:\/\/www.stalonsilencer.com\/fr\/#website","url":"https:\/\/www.stalonsilencer.com\/fr\/","name":"Stalon Silencers","description":"DEVELOPED FOR HUNTERS &amp; HUNTING","publisher":{"@id":"https:\/\/www.stalonsilencer.com\/fr\/#organization"},"alternateName":"Stalon","potentialAction":[{"@type":"SearchAction","target":{"@type":"EntryPoint","urlTemplate":"https:\/\/www.stalonsilencer.com\/fr\/?s={search_term_string}"},"query-input":{"@type":"PropertyValueSpecification","valueRequired":true,"valueName":"search_term_string"}}],"inLanguage":"fr-FR"},{"@type":"Organization","@id":"https:\/\/www.stalonsilencer.com\/fr\/#organization","name":"Stalon Silencers","url":"https:\/\/www.stalonsilencer.com\/fr\/","logo":{"@type":"ImageObject","inLanguage":"fr-FR","@id":"https:\/\/www.stalonsilencer.com\/fr\/#\/schema\/logo\/image\/","url":"https:\/\/www.stalonsilencer.com\/wp-content\/uploads\/2025\/09\/Logo-Stalon-black-1.png","contentUrl":"https:\/\/www.stalonsilencer.com\/wp-content\/uploads\/2025\/09\/Logo-Stalon-black-1.png","width":223,"height":85,"caption":"Stalon Silencers"},"image":{"@id":"https:\/\/www.stalonsilencer.com\/fr\/#\/schema\/logo\/image\/"},"sameAs":["https:\/\/www.facebook.com\/Stalonsweden\/?locale=sv_SE","https:\/\/www.instagram.com\/stalonofficial\/"]}]}},"_links":{"self":[{"href":"https:\/\/www.stalonsilencer.com\/fr\/wp-json\/wp\/v2\/product\/5174","targetHints":{"allow":["GET"]}}],"collection":[{"href":"https:\/\/www.stalonsilencer.com\/fr\/wp-json\/wp\/v2\/product"}],"about":[{"href":"https:\/\/www.stalonsilencer.com\/fr\/wp-json\/wp\/v2\/types\/product"}],"replies":[{"embeddable":true,"href":"https:\/\/www.stalonsilencer.com\/fr\/wp-json\/wp\/v2\/comments?post=5174"}],"wp:featuredmedia":[{"embeddable":true,"href":"https:\/\/www.stalonsilencer.com\/fr\/wp-json\/wp\/v2\/media\/2764"}],"wp:attachment":[{"href":"https:\/\/www.stalonsilencer.com\/fr\/wp-json\/wp\/v2\/media?parent=5174"}],"wp:term":[{"taxonomy":"product_brand","embeddable":true,"href":"https:\/\/www.stalonsilencer.com\/fr\/wp-json\/wp\/v2\/product_brand?post=5174"},{"taxonomy":"product_cat","embeddable":true,"href":"https:\/\/www.stalonsilencer.com\/fr\/wp-json\/wp\/v2\/product_cat?post=5174"},{"taxonomy":"product_tag","embeddable":true,"href":"https:\/\/www.stalonsilencer.com\/fr\/wp-json\/wp\/v2\/product_tag?post=5174"}],"curies":[{"name":"wp","href":"https:\/\/api.w.org\/{rel}","templated":true}]}}