{"id":4950,"date":"2025-09-12T08:10:48","date_gmt":"2025-09-12T08:10:48","guid":{"rendered":"https:\/\/www.stalonsilencer.com\/product\/neoprene-orange-avec-cordura-serie-victor\/"},"modified":"2026-03-09T07:16:05","modified_gmt":"2026-03-09T07:16:05","slug":"neoprene-orange-avec-cordura-serie-victor","status":"publish","type":"product","link":"https:\/\/www.stalonsilencer.com\/fr\/produit\/neoprene-orange-avec-cordura-serie-victor\/","title":{"rendered":"N\u00e9opr\u00e8ne orange avec Cordura, s\u00e9rie VICTOR"},"content":{"rendered":"<p>La housse en n\u00e9opr\u00e8ne avec renfort en Cordura est con\u00e7ue pour r\u00e9duire et retarder efficacement le mirage thermique dans l\u2019optique tout en prot\u00e9geant le silencieux des bruits de frottement contre les branches et autres. Un excellent accessoire pour le tir et la chasse.<\/p>\n","protected":false},"excerpt":{"rendered":"<p>La housse en n\u00e9opr\u00e8ne avec renfort en Cordura est con\u00e7ue pour r\u00e9duire et retarder efficacement le mirage thermique dans l\u2019optique tout en prot\u00e9geant le silencieux des bruits de frottement contre les branches et autres. Un excellent accessoire pour le tir et la chasse.<\/p>\n","protected":false},"featured_media":184,"comment_status":"closed","ping_status":"closed","template":"","meta":{"_acf_changed":false},"product_brand":[],"product_cat":[216],"product_tag":[],"class_list":{"0":"post-4950","1":"product","2":"type-product","3":"status-publish","4":"has-post-thumbnail","6":"product_cat-accessoires","7":"product_shipping_class-false","9":"first","10":"instock","11":"purchasable","12":"product-type-simple"},"acf":[],"yoast_head":"<!-- This site is optimized with the Yoast SEO plugin v27.0 - https:\/\/yoast.com\/product\/yoast-seo-wordpress\/ -->\n<title>N\u00e9opr\u00e8ne orange avec Cordura, s\u00e9rie VICTOR - Stalon Silencers<\/title>\n<meta name=\"robots\" content=\"index, follow, max-snippet:-1, max-image-preview:large, max-video-preview:-1\" \/>\n<link rel=\"canonical\" href=\"https:\/\/www.stalonsilencer.com\/fr\/produit\/neoprene-orange-avec-cordura-serie-victor\/\" \/>\n<meta property=\"og:locale\" content=\"fr_FR\" \/>\n<meta property=\"og:type\" content=\"article\" \/>\n<meta property=\"og:title\" content=\"N\u00e9opr\u00e8ne orange avec Cordura, s\u00e9rie VICTOR - Stalon Silencers\" \/>\n<meta property=\"og:description\" content=\"La housse en n\u00e9opr\u00e8ne avec renfort en Cordura est con\u00e7ue pour r\u00e9duire et retarder efficacement le mirage thermique dans l\u2019optique tout en prot\u00e9geant le silencieux des bruits de frottement contre les branches et autres. Un excellent accessoire pour le tir et la chasse.\" \/>\n<meta property=\"og:url\" content=\"https:\/\/www.stalonsilencer.com\/fr\/produit\/neoprene-orange-avec-cordura-serie-victor\/\" \/>\n<meta property=\"og:site_name\" content=\"Stalon Silencers\" \/>\n<meta property=\"article:publisher\" content=\"https:\/\/www.facebook.com\/Stalonsweden\/?locale=sv_SE\" \/>\n<meta property=\"article:modified_time\" content=\"2026-03-09T07:16:05+00:00\" \/>\n<meta property=\"og:image\" content=\"https:\/\/www.stalonsilencer.com\/wp-content\/uploads\/2025\/09\/6717815f2277f8d3ebbead17_Neopren-orange.jpg\" \/>\n\t<meta property=\"og:image:width\" content=\"600\" \/>\n\t<meta property=\"og:image:height\" content=\"600\" \/>\n\t<meta property=\"og:image:type\" content=\"image\/jpeg\" \/>\n<meta name=\"twitter:card\" content=\"summary_large_image\" \/>\n<script type=\"application\/ld+json\" class=\"yoast-schema-graph\">{\"@context\":\"https:\/\/schema.org\",\"@graph\":[{\"@type\":\"WebPage\",\"@id\":\"https:\/\/www.stalonsilencer.com\/fr\/produit\/neoprene-orange-avec-cordura-serie-victor\/\",\"url\":\"https:\/\/www.stalonsilencer.com\/fr\/produit\/neoprene-orange-avec-cordura-serie-victor\/\",\"name\":\"N\u00e9opr\u00e8ne orange avec Cordura, s\u00e9rie VICTOR - Stalon Silencers\",\"isPartOf\":{\"@id\":\"https:\/\/www.stalonsilencer.com\/fr\/#website\"},\"primaryImageOfPage\":{\"@id\":\"https:\/\/www.stalonsilencer.com\/fr\/produit\/neoprene-orange-avec-cordura-serie-victor\/#primaryimage\"},\"image\":{\"@id\":\"https:\/\/www.stalonsilencer.com\/fr\/produit\/neoprene-orange-avec-cordura-serie-victor\/#primaryimage\"},\"thumbnailUrl\":\"https:\/\/www.stalonsilencer.com\/wp-content\/uploads\/2025\/09\/6717815f2277f8d3ebbead17_Neopren-orange.jpg\",\"datePublished\":\"2025-09-12T08:10:48+00:00\",\"dateModified\":\"2026-03-09T07:16:05+00:00\",\"breadcrumb\":{\"@id\":\"https:\/\/www.stalonsilencer.com\/fr\/produit\/neoprene-orange-avec-cordura-serie-victor\/#breadcrumb\"},\"inLanguage\":\"fr-FR\",\"potentialAction\":[{\"@type\":\"ReadAction\",\"target\":[\"https:\/\/www.stalonsilencer.com\/fr\/produit\/neoprene-orange-avec-cordura-serie-victor\/\"]}]},{\"@type\":\"ImageObject\",\"inLanguage\":\"fr-FR\",\"@id\":\"https:\/\/www.stalonsilencer.com\/fr\/produit\/neoprene-orange-avec-cordura-serie-victor\/#primaryimage\",\"url\":\"https:\/\/www.stalonsilencer.com\/wp-content\/uploads\/2025\/09\/6717815f2277f8d3ebbead17_Neopren-orange.jpg\",\"contentUrl\":\"https:\/\/www.stalonsilencer.com\/wp-content\/uploads\/2025\/09\/6717815f2277f8d3ebbead17_Neopren-orange.jpg\",\"width\":600,\"height\":600},{\"@type\":\"BreadcrumbList\",\"@id\":\"https:\/\/www.stalonsilencer.com\/fr\/produit\/neoprene-orange-avec-cordura-serie-victor\/#breadcrumb\",\"itemListElement\":[{\"@type\":\"ListItem\",\"position\":1,\"name\":\"Home\",\"item\":\"https:\/\/www.stalonsilencer.com\/fr\/accueil\/\"},{\"@type\":\"ListItem\",\"position\":2,\"name\":\"Boutique\",\"item\":\"https:\/\/www.stalonsilencer.com\/fr\/boutique\/\"},{\"@type\":\"ListItem\",\"position\":3,\"name\":\"N\u00e9opr\u00e8ne orange avec Cordura, s\u00e9rie VICTOR\"}]},{\"@type\":\"WebSite\",\"@id\":\"https:\/\/www.stalonsilencer.com\/fr\/#website\",\"url\":\"https:\/\/www.stalonsilencer.com\/fr\/\",\"name\":\"Stalon Silencers\",\"description\":\"DEVELOPED FOR HUNTERS &amp; HUNTING\",\"publisher\":{\"@id\":\"https:\/\/www.stalonsilencer.com\/fr\/#organization\"},\"alternateName\":\"Stalon\",\"potentialAction\":[{\"@type\":\"SearchAction\",\"target\":{\"@type\":\"EntryPoint\",\"urlTemplate\":\"https:\/\/www.stalonsilencer.com\/fr\/?s={search_term_string}\"},\"query-input\":{\"@type\":\"PropertyValueSpecification\",\"valueRequired\":true,\"valueName\":\"search_term_string\"}}],\"inLanguage\":\"fr-FR\"},{\"@type\":\"Organization\",\"@id\":\"https:\/\/www.stalonsilencer.com\/fr\/#organization\",\"name\":\"Stalon Silencers\",\"url\":\"https:\/\/www.stalonsilencer.com\/fr\/\",\"logo\":{\"@type\":\"ImageObject\",\"inLanguage\":\"fr-FR\",\"@id\":\"https:\/\/www.stalonsilencer.com\/fr\/#\/schema\/logo\/image\/\",\"url\":\"https:\/\/www.stalonsilencer.com\/wp-content\/uploads\/2025\/09\/Logo-Stalon-black-1.png\",\"contentUrl\":\"https:\/\/www.stalonsilencer.com\/wp-content\/uploads\/2025\/09\/Logo-Stalon-black-1.png\",\"width\":223,\"height\":85,\"caption\":\"Stalon Silencers\"},\"image\":{\"@id\":\"https:\/\/www.stalonsilencer.com\/fr\/#\/schema\/logo\/image\/\"},\"sameAs\":[\"https:\/\/www.facebook.com\/Stalonsweden\/?locale=sv_SE\",\"https:\/\/www.instagram.com\/stalonofficial\/\"]}]}<\/script>\n<!-- \/ Yoast SEO plugin. -->","yoast_head_json":{"title":"N\u00e9opr\u00e8ne orange avec Cordura, s\u00e9rie VICTOR - Stalon Silencers","robots":{"index":"index","follow":"follow","max-snippet":"max-snippet:-1","max-image-preview":"max-image-preview:large","max-video-preview":"max-video-preview:-1"},"canonical":"https:\/\/www.stalonsilencer.com\/fr\/produit\/neoprene-orange-avec-cordura-serie-victor\/","og_locale":"fr_FR","og_type":"article","og_title":"N\u00e9opr\u00e8ne orange avec Cordura, s\u00e9rie VICTOR - Stalon Silencers","og_description":"La housse en n\u00e9opr\u00e8ne avec renfort en Cordura est con\u00e7ue pour r\u00e9duire et retarder efficacement le mirage thermique dans l\u2019optique tout en prot\u00e9geant le silencieux des bruits de frottement contre les branches et autres. Un excellent accessoire pour le tir et la chasse.","og_url":"https:\/\/www.stalonsilencer.com\/fr\/produit\/neoprene-orange-avec-cordura-serie-victor\/","og_site_name":"Stalon Silencers","article_publisher":"https:\/\/www.facebook.com\/Stalonsweden\/?locale=sv_SE","article_modified_time":"2026-03-09T07:16:05+00:00","og_image":[{"width":600,"height":600,"url":"https:\/\/www.stalonsilencer.com\/wp-content\/uploads\/2025\/09\/6717815f2277f8d3ebbead17_Neopren-orange.jpg","type":"image\/jpeg"}],"twitter_card":"summary_large_image","schema":{"@context":"https:\/\/schema.org","@graph":[{"@type":"WebPage","@id":"https:\/\/www.stalonsilencer.com\/fr\/produit\/neoprene-orange-avec-cordura-serie-victor\/","url":"https:\/\/www.stalonsilencer.com\/fr\/produit\/neoprene-orange-avec-cordura-serie-victor\/","name":"N\u00e9opr\u00e8ne orange avec Cordura, s\u00e9rie VICTOR - Stalon Silencers","isPartOf":{"@id":"https:\/\/www.stalonsilencer.com\/fr\/#website"},"primaryImageOfPage":{"@id":"https:\/\/www.stalonsilencer.com\/fr\/produit\/neoprene-orange-avec-cordura-serie-victor\/#primaryimage"},"image":{"@id":"https:\/\/www.stalonsilencer.com\/fr\/produit\/neoprene-orange-avec-cordura-serie-victor\/#primaryimage"},"thumbnailUrl":"https:\/\/www.stalonsilencer.com\/wp-content\/uploads\/2025\/09\/6717815f2277f8d3ebbead17_Neopren-orange.jpg","datePublished":"2025-09-12T08:10:48+00:00","dateModified":"2026-03-09T07:16:05+00:00","breadcrumb":{"@id":"https:\/\/www.stalonsilencer.com\/fr\/produit\/neoprene-orange-avec-cordura-serie-victor\/#breadcrumb"},"inLanguage":"fr-FR","potentialAction":[{"@type":"ReadAction","target":["https:\/\/www.stalonsilencer.com\/fr\/produit\/neoprene-orange-avec-cordura-serie-victor\/"]}]},{"@type":"ImageObject","inLanguage":"fr-FR","@id":"https:\/\/www.stalonsilencer.com\/fr\/produit\/neoprene-orange-avec-cordura-serie-victor\/#primaryimage","url":"https:\/\/www.stalonsilencer.com\/wp-content\/uploads\/2025\/09\/6717815f2277f8d3ebbead17_Neopren-orange.jpg","contentUrl":"https:\/\/www.stalonsilencer.com\/wp-content\/uploads\/2025\/09\/6717815f2277f8d3ebbead17_Neopren-orange.jpg","width":600,"height":600},{"@type":"BreadcrumbList","@id":"https:\/\/www.stalonsilencer.com\/fr\/produit\/neoprene-orange-avec-cordura-serie-victor\/#breadcrumb","itemListElement":[{"@type":"ListItem","position":1,"name":"Home","item":"https:\/\/www.stalonsilencer.com\/fr\/accueil\/"},{"@type":"ListItem","position":2,"name":"Boutique","item":"https:\/\/www.stalonsilencer.com\/fr\/boutique\/"},{"@type":"ListItem","position":3,"name":"N\u00e9opr\u00e8ne orange avec Cordura, s\u00e9rie VICTOR"}]},{"@type":"WebSite","@id":"https:\/\/www.stalonsilencer.com\/fr\/#website","url":"https:\/\/www.stalonsilencer.com\/fr\/","name":"Stalon Silencers","description":"DEVELOPED FOR HUNTERS &amp; HUNTING","publisher":{"@id":"https:\/\/www.stalonsilencer.com\/fr\/#organization"},"alternateName":"Stalon","potentialAction":[{"@type":"SearchAction","target":{"@type":"EntryPoint","urlTemplate":"https:\/\/www.stalonsilencer.com\/fr\/?s={search_term_string}"},"query-input":{"@type":"PropertyValueSpecification","valueRequired":true,"valueName":"search_term_string"}}],"inLanguage":"fr-FR"},{"@type":"Organization","@id":"https:\/\/www.stalonsilencer.com\/fr\/#organization","name":"Stalon Silencers","url":"https:\/\/www.stalonsilencer.com\/fr\/","logo":{"@type":"ImageObject","inLanguage":"fr-FR","@id":"https:\/\/www.stalonsilencer.com\/fr\/#\/schema\/logo\/image\/","url":"https:\/\/www.stalonsilencer.com\/wp-content\/uploads\/2025\/09\/Logo-Stalon-black-1.png","contentUrl":"https:\/\/www.stalonsilencer.com\/wp-content\/uploads\/2025\/09\/Logo-Stalon-black-1.png","width":223,"height":85,"caption":"Stalon Silencers"},"image":{"@id":"https:\/\/www.stalonsilencer.com\/fr\/#\/schema\/logo\/image\/"},"sameAs":["https:\/\/www.facebook.com\/Stalonsweden\/?locale=sv_SE","https:\/\/www.instagram.com\/stalonofficial\/"]}]}},"_links":{"self":[{"href":"https:\/\/www.stalonsilencer.com\/fr\/wp-json\/wp\/v2\/product\/4950","targetHints":{"allow":["GET"]}}],"collection":[{"href":"https:\/\/www.stalonsilencer.com\/fr\/wp-json\/wp\/v2\/product"}],"about":[{"href":"https:\/\/www.stalonsilencer.com\/fr\/wp-json\/wp\/v2\/types\/product"}],"replies":[{"embeddable":true,"href":"https:\/\/www.stalonsilencer.com\/fr\/wp-json\/wp\/v2\/comments?post=4950"}],"wp:featuredmedia":[{"embeddable":true,"href":"https:\/\/www.stalonsilencer.com\/fr\/wp-json\/wp\/v2\/media\/184"}],"wp:attachment":[{"href":"https:\/\/www.stalonsilencer.com\/fr\/wp-json\/wp\/v2\/media?parent=4950"}],"wp:term":[{"taxonomy":"product_brand","embeddable":true,"href":"https:\/\/www.stalonsilencer.com\/fr\/wp-json\/wp\/v2\/product_brand?post=4950"},{"taxonomy":"product_cat","embeddable":true,"href":"https:\/\/www.stalonsilencer.com\/fr\/wp-json\/wp\/v2\/product_cat?post=4950"},{"taxonomy":"product_tag","embeddable":true,"href":"https:\/\/www.stalonsilencer.com\/fr\/wp-json\/wp\/v2\/product_tag?post=4950"}],"curies":[{"name":"wp","href":"https:\/\/api.w.org\/{rel}","templated":true}]}}