{"id":4879,"date":"2025-09-12T08:10:38","date_gmt":"2025-09-12T08:10:38","guid":{"rendered":"https:\/\/www.stalonsilencer.com\/product\/avant-149-serie-x\/"},"modified":"2025-09-12T08:10:38","modified_gmt":"2025-09-12T08:10:38","slug":"avant-149-serie-x","status":"publish","type":"product","link":"https:\/\/www.stalonsilencer.com\/fr\/produit\/avant-149-serie-x\/","title":{"rendered":"Avant 149, s\u00e9rie X"},"content":{"rendered":"<p>Avant 149 pour la s\u00e9rie X, un avant long optimis\u00e9 pour l\u2019approche, l\u2019aff\u00fbt ou d\u2019autres formes de chasse o\u00f9 les performances du mod\u00e9rateur de son sont essentielles pour une bonne exp\u00e9rience. D\u00e9passe vers l\u2019avant de 149&nbsp;mm. L\u2019Avant 149 r\u00e9duit le bruit de mani\u00e8re incroyablement efficace et \u00e9limine la flamme de bouche, ce qui en fait un excellent choix pour la chasse \u00e0 l\u2019aube ou au cr\u00e9puscule. L\u2019Avant 149 compl\u00e8te ou remplace un avant d\u00e9j\u00e0 existant sur un mod\u00e9rateur de son de la s\u00e9rie X.   <\/p>\n","protected":false},"excerpt":{"rendered":"<p>Avant 149 pour la s\u00e9rie X, un avant long optimis\u00e9 pour l\u2019approche, l\u2019aff\u00fbt ou d\u2019autres formes de chasse o\u00f9 les performances du mod\u00e9rateur de son sont essentielles pour une bonne exp\u00e9rience. D\u00e9passe vers l\u2019avant de 149&nbsp;mm. L\u2019Avant 149 r\u00e9duit le bruit de mani\u00e8re incroyablement efficace et \u00e9limine la flamme de bouche, ce qui en fait un excellent choix pour la chasse \u00e0 l\u2019aube ou au cr\u00e9puscule. L\u2019Avant 149 compl\u00e8te ou remplace un avant d\u00e9j\u00e0 existant sur un mod\u00e9rateur de son de la s\u00e9rie X.   <\/p>\n","protected":false},"featured_media":151,"comment_status":"closed","ping_status":"closed","template":"","meta":{"_acf_changed":false},"product_brand":[],"product_cat":[216],"product_tag":[],"class_list":{"0":"post-4879","1":"product","2":"type-product","3":"status-publish","4":"has-post-thumbnail","6":"product_cat-accessoires","7":"product_shipping_class-false","9":"first","10":"instock","11":"purchasable","12":"product-type-simple"},"acf":[],"yoast_head":"<!-- This site is optimized with the Yoast SEO plugin v27.0 - https:\/\/yoast.com\/product\/yoast-seo-wordpress\/ -->\n<title>Avant 149, s\u00e9rie X - Stalon Silencers<\/title>\n<meta name=\"robots\" content=\"index, follow, max-snippet:-1, max-image-preview:large, max-video-preview:-1\" \/>\n<link rel=\"canonical\" href=\"https:\/\/www.stalonsilencer.com\/fr\/produit\/avant-149-serie-x\/\" \/>\n<meta property=\"og:locale\" content=\"fr_FR\" \/>\n<meta property=\"og:type\" content=\"article\" \/>\n<meta property=\"og:title\" content=\"Avant 149, s\u00e9rie X - Stalon Silencers\" \/>\n<meta property=\"og:description\" content=\"Avant 149 pour la s\u00e9rie X, un avant long optimis\u00e9 pour l\u2019approche, l\u2019aff\u00fbt ou d\u2019autres formes de chasse o\u00f9 les performances du mod\u00e9rateur de son sont essentielles pour une bonne exp\u00e9rience. D\u00e9passe vers l\u2019avant de 149&nbsp;mm. L\u2019Avant 149 r\u00e9duit le bruit de mani\u00e8re incroyablement efficace et \u00e9limine la flamme de bouche, ce qui en fait un excellent choix pour la chasse \u00e0 l\u2019aube ou au cr\u00e9puscule. L\u2019Avant 149 compl\u00e8te ou remplace un avant d\u00e9j\u00e0 existant sur un mod\u00e9rateur de son de la s\u00e9rie X.\" \/>\n<meta property=\"og:url\" content=\"https:\/\/www.stalonsilencer.com\/fr\/produit\/avant-149-serie-x\/\" \/>\n<meta property=\"og:site_name\" content=\"Stalon Silencers\" \/>\n<meta property=\"article:publisher\" content=\"https:\/\/www.facebook.com\/Stalonsweden\/?locale=sv_SE\" \/>\n<meta property=\"og:image\" content=\"https:\/\/www.stalonsilencer.com\/wp-content\/uploads\/2025\/09\/6513ec6985cccf8c5e9d33e5_Front-149.jpg\" \/>\n\t<meta property=\"og:image:width\" content=\"600\" \/>\n\t<meta property=\"og:image:height\" content=\"600\" \/>\n\t<meta property=\"og:image:type\" content=\"image\/jpeg\" \/>\n<meta name=\"twitter:card\" content=\"summary_large_image\" \/>\n<meta name=\"twitter:label1\" content=\"Dur\u00e9e de lecture estim\u00e9e\" \/>\n\t<meta name=\"twitter:data1\" content=\"1 minute\" \/>\n<script type=\"application\/ld+json\" class=\"yoast-schema-graph\">{\"@context\":\"https:\/\/schema.org\",\"@graph\":[{\"@type\":\"WebPage\",\"@id\":\"https:\/\/www.stalonsilencer.com\/fr\/produit\/avant-149-serie-x\/\",\"url\":\"https:\/\/www.stalonsilencer.com\/fr\/produit\/avant-149-serie-x\/\",\"name\":\"Avant 149, s\u00e9rie X - Stalon Silencers\",\"isPartOf\":{\"@id\":\"https:\/\/www.stalonsilencer.com\/fr\/#website\"},\"primaryImageOfPage\":{\"@id\":\"https:\/\/www.stalonsilencer.com\/fr\/produit\/avant-149-serie-x\/#primaryimage\"},\"image\":{\"@id\":\"https:\/\/www.stalonsilencer.com\/fr\/produit\/avant-149-serie-x\/#primaryimage\"},\"thumbnailUrl\":\"https:\/\/www.stalonsilencer.com\/wp-content\/uploads\/2025\/09\/6513ec6985cccf8c5e9d33e5_Front-149.jpg\",\"datePublished\":\"2025-09-12T08:10:38+00:00\",\"breadcrumb\":{\"@id\":\"https:\/\/www.stalonsilencer.com\/fr\/produit\/avant-149-serie-x\/#breadcrumb\"},\"inLanguage\":\"fr-FR\",\"potentialAction\":[{\"@type\":\"ReadAction\",\"target\":[\"https:\/\/www.stalonsilencer.com\/fr\/produit\/avant-149-serie-x\/\"]}]},{\"@type\":\"ImageObject\",\"inLanguage\":\"fr-FR\",\"@id\":\"https:\/\/www.stalonsilencer.com\/fr\/produit\/avant-149-serie-x\/#primaryimage\",\"url\":\"https:\/\/www.stalonsilencer.com\/wp-content\/uploads\/2025\/09\/6513ec6985cccf8c5e9d33e5_Front-149.jpg\",\"contentUrl\":\"https:\/\/www.stalonsilencer.com\/wp-content\/uploads\/2025\/09\/6513ec6985cccf8c5e9d33e5_Front-149.jpg\",\"width\":600,\"height\":600},{\"@type\":\"BreadcrumbList\",\"@id\":\"https:\/\/www.stalonsilencer.com\/fr\/produit\/avant-149-serie-x\/#breadcrumb\",\"itemListElement\":[{\"@type\":\"ListItem\",\"position\":1,\"name\":\"Home\",\"item\":\"https:\/\/www.stalonsilencer.com\/fr\/accueil\/\"},{\"@type\":\"ListItem\",\"position\":2,\"name\":\"Boutique\",\"item\":\"https:\/\/www.stalonsilencer.com\/fr\/boutique\/\"},{\"@type\":\"ListItem\",\"position\":3,\"name\":\"Avant 149, s\u00e9rie X\"}]},{\"@type\":\"WebSite\",\"@id\":\"https:\/\/www.stalonsilencer.com\/fr\/#website\",\"url\":\"https:\/\/www.stalonsilencer.com\/fr\/\",\"name\":\"Stalon Silencers\",\"description\":\"DEVELOPED FOR HUNTERS &amp; HUNTING\",\"publisher\":{\"@id\":\"https:\/\/www.stalonsilencer.com\/fr\/#organization\"},\"alternateName\":\"Stalon\",\"potentialAction\":[{\"@type\":\"SearchAction\",\"target\":{\"@type\":\"EntryPoint\",\"urlTemplate\":\"https:\/\/www.stalonsilencer.com\/fr\/?s={search_term_string}\"},\"query-input\":{\"@type\":\"PropertyValueSpecification\",\"valueRequired\":true,\"valueName\":\"search_term_string\"}}],\"inLanguage\":\"fr-FR\"},{\"@type\":\"Organization\",\"@id\":\"https:\/\/www.stalonsilencer.com\/fr\/#organization\",\"name\":\"Stalon Silencers\",\"url\":\"https:\/\/www.stalonsilencer.com\/fr\/\",\"logo\":{\"@type\":\"ImageObject\",\"inLanguage\":\"fr-FR\",\"@id\":\"https:\/\/www.stalonsilencer.com\/fr\/#\/schema\/logo\/image\/\",\"url\":\"https:\/\/www.stalonsilencer.com\/wp-content\/uploads\/2025\/09\/Logo-Stalon-black-1.png\",\"contentUrl\":\"https:\/\/www.stalonsilencer.com\/wp-content\/uploads\/2025\/09\/Logo-Stalon-black-1.png\",\"width\":223,\"height\":85,\"caption\":\"Stalon Silencers\"},\"image\":{\"@id\":\"https:\/\/www.stalonsilencer.com\/fr\/#\/schema\/logo\/image\/\"},\"sameAs\":[\"https:\/\/www.facebook.com\/Stalonsweden\/?locale=sv_SE\",\"https:\/\/www.instagram.com\/stalonofficial\/\"]}]}<\/script>\n<!-- \/ Yoast SEO plugin. -->","yoast_head_json":{"title":"Avant 149, s\u00e9rie X - Stalon Silencers","robots":{"index":"index","follow":"follow","max-snippet":"max-snippet:-1","max-image-preview":"max-image-preview:large","max-video-preview":"max-video-preview:-1"},"canonical":"https:\/\/www.stalonsilencer.com\/fr\/produit\/avant-149-serie-x\/","og_locale":"fr_FR","og_type":"article","og_title":"Avant 149, s\u00e9rie X - Stalon Silencers","og_description":"Avant 149 pour la s\u00e9rie X, un avant long optimis\u00e9 pour l\u2019approche, l\u2019aff\u00fbt ou d\u2019autres formes de chasse o\u00f9 les performances du mod\u00e9rateur de son sont essentielles pour une bonne exp\u00e9rience. D\u00e9passe vers l\u2019avant de 149&nbsp;mm. L\u2019Avant 149 r\u00e9duit le bruit de mani\u00e8re incroyablement efficace et \u00e9limine la flamme de bouche, ce qui en fait un excellent choix pour la chasse \u00e0 l\u2019aube ou au cr\u00e9puscule. L\u2019Avant 149 compl\u00e8te ou remplace un avant d\u00e9j\u00e0 existant sur un mod\u00e9rateur de son de la s\u00e9rie X.","og_url":"https:\/\/www.stalonsilencer.com\/fr\/produit\/avant-149-serie-x\/","og_site_name":"Stalon Silencers","article_publisher":"https:\/\/www.facebook.com\/Stalonsweden\/?locale=sv_SE","og_image":[{"width":600,"height":600,"url":"https:\/\/www.stalonsilencer.com\/wp-content\/uploads\/2025\/09\/6513ec6985cccf8c5e9d33e5_Front-149.jpg","type":"image\/jpeg"}],"twitter_card":"summary_large_image","twitter_misc":{"Dur\u00e9e de lecture estim\u00e9e":"1 minute"},"schema":{"@context":"https:\/\/schema.org","@graph":[{"@type":"WebPage","@id":"https:\/\/www.stalonsilencer.com\/fr\/produit\/avant-149-serie-x\/","url":"https:\/\/www.stalonsilencer.com\/fr\/produit\/avant-149-serie-x\/","name":"Avant 149, s\u00e9rie X - Stalon Silencers","isPartOf":{"@id":"https:\/\/www.stalonsilencer.com\/fr\/#website"},"primaryImageOfPage":{"@id":"https:\/\/www.stalonsilencer.com\/fr\/produit\/avant-149-serie-x\/#primaryimage"},"image":{"@id":"https:\/\/www.stalonsilencer.com\/fr\/produit\/avant-149-serie-x\/#primaryimage"},"thumbnailUrl":"https:\/\/www.stalonsilencer.com\/wp-content\/uploads\/2025\/09\/6513ec6985cccf8c5e9d33e5_Front-149.jpg","datePublished":"2025-09-12T08:10:38+00:00","breadcrumb":{"@id":"https:\/\/www.stalonsilencer.com\/fr\/produit\/avant-149-serie-x\/#breadcrumb"},"inLanguage":"fr-FR","potentialAction":[{"@type":"ReadAction","target":["https:\/\/www.stalonsilencer.com\/fr\/produit\/avant-149-serie-x\/"]}]},{"@type":"ImageObject","inLanguage":"fr-FR","@id":"https:\/\/www.stalonsilencer.com\/fr\/produit\/avant-149-serie-x\/#primaryimage","url":"https:\/\/www.stalonsilencer.com\/wp-content\/uploads\/2025\/09\/6513ec6985cccf8c5e9d33e5_Front-149.jpg","contentUrl":"https:\/\/www.stalonsilencer.com\/wp-content\/uploads\/2025\/09\/6513ec6985cccf8c5e9d33e5_Front-149.jpg","width":600,"height":600},{"@type":"BreadcrumbList","@id":"https:\/\/www.stalonsilencer.com\/fr\/produit\/avant-149-serie-x\/#breadcrumb","itemListElement":[{"@type":"ListItem","position":1,"name":"Home","item":"https:\/\/www.stalonsilencer.com\/fr\/accueil\/"},{"@type":"ListItem","position":2,"name":"Boutique","item":"https:\/\/www.stalonsilencer.com\/fr\/boutique\/"},{"@type":"ListItem","position":3,"name":"Avant 149, s\u00e9rie X"}]},{"@type":"WebSite","@id":"https:\/\/www.stalonsilencer.com\/fr\/#website","url":"https:\/\/www.stalonsilencer.com\/fr\/","name":"Stalon Silencers","description":"DEVELOPED FOR HUNTERS &amp; HUNTING","publisher":{"@id":"https:\/\/www.stalonsilencer.com\/fr\/#organization"},"alternateName":"Stalon","potentialAction":[{"@type":"SearchAction","target":{"@type":"EntryPoint","urlTemplate":"https:\/\/www.stalonsilencer.com\/fr\/?s={search_term_string}"},"query-input":{"@type":"PropertyValueSpecification","valueRequired":true,"valueName":"search_term_string"}}],"inLanguage":"fr-FR"},{"@type":"Organization","@id":"https:\/\/www.stalonsilencer.com\/fr\/#organization","name":"Stalon Silencers","url":"https:\/\/www.stalonsilencer.com\/fr\/","logo":{"@type":"ImageObject","inLanguage":"fr-FR","@id":"https:\/\/www.stalonsilencer.com\/fr\/#\/schema\/logo\/image\/","url":"https:\/\/www.stalonsilencer.com\/wp-content\/uploads\/2025\/09\/Logo-Stalon-black-1.png","contentUrl":"https:\/\/www.stalonsilencer.com\/wp-content\/uploads\/2025\/09\/Logo-Stalon-black-1.png","width":223,"height":85,"caption":"Stalon Silencers"},"image":{"@id":"https:\/\/www.stalonsilencer.com\/fr\/#\/schema\/logo\/image\/"},"sameAs":["https:\/\/www.facebook.com\/Stalonsweden\/?locale=sv_SE","https:\/\/www.instagram.com\/stalonofficial\/"]}]}},"_links":{"self":[{"href":"https:\/\/www.stalonsilencer.com\/fr\/wp-json\/wp\/v2\/product\/4879","targetHints":{"allow":["GET"]}}],"collection":[{"href":"https:\/\/www.stalonsilencer.com\/fr\/wp-json\/wp\/v2\/product"}],"about":[{"href":"https:\/\/www.stalonsilencer.com\/fr\/wp-json\/wp\/v2\/types\/product"}],"replies":[{"embeddable":true,"href":"https:\/\/www.stalonsilencer.com\/fr\/wp-json\/wp\/v2\/comments?post=4879"}],"wp:featuredmedia":[{"embeddable":true,"href":"https:\/\/www.stalonsilencer.com\/fr\/wp-json\/wp\/v2\/media\/151"}],"wp:attachment":[{"href":"https:\/\/www.stalonsilencer.com\/fr\/wp-json\/wp\/v2\/media?parent=4879"}],"wp:term":[{"taxonomy":"product_brand","embeddable":true,"href":"https:\/\/www.stalonsilencer.com\/fr\/wp-json\/wp\/v2\/product_brand?post=4879"},{"taxonomy":"product_cat","embeddable":true,"href":"https:\/\/www.stalonsilencer.com\/fr\/wp-json\/wp\/v2\/product_cat?post=4879"},{"taxonomy":"product_tag","embeddable":true,"href":"https:\/\/www.stalonsilencer.com\/fr\/wp-json\/wp\/v2\/product_tag?post=4879"}],"curies":[{"name":"wp","href":"https:\/\/api.w.org\/{rel}","templated":true}]}}