{"id":4713,"date":"2025-10-17T07:54:34","date_gmt":"2025-10-17T07:54:34","guid":{"rendered":"https:\/\/www.stalonsilencer.com\/passion\/"},"modified":"2026-03-09T07:06:35","modified_gmt":"2026-03-09T07:06:35","slug":"passion","status":"publish","type":"page","link":"https:\/\/www.stalonsilencer.com\/fr\/passion\/","title":{"rendered":"Passion"},"content":{"rendered":"\t\t<div data-elementor-type=\"wp-page\" data-elementor-id=\"4713\" class=\"elementor elementor-4713 elementor-1417\" data-elementor-post-type=\"page\">\n\t\t\t\t<div class=\"elementor-element elementor-element-e4c1223 e-flex e-con-boxed e-con e-parent\" data-id=\"e4c1223\" data-element_type=\"container\" data-e-type=\"container\" data-settings=\"{&quot;background_background&quot;:&quot;classic&quot;}\">\n\t\t\t\t\t<div class=\"e-con-inner\">\n\t\t\t\t<div class=\"elementor-element elementor-element-796ba11 elementor-widget elementor-widget-heading\" data-id=\"796ba11\" data-element_type=\"widget\" data-e-type=\"widget\" data-widget_type=\"heading.default\">\n\t\t\t\t\t<h1 class=\"elementor-heading-title elementor-size-default\">PASSION<\/h1>\t\t\t\t<\/div>\n\t\t\t\t\t<\/div>\n\t\t\t\t<\/div>\n\t\t<div class=\"elementor-element elementor-element-e082126 e-flex e-con-boxed e-con e-parent\" data-id=\"e082126\" data-element_type=\"container\" data-e-type=\"container\">\n\t\t\t\t\t<div class=\"e-con-inner\">\n\t\t<div class=\"elementor-element elementor-element-d65aa2f e-con-full e-flex e-con e-child\" data-id=\"d65aa2f\" data-element_type=\"container\" data-e-type=\"container\">\n\t\t\t\t<div class=\"elementor-element elementor-element-1cd7797 elementor-widget elementor-widget-text-editor\" data-id=\"1cd7797\" data-element_type=\"widget\" data-e-type=\"widget\" data-widget_type=\"text-editor.default\">\n\t\t\t\t\t\t\t\t\t<div class=\"eee\"><div class=\"w-layout-blockcontainer container w-container\"><h2 class=\"paragraph-black ingress\">STALON.<\/h2><div class=\"paragraph-black ingress\">Au c\u0153ur des hauts plateaux du nord de la Su\u00e8de, nous fabriquons des mod\u00e9rateurs de son depuis 2007. Dans un endroit que beaucoup jugent impossible, o\u00f9 l\u2019on vit d\u2019une certaine mani\u00e8re, nous avons rendu cela possible. Dans un lieu o\u00f9 presque personne ne vit, nous avons cr\u00e9\u00e9 notre plus grand succ\u00e8s.  <\/div><\/div><\/div><div class=\"gold-line\"> <\/div><div class=\"eee\"><div class=\"w-layout-blockcontainer container w-container\"><h2 class=\"h3-product\">LA CHASSE DANS LE SANG<\/h2><div class=\"paragraph-black\">Nous devons tout ce que nous avons accompli \u00e0 ce petit village. Ici, nous sommes n\u00e9s avec la passion de la chasse dans le sang \u2014 et si ce n\u2019\u00e9tait pas le cas, nous l\u2019avons d\u00e9velopp\u00e9e au contact de la mentalit\u00e9 qui domine ici. La chasse et toutes les formes de vie au grand air font partie de notre mani\u00e8re de vivre \u2014 c\u2019est notre quotidien. C\u2019est aussi \u00e9vident que l\u2019air que nous respirons.<br>\u200d<br>La passion de la chasse, associ\u00e9e \u00e0 un grand int\u00e9r\u00eat pour la technologie, constitue le socle principal de nos mod\u00e9rateurs de son avanc\u00e9s. Nous sommes des chasseurs qui savent ce que veulent les chasseurs. Chacun d\u2019entre nous a apport\u00e9 ses propres exp\u00e9riences, ses connaissances et ses aventures, et ensemble nous avons d\u00e9velopp\u00e9 ce qu\u2019un chasseur attend d\u2019un produit de haute qualit\u00e9. Nous nous sommes r\u00e9unis, avons identifi\u00e9 ce qui nous manquait et cr\u00e9\u00e9 des produits qui correspondent aux chasseurs partageant notre philosophie et nos valeurs. Nous avons cr\u00e9\u00e9 quelque chose pour le chasseur qui sait quelles caract\u00e9ristiques doit avoir un bon produit et qui comprend pourquoi ces attributs sont importants.       <\/div><\/div><\/div>\t\t\t\t\t\t\t\t<\/div>\n\t\t\t\t<\/div>\n\t\t\t\t\t<\/div>\n\t\t\t\t<\/div>\n\t\t<div class=\"elementor-element elementor-element-dba3d16 e-flex e-con-boxed e-con e-parent\" data-id=\"dba3d16\" data-element_type=\"container\" data-e-type=\"container\">\n\t\t\t\t\t<div class=\"e-con-inner\">\n\t\t\t\t<div class=\"elementor-element elementor-element-c679034 elementor-widget elementor-widget-video\" data-id=\"c679034\" data-element_type=\"widget\" data-e-type=\"widget\" data-settings=\"{&quot;youtube_url&quot;:&quot;https:\\\/\\\/www.youtube.com\\\/watch?v=rRxKQSfqYWE&quot;,&quot;video_type&quot;:&quot;youtube&quot;,&quot;controls&quot;:&quot;yes&quot;}\" data-widget_type=\"video.default\">\n\t\t\t\t\t\t\t<div class=\"elementor-wrapper elementor-open-inline\">\n\t\t\t<div class=\"elementor-video\"><\/div>\t\t<\/div>\n\t\t\t\t\t\t<\/div>\n\t\t\t\t\t<\/div>\n\t\t\t\t<\/div>\n\t\t<div class=\"elementor-element elementor-element-f602725 e-flex e-con-boxed e-con e-parent\" data-id=\"f602725\" data-element_type=\"container\" data-e-type=\"container\">\n\t\t\t\t\t<div class=\"e-con-inner\">\n\t\t<div class=\"elementor-element elementor-element-a7f9938 e-con-full e-flex e-con e-child\" data-id=\"a7f9938\" data-element_type=\"container\" data-e-type=\"container\">\n\t\t\t\t<div class=\"elementor-element elementor-element-4ac7963 elementor-widget elementor-widget-text-editor\" data-id=\"4ac7963\" data-element_type=\"widget\" data-e-type=\"widget\" data-widget_type=\"text-editor.default\">\n\t\t\t\t\t\t\t\t\t<div class=\"eee\"><div class=\"w-layout-blockcontainer container w-container\"><h2 class=\"h3-product\">SIMPLE, MAIS R\u00c9FL\u00c9CHI<\/h2><div class=\"spacer\"> <\/div><div class=\"paragraph-black left\">Nous sommes des chasseurs qui partageons le m\u00eame engagement. Nous sommes des habitants du Norrland qui appr\u00e9cient la simplicit\u00e9. Notre vision de la chasse a \u00e9t\u00e9 d\u00e9clin\u00e9e dans les moindres d\u00e9tails dans nos mod\u00e9rateurs de son. Nous avons associ\u00e9 un design de haute technologie \u00e0 une approche minimaliste, avec peu de compromis.   <br><br>Tout cela afin de d\u00e9velopper des produits qui offrent des performances dans toutes les situations possibles. Ce lieu l\u2019a rendu possible. Chaque produit a \u00e9t\u00e9 test\u00e9 en qualit\u00e9 dans les conditions les plus extr\u00eames que nous connaissons dans le nord de la Su\u00e8de.<br>\u200d<br>Toutes nos exp\u00e9riences se rassemblent en un vaste savoir que nous estimons par-dessus tout. La connaissance est l\u2019ingr\u00e9dient le plus important de la qualit\u00e9 et, avec un peu d\u2019enthousiasme, nous pouvons la partager avec les autres. Nous voulons partager. Le v\u00e9ritable savoir est la cl\u00e9 qui d\u00e9verrouille des portes, ouvre de nouveaux horizons et met en perspective les exigences des produits de haute qualit\u00e9.     <\/div><div class=\"spacer hero\"> <\/div><h2 class=\"h3-product\">LA NATURE, PARTENAIRE LE PLUS IMPORTANT<\/h2><div class=\"spacer\"> <\/div><div class=\"paragraph-black left\">Aussi \u00e9vidents que l\u2019air que nous respirons, nos environs le sont. Dans notre mani\u00e8re de vivre, la nature est ce que nous avons de plus important, et la libert\u00e9 est ce qui rend possible de vivre pleinement. Les sensations, la culture et le mode de vie que nous appr\u00e9cions existent gr\u00e2ce \u00e0 l\u2019environnement qui nous entoure. C\u2019est pourquoi nous prenons soin de la nature, et cela impr\u00e8gne tout ce que nous faisons.<br>\u200d<br>Chaque produit que nous d\u00e9veloppons est conforme \u00e0 nos valeurs. Notre passion pour ce lieu, la chasse, la connaissance et la technique, ainsi que la volont\u00e9 d\u2019\u00eatre toujours meilleurs, se m\u00ealent dans notre pot-pourri. Cela puise dans ce qu\u2019est Stalon \u2014 dans qui nous sommes. Nous ne sommes pas seulement des chasseurs : nous sommes des chasseurs d\u00e9vou\u00e9s, concentr\u00e9s sur ce que nous consid\u00e9rons comme imbattable.      <\/div><\/div><\/div>\t\t\t\t\t\t\t\t<\/div>\n\t\t\t\t<\/div>\n\t\t\t\t\t<\/div>\n\t\t\t\t<\/div>\n\t\t\t\t<\/div>\n\t\t","protected":false},"excerpt":{"rendered":"<p>PASSION STALON. Au c\u0153ur des hauts plateaux du nord de la Su\u00e8de, nous fabriquons des mod\u00e9rateurs de son depuis 2007. Dans un endroit que beaucoup jugent impossible, o\u00f9 l\u2019on vit d\u2019une certaine mani\u00e8re, nous avons rendu cela possible. Dans un lieu o\u00f9 presque personne ne vit, nous avons cr\u00e9\u00e9 notre plus grand succ\u00e8s. LA CHASSE [&hellip;]<\/p>\n","protected":false},"author":1,"featured_media":4714,"parent":0,"menu_order":0,"comment_status":"closed","ping_status":"closed","template":"","meta":{"_acf_changed":false,"footnotes":""},"class_list":["post-4713","page","type-page","status-publish","has-post-thumbnail","hentry"],"acf":[],"yoast_head":"<!-- This site is optimized with the Yoast SEO plugin v27.0 - https:\/\/yoast.com\/product\/yoast-seo-wordpress\/ -->\n<title>Passion - Stalon Silencers<\/title>\n<meta name=\"robots\" content=\"index, follow, max-snippet:-1, max-image-preview:large, max-video-preview:-1\" \/>\n<link rel=\"canonical\" href=\"https:\/\/www.stalonsilencer.com\/fr\/passion\/\" \/>\n<meta property=\"og:locale\" content=\"fr_FR\" \/>\n<meta property=\"og:type\" content=\"article\" \/>\n<meta property=\"og:title\" content=\"Passion - Stalon Silencers\" \/>\n<meta property=\"og:description\" content=\"PASSION STALON. Au c\u0153ur des hauts plateaux du nord de la Su\u00e8de, nous fabriquons des mod\u00e9rateurs de son depuis 2007. Dans un endroit que beaucoup jugent impossible, o\u00f9 l\u2019on vit d\u2019une certaine mani\u00e8re, nous avons rendu cela possible. Dans un lieu o\u00f9 presque personne ne vit, nous avons cr\u00e9\u00e9 notre plus grand succ\u00e8s. LA CHASSE [&hellip;]\" \/>\n<meta property=\"og:url\" content=\"https:\/\/www.stalonsilencer.com\/fr\/passion\/\" \/>\n<meta property=\"og:site_name\" content=\"Stalon Silencers\" \/>\n<meta property=\"article:publisher\" content=\"https:\/\/www.facebook.com\/Stalonsweden\/?locale=sv_SE\" \/>\n<meta property=\"article:modified_time\" content=\"2026-03-09T07:06:35+00:00\" \/>\n<meta property=\"og:image\" content=\"https:\/\/www.stalonsilencer.com\/wp-content\/uploads\/2026\/02\/Stalon_Silencer_passion.jpg\" \/>\n\t<meta property=\"og:image:width\" content=\"1500\" \/>\n\t<meta property=\"og:image:height\" content=\"1000\" \/>\n\t<meta property=\"og:image:type\" content=\"image\/jpeg\" \/>\n<meta name=\"twitter:card\" content=\"summary_large_image\" \/>\n<meta name=\"twitter:label1\" content=\"Dur\u00e9e de lecture estim\u00e9e\" \/>\n\t<meta name=\"twitter:data1\" content=\"3 minute\" \/>\n<script type=\"application\/ld+json\" class=\"yoast-schema-graph\">{\"@context\":\"https:\/\/schema.org\",\"@graph\":[{\"@type\":\"WebPage\",\"@id\":\"https:\/\/www.stalonsilencer.com\/fr\/passion\/\",\"url\":\"https:\/\/www.stalonsilencer.com\/fr\/passion\/\",\"name\":\"Passion - Stalon Silencers\",\"isPartOf\":{\"@id\":\"https:\/\/www.stalonsilencer.com\/fr\/#website\"},\"primaryImageOfPage\":{\"@id\":\"https:\/\/www.stalonsilencer.com\/fr\/passion\/#primaryimage\"},\"image\":{\"@id\":\"https:\/\/www.stalonsilencer.com\/fr\/passion\/#primaryimage\"},\"thumbnailUrl\":\"https:\/\/www.stalonsilencer.com\/wp-content\/uploads\/2026\/02\/Stalon_Silencer_passion.jpg\",\"datePublished\":\"2025-10-17T07:54:34+00:00\",\"dateModified\":\"2026-03-09T07:06:35+00:00\",\"breadcrumb\":{\"@id\":\"https:\/\/www.stalonsilencer.com\/fr\/passion\/#breadcrumb\"},\"inLanguage\":\"fr-FR\",\"potentialAction\":[{\"@type\":\"ReadAction\",\"target\":[\"https:\/\/www.stalonsilencer.com\/fr\/passion\/\"]}]},{\"@type\":\"ImageObject\",\"inLanguage\":\"fr-FR\",\"@id\":\"https:\/\/www.stalonsilencer.com\/fr\/passion\/#primaryimage\",\"url\":\"https:\/\/www.stalonsilencer.com\/wp-content\/uploads\/2026\/02\/Stalon_Silencer_passion.jpg\",\"contentUrl\":\"https:\/\/www.stalonsilencer.com\/wp-content\/uploads\/2026\/02\/Stalon_Silencer_passion.jpg\",\"width\":1500,\"height\":1000},{\"@type\":\"BreadcrumbList\",\"@id\":\"https:\/\/www.stalonsilencer.com\/fr\/passion\/#breadcrumb\",\"itemListElement\":[{\"@type\":\"ListItem\",\"position\":1,\"name\":\"Home\",\"item\":\"https:\/\/www.stalonsilencer.com\/fr\/accueil\/\"},{\"@type\":\"ListItem\",\"position\":2,\"name\":\"Passion\"}]},{\"@type\":\"WebSite\",\"@id\":\"https:\/\/www.stalonsilencer.com\/fr\/#website\",\"url\":\"https:\/\/www.stalonsilencer.com\/fr\/\",\"name\":\"Stalon Silencers\",\"description\":\"DEVELOPED FOR HUNTERS &amp; HUNTING\",\"publisher\":{\"@id\":\"https:\/\/www.stalonsilencer.com\/fr\/#organization\"},\"alternateName\":\"Stalon\",\"potentialAction\":[{\"@type\":\"SearchAction\",\"target\":{\"@type\":\"EntryPoint\",\"urlTemplate\":\"https:\/\/www.stalonsilencer.com\/fr\/?s={search_term_string}\"},\"query-input\":{\"@type\":\"PropertyValueSpecification\",\"valueRequired\":true,\"valueName\":\"search_term_string\"}}],\"inLanguage\":\"fr-FR\"},{\"@type\":\"Organization\",\"@id\":\"https:\/\/www.stalonsilencer.com\/fr\/#organization\",\"name\":\"Stalon Silencers\",\"url\":\"https:\/\/www.stalonsilencer.com\/fr\/\",\"logo\":{\"@type\":\"ImageObject\",\"inLanguage\":\"fr-FR\",\"@id\":\"https:\/\/www.stalonsilencer.com\/fr\/#\/schema\/logo\/image\/\",\"url\":\"https:\/\/www.stalonsilencer.com\/wp-content\/uploads\/2025\/09\/Logo-Stalon-black-1.png\",\"contentUrl\":\"https:\/\/www.stalonsilencer.com\/wp-content\/uploads\/2025\/09\/Logo-Stalon-black-1.png\",\"width\":223,\"height\":85,\"caption\":\"Stalon Silencers\"},\"image\":{\"@id\":\"https:\/\/www.stalonsilencer.com\/fr\/#\/schema\/logo\/image\/\"},\"sameAs\":[\"https:\/\/www.facebook.com\/Stalonsweden\/?locale=sv_SE\",\"https:\/\/www.instagram.com\/stalonofficial\/\"]}]}<\/script>\n<!-- \/ Yoast SEO plugin. -->","yoast_head_json":{"title":"Passion - Stalon Silencers","robots":{"index":"index","follow":"follow","max-snippet":"max-snippet:-1","max-image-preview":"max-image-preview:large","max-video-preview":"max-video-preview:-1"},"canonical":"https:\/\/www.stalonsilencer.com\/fr\/passion\/","og_locale":"fr_FR","og_type":"article","og_title":"Passion - Stalon Silencers","og_description":"PASSION STALON. Au c\u0153ur des hauts plateaux du nord de la Su\u00e8de, nous fabriquons des mod\u00e9rateurs de son depuis 2007. Dans un endroit que beaucoup jugent impossible, o\u00f9 l\u2019on vit d\u2019une certaine mani\u00e8re, nous avons rendu cela possible. Dans un lieu o\u00f9 presque personne ne vit, nous avons cr\u00e9\u00e9 notre plus grand succ\u00e8s. LA CHASSE [&hellip;]","og_url":"https:\/\/www.stalonsilencer.com\/fr\/passion\/","og_site_name":"Stalon Silencers","article_publisher":"https:\/\/www.facebook.com\/Stalonsweden\/?locale=sv_SE","article_modified_time":"2026-03-09T07:06:35+00:00","og_image":[{"width":1500,"height":1000,"url":"https:\/\/www.stalonsilencer.com\/wp-content\/uploads\/2026\/02\/Stalon_Silencer_passion.jpg","type":"image\/jpeg"}],"twitter_card":"summary_large_image","twitter_misc":{"Dur\u00e9e de lecture estim\u00e9e":"3 minute"},"schema":{"@context":"https:\/\/schema.org","@graph":[{"@type":"WebPage","@id":"https:\/\/www.stalonsilencer.com\/fr\/passion\/","url":"https:\/\/www.stalonsilencer.com\/fr\/passion\/","name":"Passion - Stalon Silencers","isPartOf":{"@id":"https:\/\/www.stalonsilencer.com\/fr\/#website"},"primaryImageOfPage":{"@id":"https:\/\/www.stalonsilencer.com\/fr\/passion\/#primaryimage"},"image":{"@id":"https:\/\/www.stalonsilencer.com\/fr\/passion\/#primaryimage"},"thumbnailUrl":"https:\/\/www.stalonsilencer.com\/wp-content\/uploads\/2026\/02\/Stalon_Silencer_passion.jpg","datePublished":"2025-10-17T07:54:34+00:00","dateModified":"2026-03-09T07:06:35+00:00","breadcrumb":{"@id":"https:\/\/www.stalonsilencer.com\/fr\/passion\/#breadcrumb"},"inLanguage":"fr-FR","potentialAction":[{"@type":"ReadAction","target":["https:\/\/www.stalonsilencer.com\/fr\/passion\/"]}]},{"@type":"ImageObject","inLanguage":"fr-FR","@id":"https:\/\/www.stalonsilencer.com\/fr\/passion\/#primaryimage","url":"https:\/\/www.stalonsilencer.com\/wp-content\/uploads\/2026\/02\/Stalon_Silencer_passion.jpg","contentUrl":"https:\/\/www.stalonsilencer.com\/wp-content\/uploads\/2026\/02\/Stalon_Silencer_passion.jpg","width":1500,"height":1000},{"@type":"BreadcrumbList","@id":"https:\/\/www.stalonsilencer.com\/fr\/passion\/#breadcrumb","itemListElement":[{"@type":"ListItem","position":1,"name":"Home","item":"https:\/\/www.stalonsilencer.com\/fr\/accueil\/"},{"@type":"ListItem","position":2,"name":"Passion"}]},{"@type":"WebSite","@id":"https:\/\/www.stalonsilencer.com\/fr\/#website","url":"https:\/\/www.stalonsilencer.com\/fr\/","name":"Stalon Silencers","description":"DEVELOPED FOR HUNTERS &amp; HUNTING","publisher":{"@id":"https:\/\/www.stalonsilencer.com\/fr\/#organization"},"alternateName":"Stalon","potentialAction":[{"@type":"SearchAction","target":{"@type":"EntryPoint","urlTemplate":"https:\/\/www.stalonsilencer.com\/fr\/?s={search_term_string}"},"query-input":{"@type":"PropertyValueSpecification","valueRequired":true,"valueName":"search_term_string"}}],"inLanguage":"fr-FR"},{"@type":"Organization","@id":"https:\/\/www.stalonsilencer.com\/fr\/#organization","name":"Stalon Silencers","url":"https:\/\/www.stalonsilencer.com\/fr\/","logo":{"@type":"ImageObject","inLanguage":"fr-FR","@id":"https:\/\/www.stalonsilencer.com\/fr\/#\/schema\/logo\/image\/","url":"https:\/\/www.stalonsilencer.com\/wp-content\/uploads\/2025\/09\/Logo-Stalon-black-1.png","contentUrl":"https:\/\/www.stalonsilencer.com\/wp-content\/uploads\/2025\/09\/Logo-Stalon-black-1.png","width":223,"height":85,"caption":"Stalon Silencers"},"image":{"@id":"https:\/\/www.stalonsilencer.com\/fr\/#\/schema\/logo\/image\/"},"sameAs":["https:\/\/www.facebook.com\/Stalonsweden\/?locale=sv_SE","https:\/\/www.instagram.com\/stalonofficial\/"]}]}},"_links":{"self":[{"href":"https:\/\/www.stalonsilencer.com\/fr\/wp-json\/wp\/v2\/pages\/4713","targetHints":{"allow":["GET"]}}],"collection":[{"href":"https:\/\/www.stalonsilencer.com\/fr\/wp-json\/wp\/v2\/pages"}],"about":[{"href":"https:\/\/www.stalonsilencer.com\/fr\/wp-json\/wp\/v2\/types\/page"}],"author":[{"embeddable":true,"href":"https:\/\/www.stalonsilencer.com\/fr\/wp-json\/wp\/v2\/users\/1"}],"replies":[{"embeddable":true,"href":"https:\/\/www.stalonsilencer.com\/fr\/wp-json\/wp\/v2\/comments?post=4713"}],"version-history":[{"count":1,"href":"https:\/\/www.stalonsilencer.com\/fr\/wp-json\/wp\/v2\/pages\/4713\/revisions"}],"predecessor-version":[{"id":4715,"href":"https:\/\/www.stalonsilencer.com\/fr\/wp-json\/wp\/v2\/pages\/4713\/revisions\/4715"}],"wp:featuredmedia":[{"embeddable":true,"href":"https:\/\/www.stalonsilencer.com\/fr\/wp-json\/wp\/v2\/media\/4714"}],"wp:attachment":[{"href":"https:\/\/www.stalonsilencer.com\/fr\/wp-json\/wp\/v2\/media?parent=4713"}],"curies":[{"name":"wp","href":"https:\/\/api.w.org\/{rel}","templated":true}]}}