{"id":4370,"date":"2025-09-18T09:09:17","date_gmt":"2025-09-18T09:09:17","guid":{"rendered":"https:\/\/www.stalonsilencer.com\/nous-contacter\/"},"modified":"2026-03-27T11:05:12","modified_gmt":"2026-03-27T11:05:12","slug":"nous-contacter","status":"publish","type":"page","link":"https:\/\/www.stalonsilencer.com\/fr\/nous-contacter\/","title":{"rendered":"Nous contacter"},"content":{"rendered":"\t\t<div data-elementor-type=\"wp-page\" data-elementor-id=\"4370\" class=\"elementor elementor-4370 elementor-485\" data-elementor-post-type=\"page\">\n\t\t\t\t<div class=\"elementor-element elementor-element-e4c1223 e-flex e-con-boxed e-con e-parent\" data-id=\"e4c1223\" data-element_type=\"container\" data-e-type=\"container\" data-settings=\"{&quot;background_background&quot;:&quot;classic&quot;}\">\n\t\t\t\t\t<div class=\"e-con-inner\">\n\t\t\t\t<div class=\"elementor-element elementor-element-796ba11 elementor-widget elementor-widget-heading\" data-id=\"796ba11\" data-element_type=\"widget\" data-e-type=\"widget\" data-widget_type=\"heading.default\">\n\t\t\t\t\t<h1 class=\"elementor-heading-title elementor-size-default\">NOUS CONTACTER<\/h1>\t\t\t\t<\/div>\n\t\t\t\t<div class=\"elementor-element elementor-element-88f179f elementor-widget elementor-widget-text-editor\" data-id=\"88f179f\" data-element_type=\"widget\" data-e-type=\"widget\" data-widget_type=\"text-editor.default\">\n\t\t\t\t\t\t\t\t\t<p>Nous sommes toujours l\u00e0 pour vous aider. Que vous ayez des questions sur nos silencieux, que vous ayez besoin d&rsquo;assistance avec votre produit, ou que vous souhaitiez simplement en savoir plus sur Stalon, notre \u00e9quipe est pr\u00eate \u00e0 vous assister. <br><br>Contactez-nous directement et nous veillerons \u00e0 ce que vous obteniez les r\u00e9ponses et les conseils dont vous avez besoin. Des chasseurs qui parlent \u00e0 des chasseurs \u2013 c&rsquo;est ainsi que nous construisons la confiance et des relations durables. <\/p>\t\t\t\t\t\t\t\t<\/div>\n\t\t\t\t\t<\/div>\n\t\t\t\t<\/div>\n\t\t<div class=\"elementor-element elementor-element-e082126 e-flex e-con-boxed e-con e-parent\" data-id=\"e082126\" data-element_type=\"container\" data-e-type=\"container\">\n\t\t\t\t\t<div class=\"e-con-inner\">\n\t\t<div class=\"elementor-element elementor-element-4aaaf6a e-con-full e-flex e-con e-child\" data-id=\"4aaaf6a\" data-element_type=\"container\" data-e-type=\"container\">\n\t\t\t\t<div class=\"elementor-element elementor-element-c65e60c elementor-widget elementor-widget-text-editor\" data-id=\"c65e60c\" data-element_type=\"widget\" data-e-type=\"widget\" data-widget_type=\"text-editor.default\">\n\t\t\t\t\t\t\t\t\t<p><strong>COORDONN\u00c9ES <\/strong><br><a href=\"tel:+4694050035\">+46(0)940 \u2013 500 35 <\/a><br>info@stalonsilencer.com<\/p>\t\t\t\t\t\t\t\t<\/div>\n\t\t\t\t<\/div>\n\t\t<div class=\"elementor-element elementor-element-d65aa2f e-con-full e-flex e-con e-child\" data-id=\"d65aa2f\" data-element_type=\"container\" data-e-type=\"container\">\n\t\t\t\t<div class=\"elementor-element elementor-element-1cd7797 elementor-widget elementor-widget-text-editor\" data-id=\"1cd7797\" data-element_type=\"widget\" data-e-type=\"widget\" data-widget_type=\"text-editor.default\">\n\t\t\t\t\t\t\t\t\t<p><strong>ADRESSE <\/strong><br>Stalon 104 912 97<br>Malgomaj  Coordonn\u00e9es :<br>64.94222297164791, 15.88926812967001<\/p>\t\t\t\t\t\t\t\t<\/div>\n\t\t\t\t<\/div>\n\t\t\t\t\t<\/div>\n\t\t\t\t<\/div>\n\t\t<div class=\"elementor-element elementor-element-dba3d16 e-flex e-con-boxed e-con e-parent\" data-id=\"dba3d16\" data-element_type=\"container\" data-e-type=\"container\">\n\t\t\t\t\t<div class=\"e-con-inner\">\n\t\t\t\t<div class=\"elementor-element elementor-element-8f5ecef elementor-widget elementor-widget-shortcode\" data-id=\"8f5ecef\" data-element_type=\"widget\" data-e-type=\"widget\" data-widget_type=\"shortcode.default\">\n\t\t\t\t\t\t\t<div class=\"elementor-shortcode\">\n<div class=\"wpcf7 no-js\" id=\"wpcf7-f5115-o1\" lang=\"fr-FR\" dir=\"ltr\" data-wpcf7-id=\"5115\">\n<div class=\"screen-reader-response\"><p role=\"status\" aria-live=\"polite\" aria-atomic=\"true\"><\/p> <ul><\/ul><\/div>\n<form action=\"\/fr\/wp-json\/wp\/v2\/pages\/4370#wpcf7-f5115-o1\" method=\"post\" class=\"wpcf7-form init\" aria-label=\"Formulaire de contact\" novalidate=\"novalidate\" data-status=\"init\">\n<fieldset class=\"hidden-fields-container\"><input type=\"hidden\" name=\"_wpcf7\" value=\"5115\" \/><input type=\"hidden\" name=\"_wpcf7_version\" value=\"6.1.5\" \/><input type=\"hidden\" name=\"_wpcf7_locale\" value=\"fr_FR\" \/><input type=\"hidden\" name=\"_wpcf7_unit_tag\" value=\"wpcf7-f5115-o1\" \/><input type=\"hidden\" name=\"_wpcf7_container_post\" value=\"0\" \/><input type=\"hidden\" name=\"_wpcf7_posted_data_hash\" value=\"\" \/><input type=\"hidden\" name=\"_wpcf7_recaptcha_response\" value=\"\" \/>\n<\/fieldset>\n<div class=\"vh-form wpcf7-form\">\n\t<div class=\"vh-card\">\n\t\t<div class=\"vh-grid\">\n\t\t\t<p><label class=\"vh-field\"><br \/>\n<span class=\"vh-label\">Nom<\/span><br \/>\n<span class=\"wpcf7-form-control-wrap\" data-name=\"your-name\"><input size=\"40\" maxlength=\"400\" class=\"wpcf7-form-control wpcf7-text wpcf7-validates-as-required\" aria-required=\"true\" aria-invalid=\"false\" placeholder=\"\" value=\"\" type=\"text\" name=\"your-name\" \/><\/span><br \/>\n<\/label>\n\t\t\t<\/p>\n\t\t\t<p><label class=\"vh-field\"><br \/>\n<span class=\"vh-label\">Soci\u00e9t\u00e9 (facultatif)<\/span><br \/>\n<span class=\"wpcf7-form-control-wrap\" data-name=\"your-company\"><input size=\"40\" maxlength=\"400\" class=\"wpcf7-form-control wpcf7-text\" aria-invalid=\"false\" placeholder=\"\" value=\"\" type=\"text\" name=\"your-company\" \/><\/span><br \/>\n<\/label>\n\t\t\t<\/p>\n\t\t\t<p><label class=\"vh-field\"><br \/>\n<span class=\"vh-label\">E-mail<\/span><br \/>\n<span class=\"wpcf7-form-control-wrap\" data-name=\"your-email\"><input size=\"40\" maxlength=\"400\" class=\"wpcf7-form-control wpcf7-email wpcf7-validates-as-required wpcf7-text wpcf7-validates-as-email\" aria-required=\"true\" aria-invalid=\"false\" placeholder=\"\" value=\"\" type=\"email\" name=\"your-email\" \/><\/span><br \/>\n<\/label>\n\t\t\t<\/p>\n\t\t\t<p><label class=\"vh-field\"><br \/>\n<span class=\"vh-label\">Num\u00e9ro de t\u00e9l\u00e9phone<\/span><br \/>\n<span class=\"wpcf7-form-control-wrap\" data-name=\"your-phone\"><input size=\"40\" maxlength=\"400\" class=\"wpcf7-form-control wpcf7-tel wpcf7-text wpcf7-validates-as-tel\" aria-invalid=\"false\" placeholder=\"\" value=\"\" type=\"tel\" name=\"your-phone\" \/><\/span><br \/>\n<\/label>\n\t\t\t<\/p>\n\t\t\t<p><label class=\"vh-field vh-col-span\"><br \/>\n<span class=\"vh-label\">Message<\/span><br \/>\n<span class=\"wpcf7-form-control-wrap\" data-name=\"your-message\"><textarea cols=\"40\" rows=\"10\" maxlength=\"2000\" class=\"wpcf7-form-control wpcf7-textarea wpcf7-validates-as-required\" aria-required=\"true\" aria-invalid=\"false\" placeholder=\"\" name=\"your-message\"><\/textarea><\/span><br \/>\n<\/label>\n\t\t\t<\/p>\n\t\t\t<div class=\"vh-col-span vh-submit-row\">\n\t\t\t\t<p><input class=\"wpcf7-form-control wpcf7-submit has-spinner vh-btn\" type=\"submit\" value=\"Envoyer le message\" \/>\n\t\t\t\t<\/p>\n\t\t\t<\/div>\n\t\t<\/div>\n\t<\/div>\n<\/div><div class=\"wpcf7-response-output\" aria-hidden=\"true\"><\/div>\n<\/form>\n<\/div>\n<\/div>\n\t\t\t\t\t\t<\/div>\n\t\t\t\t\t<\/div>\n\t\t\t\t<\/div>\n\t\t<div class=\"elementor-element elementor-element-735b43e e-flex e-con-boxed e-con e-parent\" data-id=\"735b43e\" data-element_type=\"container\" data-e-type=\"container\" data-settings=\"{&quot;background_background&quot;:&quot;classic&quot;}\">\n\t\t\t\t\t<div class=\"e-con-inner\">\n\t\t\t\t<div class=\"elementor-element elementor-element-2b380bb elementor-widget elementor-widget-heading\" data-id=\"2b380bb\" data-element_type=\"widget\" data-e-type=\"widget\" data-widget_type=\"heading.default\">\n\t\t\t\t\t<h2 class=\"elementor-heading-title elementor-size-default\">D\u00c9COUVREZ LA<br>\u2028PR\u00c9CISION DE STALON<br>PAR VOUS-M\u00caME<\/h2>\t\t\t\t<\/div>\n\t\t\t\t<div class=\"elementor-element elementor-element-9fd74a9 elementor-mobile-align-justify elementor-align-center elementor-widget elementor-widget-button\" data-id=\"9fd74a9\" data-element_type=\"widget\" data-e-type=\"widget\" data-widget_type=\"button.default\">\n\t\t\t\t\t\t\t\t\t\t<a class=\"elementor-button elementor-button-link elementor-size-sm\" href=\"https:\/\/www.stalonsilencer.com\/fr\/trouver-un-revendeur\/\">\n\t\t\t\t\t\t<span class=\"elementor-button-content-wrapper\">\n\t\t\t\t\t\t\t\t\t<span class=\"elementor-button-text\">TROUVER UN REVENDEUR<\/span>\n\t\t\t\t\t<\/span>\n\t\t\t\t\t<\/a>\n\t\t\t\t\t\t\t\t<\/div>\n\t\t\t\t\t<\/div>\n\t\t\t\t<\/div>\n\t\t\t\t<\/div>\n\t\t","protected":false},"excerpt":{"rendered":"<p>NOUS CONTACTER Nous sommes toujours l\u00e0 pour vous aider. Que vous ayez des questions sur nos silencieux, que vous ayez besoin d&rsquo;assistance avec votre produit, ou que vous souhaitiez simplement en savoir plus sur Stalon, notre \u00e9quipe est pr\u00eate \u00e0 vous assister. Contactez-nous directement et nous veillerons \u00e0 ce que vous obteniez les r\u00e9ponses et [&hellip;]<\/p>\n","protected":false},"author":1,"featured_media":4387,"parent":0,"menu_order":0,"comment_status":"closed","ping_status":"closed","template":"elementor_header_footer","meta":{"_acf_changed":false,"footnotes":""},"class_list":["post-4370","page","type-page","status-publish","has-post-thumbnail","hentry"],"acf":[],"yoast_head":"<!-- This site is optimized with the Yoast SEO plugin v27.0 - https:\/\/yoast.com\/product\/yoast-seo-wordpress\/ -->\n<title>Contactez Stalon \u2013 Entrez en contact avec notre \u00e9quipe<\/title>\n<meta name=\"description\" content=\"Vous avez des questions sur nos silencieux, accessoires ou r\u00e9seau de revendeurs ? Contactez l&#039;\u00e9quipe Stalon d\u00e8s aujourd&#039;hui \u2014 nous sommes pr\u00eats \u00e0 vous aider avec notre assistance !\" \/>\n<meta name=\"robots\" content=\"index, follow, max-snippet:-1, max-image-preview:large, max-video-preview:-1\" \/>\n<link rel=\"canonical\" href=\"https:\/\/www.stalonsilencer.com\/fr\/nous-contacter\/\" \/>\n<meta property=\"og:locale\" content=\"fr_FR\" \/>\n<meta property=\"og:type\" content=\"article\" \/>\n<meta property=\"og:title\" content=\"Contactez Stalon \u2013 Entrez en contact avec notre \u00e9quipe\" \/>\n<meta property=\"og:description\" content=\"Vous avez des questions sur nos silencieux, accessoires ou r\u00e9seau de revendeurs ? Contactez l&#039;\u00e9quipe Stalon d\u00e8s aujourd&#039;hui \u2014 nous sommes pr\u00eats \u00e0 vous aider avec notre assistance !\" \/>\n<meta property=\"og:url\" content=\"https:\/\/www.stalonsilencer.com\/fr\/nous-contacter\/\" \/>\n<meta property=\"og:site_name\" content=\"Stalon Silencers\" \/>\n<meta property=\"article:publisher\" content=\"https:\/\/www.facebook.com\/Stalonsweden\/?locale=sv_SE\" \/>\n<meta property=\"article:modified_time\" content=\"2026-03-27T11:05:12+00:00\" \/>\n<meta property=\"og:image\" content=\"https:\/\/www.stalonsilencer.com\/wp-content\/uploads\/2026\/02\/Contact_Stalon_silencer.jpg\" \/>\n\t<meta property=\"og:image:width\" content=\"1500\" \/>\n\t<meta property=\"og:image:height\" content=\"1000\" \/>\n\t<meta property=\"og:image:type\" content=\"image\/jpeg\" \/>\n<meta name=\"twitter:card\" content=\"summary_large_image\" \/>\n<meta name=\"twitter:label1\" content=\"Dur\u00e9e de lecture estim\u00e9e\" \/>\n\t<meta name=\"twitter:data1\" content=\"1 minute\" \/>\n<script type=\"application\/ld+json\" class=\"yoast-schema-graph\">{\"@context\":\"https:\/\/schema.org\",\"@graph\":[{\"@type\":\"WebPage\",\"@id\":\"https:\/\/www.stalonsilencer.com\/fr\/nous-contacter\/\",\"url\":\"https:\/\/www.stalonsilencer.com\/fr\/nous-contacter\/\",\"name\":\"Contactez Stalon \u2013 Entrez en contact avec notre \u00e9quipe\",\"isPartOf\":{\"@id\":\"https:\/\/www.stalonsilencer.com\/fr\/#website\"},\"primaryImageOfPage\":{\"@id\":\"https:\/\/www.stalonsilencer.com\/fr\/nous-contacter\/#primaryimage\"},\"image\":{\"@id\":\"https:\/\/www.stalonsilencer.com\/fr\/nous-contacter\/#primaryimage\"},\"thumbnailUrl\":\"https:\/\/www.stalonsilencer.com\/wp-content\/uploads\/2026\/02\/Contact_Stalon_silencer.jpg\",\"datePublished\":\"2025-09-18T09:09:17+00:00\",\"dateModified\":\"2026-03-27T11:05:12+00:00\",\"description\":\"Vous avez des questions sur nos silencieux, accessoires ou r\u00e9seau de revendeurs ? Contactez l'\u00e9quipe Stalon d\u00e8s aujourd'hui \u2014 nous sommes pr\u00eats \u00e0 vous aider avec notre assistance !\",\"breadcrumb\":{\"@id\":\"https:\/\/www.stalonsilencer.com\/fr\/nous-contacter\/#breadcrumb\"},\"inLanguage\":\"fr-FR\",\"potentialAction\":[{\"@type\":\"ReadAction\",\"target\":[\"https:\/\/www.stalonsilencer.com\/fr\/nous-contacter\/\"]}]},{\"@type\":\"ImageObject\",\"inLanguage\":\"fr-FR\",\"@id\":\"https:\/\/www.stalonsilencer.com\/fr\/nous-contacter\/#primaryimage\",\"url\":\"https:\/\/www.stalonsilencer.com\/wp-content\/uploads\/2026\/02\/Contact_Stalon_silencer.jpg\",\"contentUrl\":\"https:\/\/www.stalonsilencer.com\/wp-content\/uploads\/2026\/02\/Contact_Stalon_silencer.jpg\",\"width\":1500,\"height\":1000},{\"@type\":\"BreadcrumbList\",\"@id\":\"https:\/\/www.stalonsilencer.com\/fr\/nous-contacter\/#breadcrumb\",\"itemListElement\":[{\"@type\":\"ListItem\",\"position\":1,\"name\":\"Home\",\"item\":\"https:\/\/www.stalonsilencer.com\/fr\/accueil\/\"},{\"@type\":\"ListItem\",\"position\":2,\"name\":\"Nous contacter\"}]},{\"@type\":\"WebSite\",\"@id\":\"https:\/\/www.stalonsilencer.com\/fr\/#website\",\"url\":\"https:\/\/www.stalonsilencer.com\/fr\/\",\"name\":\"Stalon Silencers\",\"description\":\"DEVELOPED FOR HUNTERS &amp; HUNTING\",\"publisher\":{\"@id\":\"https:\/\/www.stalonsilencer.com\/fr\/#organization\"},\"alternateName\":\"Stalon\",\"potentialAction\":[{\"@type\":\"SearchAction\",\"target\":{\"@type\":\"EntryPoint\",\"urlTemplate\":\"https:\/\/www.stalonsilencer.com\/fr\/?s={search_term_string}\"},\"query-input\":{\"@type\":\"PropertyValueSpecification\",\"valueRequired\":true,\"valueName\":\"search_term_string\"}}],\"inLanguage\":\"fr-FR\"},{\"@type\":\"Organization\",\"@id\":\"https:\/\/www.stalonsilencer.com\/fr\/#organization\",\"name\":\"Stalon Silencers\",\"url\":\"https:\/\/www.stalonsilencer.com\/fr\/\",\"logo\":{\"@type\":\"ImageObject\",\"inLanguage\":\"fr-FR\",\"@id\":\"https:\/\/www.stalonsilencer.com\/fr\/#\/schema\/logo\/image\/\",\"url\":\"https:\/\/www.stalonsilencer.com\/wp-content\/uploads\/2025\/09\/Logo-Stalon-black-1.png\",\"contentUrl\":\"https:\/\/www.stalonsilencer.com\/wp-content\/uploads\/2025\/09\/Logo-Stalon-black-1.png\",\"width\":223,\"height\":85,\"caption\":\"Stalon Silencers\"},\"image\":{\"@id\":\"https:\/\/www.stalonsilencer.com\/fr\/#\/schema\/logo\/image\/\"},\"sameAs\":[\"https:\/\/www.facebook.com\/Stalonsweden\/?locale=sv_SE\",\"https:\/\/www.instagram.com\/stalonofficial\/\"]}]}<\/script>\n<!-- \/ Yoast SEO plugin. -->","yoast_head_json":{"title":"Contactez Stalon \u2013 Entrez en contact avec notre \u00e9quipe","description":"Vous avez des questions sur nos silencieux, accessoires ou r\u00e9seau de revendeurs ? Contactez l'\u00e9quipe Stalon d\u00e8s aujourd'hui \u2014 nous sommes pr\u00eats \u00e0 vous aider avec notre assistance !","robots":{"index":"index","follow":"follow","max-snippet":"max-snippet:-1","max-image-preview":"max-image-preview:large","max-video-preview":"max-video-preview:-1"},"canonical":"https:\/\/www.stalonsilencer.com\/fr\/nous-contacter\/","og_locale":"fr_FR","og_type":"article","og_title":"Contactez Stalon \u2013 Entrez en contact avec notre \u00e9quipe","og_description":"Vous avez des questions sur nos silencieux, accessoires ou r\u00e9seau de revendeurs ? Contactez l'\u00e9quipe Stalon d\u00e8s aujourd'hui \u2014 nous sommes pr\u00eats \u00e0 vous aider avec notre assistance !","og_url":"https:\/\/www.stalonsilencer.com\/fr\/nous-contacter\/","og_site_name":"Stalon Silencers","article_publisher":"https:\/\/www.facebook.com\/Stalonsweden\/?locale=sv_SE","article_modified_time":"2026-03-27T11:05:12+00:00","og_image":[{"width":1500,"height":1000,"url":"https:\/\/www.stalonsilencer.com\/wp-content\/uploads\/2026\/02\/Contact_Stalon_silencer.jpg","type":"image\/jpeg"}],"twitter_card":"summary_large_image","twitter_misc":{"Dur\u00e9e de lecture estim\u00e9e":"1 minute"},"schema":{"@context":"https:\/\/schema.org","@graph":[{"@type":"WebPage","@id":"https:\/\/www.stalonsilencer.com\/fr\/nous-contacter\/","url":"https:\/\/www.stalonsilencer.com\/fr\/nous-contacter\/","name":"Contactez Stalon \u2013 Entrez en contact avec notre \u00e9quipe","isPartOf":{"@id":"https:\/\/www.stalonsilencer.com\/fr\/#website"},"primaryImageOfPage":{"@id":"https:\/\/www.stalonsilencer.com\/fr\/nous-contacter\/#primaryimage"},"image":{"@id":"https:\/\/www.stalonsilencer.com\/fr\/nous-contacter\/#primaryimage"},"thumbnailUrl":"https:\/\/www.stalonsilencer.com\/wp-content\/uploads\/2026\/02\/Contact_Stalon_silencer.jpg","datePublished":"2025-09-18T09:09:17+00:00","dateModified":"2026-03-27T11:05:12+00:00","description":"Vous avez des questions sur nos silencieux, accessoires ou r\u00e9seau de revendeurs ? Contactez l'\u00e9quipe Stalon d\u00e8s aujourd'hui \u2014 nous sommes pr\u00eats \u00e0 vous aider avec notre assistance !","breadcrumb":{"@id":"https:\/\/www.stalonsilencer.com\/fr\/nous-contacter\/#breadcrumb"},"inLanguage":"fr-FR","potentialAction":[{"@type":"ReadAction","target":["https:\/\/www.stalonsilencer.com\/fr\/nous-contacter\/"]}]},{"@type":"ImageObject","inLanguage":"fr-FR","@id":"https:\/\/www.stalonsilencer.com\/fr\/nous-contacter\/#primaryimage","url":"https:\/\/www.stalonsilencer.com\/wp-content\/uploads\/2026\/02\/Contact_Stalon_silencer.jpg","contentUrl":"https:\/\/www.stalonsilencer.com\/wp-content\/uploads\/2026\/02\/Contact_Stalon_silencer.jpg","width":1500,"height":1000},{"@type":"BreadcrumbList","@id":"https:\/\/www.stalonsilencer.com\/fr\/nous-contacter\/#breadcrumb","itemListElement":[{"@type":"ListItem","position":1,"name":"Home","item":"https:\/\/www.stalonsilencer.com\/fr\/accueil\/"},{"@type":"ListItem","position":2,"name":"Nous contacter"}]},{"@type":"WebSite","@id":"https:\/\/www.stalonsilencer.com\/fr\/#website","url":"https:\/\/www.stalonsilencer.com\/fr\/","name":"Stalon Silencers","description":"DEVELOPED FOR HUNTERS &amp; HUNTING","publisher":{"@id":"https:\/\/www.stalonsilencer.com\/fr\/#organization"},"alternateName":"Stalon","potentialAction":[{"@type":"SearchAction","target":{"@type":"EntryPoint","urlTemplate":"https:\/\/www.stalonsilencer.com\/fr\/?s={search_term_string}"},"query-input":{"@type":"PropertyValueSpecification","valueRequired":true,"valueName":"search_term_string"}}],"inLanguage":"fr-FR"},{"@type":"Organization","@id":"https:\/\/www.stalonsilencer.com\/fr\/#organization","name":"Stalon Silencers","url":"https:\/\/www.stalonsilencer.com\/fr\/","logo":{"@type":"ImageObject","inLanguage":"fr-FR","@id":"https:\/\/www.stalonsilencer.com\/fr\/#\/schema\/logo\/image\/","url":"https:\/\/www.stalonsilencer.com\/wp-content\/uploads\/2025\/09\/Logo-Stalon-black-1.png","contentUrl":"https:\/\/www.stalonsilencer.com\/wp-content\/uploads\/2025\/09\/Logo-Stalon-black-1.png","width":223,"height":85,"caption":"Stalon Silencers"},"image":{"@id":"https:\/\/www.stalonsilencer.com\/fr\/#\/schema\/logo\/image\/"},"sameAs":["https:\/\/www.facebook.com\/Stalonsweden\/?locale=sv_SE","https:\/\/www.instagram.com\/stalonofficial\/"]}]}},"_links":{"self":[{"href":"https:\/\/www.stalonsilencer.com\/fr\/wp-json\/wp\/v2\/pages\/4370","targetHints":{"allow":["GET"]}}],"collection":[{"href":"https:\/\/www.stalonsilencer.com\/fr\/wp-json\/wp\/v2\/pages"}],"about":[{"href":"https:\/\/www.stalonsilencer.com\/fr\/wp-json\/wp\/v2\/types\/page"}],"author":[{"embeddable":true,"href":"https:\/\/www.stalonsilencer.com\/fr\/wp-json\/wp\/v2\/users\/1"}],"replies":[{"embeddable":true,"href":"https:\/\/www.stalonsilencer.com\/fr\/wp-json\/wp\/v2\/comments?post=4370"}],"version-history":[{"count":5,"href":"https:\/\/www.stalonsilencer.com\/fr\/wp-json\/wp\/v2\/pages\/4370\/revisions"}],"predecessor-version":[{"id":6255,"href":"https:\/\/www.stalonsilencer.com\/fr\/wp-json\/wp\/v2\/pages\/4370\/revisions\/6255"}],"wp:featuredmedia":[{"embeddable":true,"href":"https:\/\/www.stalonsilencer.com\/fr\/wp-json\/wp\/v2\/media\/4387"}],"wp:attachment":[{"href":"https:\/\/www.stalonsilencer.com\/fr\/wp-json\/wp\/v2\/media?parent=4370"}],"curies":[{"name":"wp","href":"https:\/\/api.w.org\/{rel}","templated":true}]}}