{"id":7686,"date":"2026-02-25T07:34:52","date_gmt":"2026-02-25T07:34:52","guid":{"rendered":"https:\/\/www.stalonsilencer.com\/product\/buff-stalon-naranja\/"},"modified":"2026-02-25T07:34:52","modified_gmt":"2026-02-25T07:34:52","slug":"buff-stalon-naranja","status":"publish","type":"product","link":"https:\/\/www.stalonsilencer.com\/es\/producto\/buff-stalon-naranja\/","title":{"rendered":"Buff Stalon, naranja"},"content":{"rendered":"<p>Buff multifuncional sin costuras en naranja con el logotipo de Stalon. El accesorio perfecto para el d\u00eda a d\u00eda. Mant\u00e9n la comodidad y el estilo con un buff Stalon.  <\/p>\n","protected":false},"excerpt":{"rendered":"<p>Buff multifuncional sin costuras en naranja con el logotipo de Stalon. El accesorio perfecto para el d\u00eda a d\u00eda. Mant\u00e9n la comodidad y el estilo con un buff Stalon.  <\/p>\n","protected":false},"featured_media":2909,"comment_status":"closed","ping_status":"closed","template":"","meta":{"_acf_changed":false},"product_brand":[],"product_cat":[245],"product_tag":[],"class_list":{"0":"post-7686","1":"product","2":"type-product","3":"status-publish","4":"has-post-thumbnail","6":"product_cat-merchandising","7":"product_shipping_class-false","9":"first","10":"instock","11":"purchasable","12":"product-type-simple"},"acf":[],"yoast_head":"<!-- This site is optimized with the Yoast SEO plugin v27.5 - https:\/\/yoast.com\/product\/yoast-seo-wordpress\/ -->\n<title>Buff Stalon, naranja - Stalon Silencers<\/title>\n<meta name=\"robots\" content=\"index, follow, max-snippet:-1, max-image-preview:large, max-video-preview:-1\" \/>\n<link rel=\"canonical\" href=\"https:\/\/www.stalonsilencer.com\/es\/producto\/buff-stalon-naranja\/\" \/>\n<meta property=\"og:locale\" content=\"es_ES\" \/>\n<meta property=\"og:type\" content=\"article\" \/>\n<meta property=\"og:title\" content=\"Buff Stalon, naranja - Stalon Silencers\" \/>\n<meta property=\"og:description\" content=\"Buff multifuncional sin costuras en naranja con el logotipo de Stalon. El accesorio perfecto para el d\u00eda a d\u00eda. Mant\u00e9n la comodidad y el estilo con un buff Stalon.\" \/>\n<meta property=\"og:url\" content=\"https:\/\/www.stalonsilencer.com\/es\/producto\/buff-stalon-naranja\/\" \/>\n<meta property=\"og:site_name\" content=\"Stalon Silencers\" \/>\n<meta property=\"article:publisher\" content=\"https:\/\/www.facebook.com\/Stalonsweden\/?locale=sv_SE\" \/>\n<meta property=\"og:image\" content=\"https:\/\/www.stalonsilencer.com\/wp-content\/uploads\/2026\/02\/Buff-orange.jpg\" \/>\n\t<meta property=\"og:image:width\" content=\"1130\" \/>\n\t<meta property=\"og:image:height\" content=\"1130\" \/>\n\t<meta property=\"og:image:type\" content=\"image\/jpeg\" \/>\n<meta name=\"twitter:card\" content=\"summary_large_image\" \/>\n<script type=\"application\/ld+json\" class=\"yoast-schema-graph\">{\"@context\":\"https:\\\/\\\/schema.org\",\"@graph\":[{\"@type\":\"WebPage\",\"@id\":\"https:\\\/\\\/www.stalonsilencer.com\\\/es\\\/producto\\\/buff-stalon-naranja\\\/\",\"url\":\"https:\\\/\\\/www.stalonsilencer.com\\\/es\\\/producto\\\/buff-stalon-naranja\\\/\",\"name\":\"Buff Stalon, naranja - Stalon Silencers\",\"isPartOf\":{\"@id\":\"https:\\\/\\\/www.stalonsilencer.com\\\/es\\\/#website\"},\"primaryImageOfPage\":{\"@id\":\"https:\\\/\\\/www.stalonsilencer.com\\\/es\\\/producto\\\/buff-stalon-naranja\\\/#primaryimage\"},\"image\":{\"@id\":\"https:\\\/\\\/www.stalonsilencer.com\\\/es\\\/producto\\\/buff-stalon-naranja\\\/#primaryimage\"},\"thumbnailUrl\":\"https:\\\/\\\/www.stalonsilencer.com\\\/wp-content\\\/uploads\\\/2026\\\/02\\\/Buff-orange.jpg\",\"datePublished\":\"2026-02-25T07:34:52+00:00\",\"breadcrumb\":{\"@id\":\"https:\\\/\\\/www.stalonsilencer.com\\\/es\\\/producto\\\/buff-stalon-naranja\\\/#breadcrumb\"},\"inLanguage\":\"es\",\"potentialAction\":[{\"@type\":\"ReadAction\",\"target\":[\"https:\\\/\\\/www.stalonsilencer.com\\\/es\\\/producto\\\/buff-stalon-naranja\\\/\"]}]},{\"@type\":\"ImageObject\",\"inLanguage\":\"es\",\"@id\":\"https:\\\/\\\/www.stalonsilencer.com\\\/es\\\/producto\\\/buff-stalon-naranja\\\/#primaryimage\",\"url\":\"https:\\\/\\\/www.stalonsilencer.com\\\/wp-content\\\/uploads\\\/2026\\\/02\\\/Buff-orange.jpg\",\"contentUrl\":\"https:\\\/\\\/www.stalonsilencer.com\\\/wp-content\\\/uploads\\\/2026\\\/02\\\/Buff-orange.jpg\",\"width\":1130,\"height\":1130},{\"@type\":\"BreadcrumbList\",\"@id\":\"https:\\\/\\\/www.stalonsilencer.com\\\/es\\\/producto\\\/buff-stalon-naranja\\\/#breadcrumb\",\"itemListElement\":[{\"@type\":\"ListItem\",\"position\":1,\"name\":\"Home\",\"item\":\"https:\\\/\\\/www.stalonsilencer.com\\\/es\\\/\"},{\"@type\":\"ListItem\",\"position\":2,\"name\":\"Tienda\",\"item\":\"https:\\\/\\\/www.stalonsilencer.com\\\/es\\\/tienda\\\/\"},{\"@type\":\"ListItem\",\"position\":3,\"name\":\"Buff Stalon, naranja\"}]},{\"@type\":\"WebSite\",\"@id\":\"https:\\\/\\\/www.stalonsilencer.com\\\/es\\\/#website\",\"url\":\"https:\\\/\\\/www.stalonsilencer.com\\\/es\\\/\",\"name\":\"Stalon Silencers\",\"description\":\"DEVELOPED FOR HUNTERS &amp; HUNTING\",\"publisher\":{\"@id\":\"https:\\\/\\\/www.stalonsilencer.com\\\/es\\\/#organization\"},\"alternateName\":\"Stalon\",\"potentialAction\":[{\"@type\":\"SearchAction\",\"target\":{\"@type\":\"EntryPoint\",\"urlTemplate\":\"https:\\\/\\\/www.stalonsilencer.com\\\/es\\\/?s={search_term_string}\"},\"query-input\":{\"@type\":\"PropertyValueSpecification\",\"valueRequired\":true,\"valueName\":\"search_term_string\"}}],\"inLanguage\":\"es\"},{\"@type\":\"Organization\",\"@id\":\"https:\\\/\\\/www.stalonsilencer.com\\\/es\\\/#organization\",\"name\":\"Stalon Silencers\",\"url\":\"https:\\\/\\\/www.stalonsilencer.com\\\/es\\\/\",\"logo\":{\"@type\":\"ImageObject\",\"inLanguage\":\"es\",\"@id\":\"https:\\\/\\\/www.stalonsilencer.com\\\/es\\\/#\\\/schema\\\/logo\\\/image\\\/\",\"url\":\"https:\\\/\\\/www.stalonsilencer.com\\\/wp-content\\\/uploads\\\/2025\\\/09\\\/Logo-Stalon-black-1.png\",\"contentUrl\":\"https:\\\/\\\/www.stalonsilencer.com\\\/wp-content\\\/uploads\\\/2025\\\/09\\\/Logo-Stalon-black-1.png\",\"width\":223,\"height\":85,\"caption\":\"Stalon Silencers\"},\"image\":{\"@id\":\"https:\\\/\\\/www.stalonsilencer.com\\\/es\\\/#\\\/schema\\\/logo\\\/image\\\/\"},\"sameAs\":[\"https:\\\/\\\/www.facebook.com\\\/Stalonsweden\\\/?locale=sv_SE\",\"https:\\\/\\\/www.instagram.com\\\/stalonofficial\\\/\"]}]}<\/script>\n<!-- \/ Yoast SEO plugin. -->","yoast_head_json":{"title":"Buff Stalon, naranja - Stalon Silencers","robots":{"index":"index","follow":"follow","max-snippet":"max-snippet:-1","max-image-preview":"max-image-preview:large","max-video-preview":"max-video-preview:-1"},"canonical":"https:\/\/www.stalonsilencer.com\/es\/producto\/buff-stalon-naranja\/","og_locale":"es_ES","og_type":"article","og_title":"Buff Stalon, naranja - Stalon Silencers","og_description":"Buff multifuncional sin costuras en naranja con el logotipo de Stalon. El accesorio perfecto para el d\u00eda a d\u00eda. Mant\u00e9n la comodidad y el estilo con un buff Stalon.","og_url":"https:\/\/www.stalonsilencer.com\/es\/producto\/buff-stalon-naranja\/","og_site_name":"Stalon Silencers","article_publisher":"https:\/\/www.facebook.com\/Stalonsweden\/?locale=sv_SE","og_image":[{"width":1130,"height":1130,"url":"https:\/\/www.stalonsilencer.com\/wp-content\/uploads\/2026\/02\/Buff-orange.jpg","type":"image\/jpeg"}],"twitter_card":"summary_large_image","schema":{"@context":"https:\/\/schema.org","@graph":[{"@type":"WebPage","@id":"https:\/\/www.stalonsilencer.com\/es\/producto\/buff-stalon-naranja\/","url":"https:\/\/www.stalonsilencer.com\/es\/producto\/buff-stalon-naranja\/","name":"Buff Stalon, naranja - Stalon Silencers","isPartOf":{"@id":"https:\/\/www.stalonsilencer.com\/es\/#website"},"primaryImageOfPage":{"@id":"https:\/\/www.stalonsilencer.com\/es\/producto\/buff-stalon-naranja\/#primaryimage"},"image":{"@id":"https:\/\/www.stalonsilencer.com\/es\/producto\/buff-stalon-naranja\/#primaryimage"},"thumbnailUrl":"https:\/\/www.stalonsilencer.com\/wp-content\/uploads\/2026\/02\/Buff-orange.jpg","datePublished":"2026-02-25T07:34:52+00:00","breadcrumb":{"@id":"https:\/\/www.stalonsilencer.com\/es\/producto\/buff-stalon-naranja\/#breadcrumb"},"inLanguage":"es","potentialAction":[{"@type":"ReadAction","target":["https:\/\/www.stalonsilencer.com\/es\/producto\/buff-stalon-naranja\/"]}]},{"@type":"ImageObject","inLanguage":"es","@id":"https:\/\/www.stalonsilencer.com\/es\/producto\/buff-stalon-naranja\/#primaryimage","url":"https:\/\/www.stalonsilencer.com\/wp-content\/uploads\/2026\/02\/Buff-orange.jpg","contentUrl":"https:\/\/www.stalonsilencer.com\/wp-content\/uploads\/2026\/02\/Buff-orange.jpg","width":1130,"height":1130},{"@type":"BreadcrumbList","@id":"https:\/\/www.stalonsilencer.com\/es\/producto\/buff-stalon-naranja\/#breadcrumb","itemListElement":[{"@type":"ListItem","position":1,"name":"Home","item":"https:\/\/www.stalonsilencer.com\/es\/"},{"@type":"ListItem","position":2,"name":"Tienda","item":"https:\/\/www.stalonsilencer.com\/es\/tienda\/"},{"@type":"ListItem","position":3,"name":"Buff Stalon, naranja"}]},{"@type":"WebSite","@id":"https:\/\/www.stalonsilencer.com\/es\/#website","url":"https:\/\/www.stalonsilencer.com\/es\/","name":"Stalon Silencers","description":"DEVELOPED FOR HUNTERS &amp; HUNTING","publisher":{"@id":"https:\/\/www.stalonsilencer.com\/es\/#organization"},"alternateName":"Stalon","potentialAction":[{"@type":"SearchAction","target":{"@type":"EntryPoint","urlTemplate":"https:\/\/www.stalonsilencer.com\/es\/?s={search_term_string}"},"query-input":{"@type":"PropertyValueSpecification","valueRequired":true,"valueName":"search_term_string"}}],"inLanguage":"es"},{"@type":"Organization","@id":"https:\/\/www.stalonsilencer.com\/es\/#organization","name":"Stalon Silencers","url":"https:\/\/www.stalonsilencer.com\/es\/","logo":{"@type":"ImageObject","inLanguage":"es","@id":"https:\/\/www.stalonsilencer.com\/es\/#\/schema\/logo\/image\/","url":"https:\/\/www.stalonsilencer.com\/wp-content\/uploads\/2025\/09\/Logo-Stalon-black-1.png","contentUrl":"https:\/\/www.stalonsilencer.com\/wp-content\/uploads\/2025\/09\/Logo-Stalon-black-1.png","width":223,"height":85,"caption":"Stalon Silencers"},"image":{"@id":"https:\/\/www.stalonsilencer.com\/es\/#\/schema\/logo\/image\/"},"sameAs":["https:\/\/www.facebook.com\/Stalonsweden\/?locale=sv_SE","https:\/\/www.instagram.com\/stalonofficial\/"]}]}},"_links":{"self":[{"href":"https:\/\/www.stalonsilencer.com\/es\/wp-json\/wp\/v2\/product\/7686","targetHints":{"allow":["GET"]}}],"collection":[{"href":"https:\/\/www.stalonsilencer.com\/es\/wp-json\/wp\/v2\/product"}],"about":[{"href":"https:\/\/www.stalonsilencer.com\/es\/wp-json\/wp\/v2\/types\/product"}],"replies":[{"embeddable":true,"href":"https:\/\/www.stalonsilencer.com\/es\/wp-json\/wp\/v2\/comments?post=7686"}],"wp:featuredmedia":[{"embeddable":true,"href":"https:\/\/www.stalonsilencer.com\/es\/wp-json\/wp\/v2\/media\/2909"}],"wp:attachment":[{"href":"https:\/\/www.stalonsilencer.com\/es\/wp-json\/wp\/v2\/media?parent=7686"}],"wp:term":[{"taxonomy":"product_brand","embeddable":true,"href":"https:\/\/www.stalonsilencer.com\/es\/wp-json\/wp\/v2\/product_brand?post=7686"},{"taxonomy":"product_cat","embeddable":true,"href":"https:\/\/www.stalonsilencer.com\/es\/wp-json\/wp\/v2\/product_cat?post=7686"},{"taxonomy":"product_tag","embeddable":true,"href":"https:\/\/www.stalonsilencer.com\/es\/wp-json\/wp\/v2\/product_tag?post=7686"}],"curies":[{"name":"wp","href":"https:\/\/api.w.org\/{rel}","templated":true}]}}