{"id":7392,"date":"2025-09-12T08:11:33","date_gmt":"2025-09-12T08:11:33","guid":{"rendered":"https:\/\/www.stalonsilencer.com\/product\/silenciador-stalon-xs149\/"},"modified":"2025-09-12T08:11:33","modified_gmt":"2025-09-12T08:11:33","slug":"silenciador-stalon-xs149","status":"publish","type":"product","link":"https:\/\/www.stalonsilencer.com\/es\/producto\/silenciador-stalon-xs149\/","title":{"rendered":"Silenciador Stalon XS149"},"content":{"rendered":"<p>Stalon XS149 es un silenciador peque\u00f1o, perfecto para rececho. El modelo tiene la parte trasera corta y telesc\u00f3pica que se extiende hacia atr\u00e1s sobre el ca\u00f1\u00f3n, combinada con la parte delantera m\u00e1s larga, Front 149. Es compacto, eficiente y se recomienda al cazador que quiere un silenciador suave que reduzca el ruido un poco mejor. El XS149 puede usarse desde el calibre .222 hasta el .45, pero est\u00e1 optimizado para calibres m\u00e1s peque\u00f1os.   <\/p>\n<h2>Ventajas clave:<\/h2>\n<p>\u2013 Opci\u00f3n ideal de .22 HORNET a 6,5<br \/>\n\u2013 Reducci\u00f3n extrema del sonido y del retroceso<br \/>\n\u2013 Excelente para rececho<\/p>\n","protected":false},"excerpt":{"rendered":"<p>Stalon XS149, optimizado para el calibre .22 HORNET a 6,5.<\/p>\n","protected":false},"featured_media":288,"comment_status":"closed","ping_status":"closed","template":"","meta":{"_acf_changed":false},"product_brand":[],"product_cat":[250],"product_tag":[],"class_list":{"0":"post-7392","1":"product","2":"type-product","3":"status-publish","4":"has-post-thumbnail","6":"product_cat-serie-x","7":"product_shipping_class-true","9":"first","10":"instock","11":"purchasable","12":"product-type-simple"},"acf":[],"yoast_head":"<!-- This site is optimized with the Yoast SEO plugin v27.5 - https:\/\/yoast.com\/product\/yoast-seo-wordpress\/ -->\n<title>Stalon XS149 \u2013 Silenciador compacto ideal de .22 HORNET a 6,5<\/title>\n<meta name=\"description\" content=\"Descubre el Stalon XS149: dise\u00f1o telesc\u00f3pico, optimizado para calibres peque\u00f1os (.223\u2011.308W), reducci\u00f3n de ruido de \u00ad30,5\u202fdBc, 149\u202fmm hacia delante, 352\u202fg\" \/>\n<meta name=\"robots\" content=\"index, follow, max-snippet:-1, max-image-preview:large, max-video-preview:-1\" \/>\n<link rel=\"canonical\" href=\"https:\/\/www.stalonsilencer.com\/es\/producto\/silenciador-stalon-xs149\/\" \/>\n<meta property=\"og:locale\" content=\"es_ES\" \/>\n<meta property=\"og:type\" content=\"article\" \/>\n<meta property=\"og:title\" content=\"Stalon XS149 \u2013 Silenciador compacto ideal de .22 HORNET a 6,5\" \/>\n<meta property=\"og:description\" content=\"Descubre el Stalon XS149: dise\u00f1o telesc\u00f3pico, optimizado para calibres peque\u00f1os (.223\u2011.308W), reducci\u00f3n de ruido de \u00ad30,5\u202fdBc, 149\u202fmm hacia delante, 352\u202fg\" \/>\n<meta property=\"og:url\" content=\"https:\/\/www.stalonsilencer.com\/es\/producto\/silenciador-stalon-xs149\/\" \/>\n<meta property=\"og:site_name\" content=\"Stalon Silencers\" \/>\n<meta property=\"article:publisher\" content=\"https:\/\/www.facebook.com\/Stalonsweden\/?locale=sv_SE\" \/>\n<meta property=\"og:image\" content=\"https:\/\/www.stalonsilencer.com\/wp-content\/uploads\/2025\/09\/65e84326ae6de8b8197079f4_XS149.webp\" \/>\n\t<meta property=\"og:image:width\" content=\"1000\" \/>\n\t<meta property=\"og:image:height\" content=\"1000\" \/>\n\t<meta property=\"og:image:type\" content=\"image\/webp\" \/>\n<meta name=\"twitter:card\" content=\"summary_large_image\" \/>\n<script type=\"application\/ld+json\" class=\"yoast-schema-graph\">{\"@context\":\"https:\\\/\\\/schema.org\",\"@graph\":[{\"@type\":\"WebPage\",\"@id\":\"https:\\\/\\\/www.stalonsilencer.com\\\/es\\\/producto\\\/silenciador-stalon-xs149\\\/\",\"url\":\"https:\\\/\\\/www.stalonsilencer.com\\\/es\\\/producto\\\/silenciador-stalon-xs149\\\/\",\"name\":\"Stalon XS149 \u2013 Silenciador compacto ideal de .22 HORNET a 6,5\",\"isPartOf\":{\"@id\":\"https:\\\/\\\/www.stalonsilencer.com\\\/es\\\/#website\"},\"primaryImageOfPage\":{\"@id\":\"https:\\\/\\\/www.stalonsilencer.com\\\/es\\\/producto\\\/silenciador-stalon-xs149\\\/#primaryimage\"},\"image\":{\"@id\":\"https:\\\/\\\/www.stalonsilencer.com\\\/es\\\/producto\\\/silenciador-stalon-xs149\\\/#primaryimage\"},\"thumbnailUrl\":\"https:\\\/\\\/www.stalonsilencer.com\\\/wp-content\\\/uploads\\\/2025\\\/09\\\/65e84326ae6de8b8197079f4_XS149.webp\",\"datePublished\":\"2025-09-12T08:11:33+00:00\",\"description\":\"Descubre el Stalon XS149: dise\u00f1o telesc\u00f3pico, optimizado para calibres peque\u00f1os (.223\u2011.308W), reducci\u00f3n de ruido de \u00ad30,5\u202fdBc, 149\u202fmm hacia delante, 352\u202fg\",\"breadcrumb\":{\"@id\":\"https:\\\/\\\/www.stalonsilencer.com\\\/es\\\/producto\\\/silenciador-stalon-xs149\\\/#breadcrumb\"},\"inLanguage\":\"es\",\"potentialAction\":[{\"@type\":\"ReadAction\",\"target\":[\"https:\\\/\\\/www.stalonsilencer.com\\\/es\\\/producto\\\/silenciador-stalon-xs149\\\/\"]}]},{\"@type\":\"ImageObject\",\"inLanguage\":\"es\",\"@id\":\"https:\\\/\\\/www.stalonsilencer.com\\\/es\\\/producto\\\/silenciador-stalon-xs149\\\/#primaryimage\",\"url\":\"https:\\\/\\\/www.stalonsilencer.com\\\/wp-content\\\/uploads\\\/2025\\\/09\\\/65e84326ae6de8b8197079f4_XS149.webp\",\"contentUrl\":\"https:\\\/\\\/www.stalonsilencer.com\\\/wp-content\\\/uploads\\\/2025\\\/09\\\/65e84326ae6de8b8197079f4_XS149.webp\",\"width\":1000,\"height\":1000},{\"@type\":\"BreadcrumbList\",\"@id\":\"https:\\\/\\\/www.stalonsilencer.com\\\/es\\\/producto\\\/silenciador-stalon-xs149\\\/#breadcrumb\",\"itemListElement\":[{\"@type\":\"ListItem\",\"position\":1,\"name\":\"Home\",\"item\":\"https:\\\/\\\/www.stalonsilencer.com\\\/es\\\/\"},{\"@type\":\"ListItem\",\"position\":2,\"name\":\"Tienda\",\"item\":\"https:\\\/\\\/www.stalonsilencer.com\\\/es\\\/tienda\\\/\"},{\"@type\":\"ListItem\",\"position\":3,\"name\":\"Silenciador Stalon XS149\"}]},{\"@type\":\"WebSite\",\"@id\":\"https:\\\/\\\/www.stalonsilencer.com\\\/es\\\/#website\",\"url\":\"https:\\\/\\\/www.stalonsilencer.com\\\/es\\\/\",\"name\":\"Stalon Silencers\",\"description\":\"DEVELOPED FOR HUNTERS &amp; HUNTING\",\"publisher\":{\"@id\":\"https:\\\/\\\/www.stalonsilencer.com\\\/es\\\/#organization\"},\"alternateName\":\"Stalon\",\"potentialAction\":[{\"@type\":\"SearchAction\",\"target\":{\"@type\":\"EntryPoint\",\"urlTemplate\":\"https:\\\/\\\/www.stalonsilencer.com\\\/es\\\/?s={search_term_string}\"},\"query-input\":{\"@type\":\"PropertyValueSpecification\",\"valueRequired\":true,\"valueName\":\"search_term_string\"}}],\"inLanguage\":\"es\"},{\"@type\":\"Organization\",\"@id\":\"https:\\\/\\\/www.stalonsilencer.com\\\/es\\\/#organization\",\"name\":\"Stalon Silencers\",\"url\":\"https:\\\/\\\/www.stalonsilencer.com\\\/es\\\/\",\"logo\":{\"@type\":\"ImageObject\",\"inLanguage\":\"es\",\"@id\":\"https:\\\/\\\/www.stalonsilencer.com\\\/es\\\/#\\\/schema\\\/logo\\\/image\\\/\",\"url\":\"https:\\\/\\\/www.stalonsilencer.com\\\/wp-content\\\/uploads\\\/2025\\\/09\\\/Logo-Stalon-black-1.png\",\"contentUrl\":\"https:\\\/\\\/www.stalonsilencer.com\\\/wp-content\\\/uploads\\\/2025\\\/09\\\/Logo-Stalon-black-1.png\",\"width\":223,\"height\":85,\"caption\":\"Stalon Silencers\"},\"image\":{\"@id\":\"https:\\\/\\\/www.stalonsilencer.com\\\/es\\\/#\\\/schema\\\/logo\\\/image\\\/\"},\"sameAs\":[\"https:\\\/\\\/www.facebook.com\\\/Stalonsweden\\\/?locale=sv_SE\",\"https:\\\/\\\/www.instagram.com\\\/stalonofficial\\\/\"]}]}<\/script>\n<!-- \/ Yoast SEO plugin. -->","yoast_head_json":{"title":"Stalon XS149 \u2013 Silenciador compacto ideal de .22 HORNET a 6,5","description":"Descubre el Stalon XS149: dise\u00f1o telesc\u00f3pico, optimizado para calibres peque\u00f1os (.223\u2011.308W), reducci\u00f3n de ruido de \u00ad30,5\u202fdBc, 149\u202fmm hacia delante, 352\u202fg","robots":{"index":"index","follow":"follow","max-snippet":"max-snippet:-1","max-image-preview":"max-image-preview:large","max-video-preview":"max-video-preview:-1"},"canonical":"https:\/\/www.stalonsilencer.com\/es\/producto\/silenciador-stalon-xs149\/","og_locale":"es_ES","og_type":"article","og_title":"Stalon XS149 \u2013 Silenciador compacto ideal de .22 HORNET a 6,5","og_description":"Descubre el Stalon XS149: dise\u00f1o telesc\u00f3pico, optimizado para calibres peque\u00f1os (.223\u2011.308W), reducci\u00f3n de ruido de \u00ad30,5\u202fdBc, 149\u202fmm hacia delante, 352\u202fg","og_url":"https:\/\/www.stalonsilencer.com\/es\/producto\/silenciador-stalon-xs149\/","og_site_name":"Stalon Silencers","article_publisher":"https:\/\/www.facebook.com\/Stalonsweden\/?locale=sv_SE","og_image":[{"width":1000,"height":1000,"url":"https:\/\/www.stalonsilencer.com\/wp-content\/uploads\/2025\/09\/65e84326ae6de8b8197079f4_XS149.webp","type":"image\/webp"}],"twitter_card":"summary_large_image","schema":{"@context":"https:\/\/schema.org","@graph":[{"@type":"WebPage","@id":"https:\/\/www.stalonsilencer.com\/es\/producto\/silenciador-stalon-xs149\/","url":"https:\/\/www.stalonsilencer.com\/es\/producto\/silenciador-stalon-xs149\/","name":"Stalon XS149 \u2013 Silenciador compacto ideal de .22 HORNET a 6,5","isPartOf":{"@id":"https:\/\/www.stalonsilencer.com\/es\/#website"},"primaryImageOfPage":{"@id":"https:\/\/www.stalonsilencer.com\/es\/producto\/silenciador-stalon-xs149\/#primaryimage"},"image":{"@id":"https:\/\/www.stalonsilencer.com\/es\/producto\/silenciador-stalon-xs149\/#primaryimage"},"thumbnailUrl":"https:\/\/www.stalonsilencer.com\/wp-content\/uploads\/2025\/09\/65e84326ae6de8b8197079f4_XS149.webp","datePublished":"2025-09-12T08:11:33+00:00","description":"Descubre el Stalon XS149: dise\u00f1o telesc\u00f3pico, optimizado para calibres peque\u00f1os (.223\u2011.308W), reducci\u00f3n de ruido de \u00ad30,5\u202fdBc, 149\u202fmm hacia delante, 352\u202fg","breadcrumb":{"@id":"https:\/\/www.stalonsilencer.com\/es\/producto\/silenciador-stalon-xs149\/#breadcrumb"},"inLanguage":"es","potentialAction":[{"@type":"ReadAction","target":["https:\/\/www.stalonsilencer.com\/es\/producto\/silenciador-stalon-xs149\/"]}]},{"@type":"ImageObject","inLanguage":"es","@id":"https:\/\/www.stalonsilencer.com\/es\/producto\/silenciador-stalon-xs149\/#primaryimage","url":"https:\/\/www.stalonsilencer.com\/wp-content\/uploads\/2025\/09\/65e84326ae6de8b8197079f4_XS149.webp","contentUrl":"https:\/\/www.stalonsilencer.com\/wp-content\/uploads\/2025\/09\/65e84326ae6de8b8197079f4_XS149.webp","width":1000,"height":1000},{"@type":"BreadcrumbList","@id":"https:\/\/www.stalonsilencer.com\/es\/producto\/silenciador-stalon-xs149\/#breadcrumb","itemListElement":[{"@type":"ListItem","position":1,"name":"Home","item":"https:\/\/www.stalonsilencer.com\/es\/"},{"@type":"ListItem","position":2,"name":"Tienda","item":"https:\/\/www.stalonsilencer.com\/es\/tienda\/"},{"@type":"ListItem","position":3,"name":"Silenciador Stalon XS149"}]},{"@type":"WebSite","@id":"https:\/\/www.stalonsilencer.com\/es\/#website","url":"https:\/\/www.stalonsilencer.com\/es\/","name":"Stalon Silencers","description":"DEVELOPED FOR HUNTERS &amp; HUNTING","publisher":{"@id":"https:\/\/www.stalonsilencer.com\/es\/#organization"},"alternateName":"Stalon","potentialAction":[{"@type":"SearchAction","target":{"@type":"EntryPoint","urlTemplate":"https:\/\/www.stalonsilencer.com\/es\/?s={search_term_string}"},"query-input":{"@type":"PropertyValueSpecification","valueRequired":true,"valueName":"search_term_string"}}],"inLanguage":"es"},{"@type":"Organization","@id":"https:\/\/www.stalonsilencer.com\/es\/#organization","name":"Stalon Silencers","url":"https:\/\/www.stalonsilencer.com\/es\/","logo":{"@type":"ImageObject","inLanguage":"es","@id":"https:\/\/www.stalonsilencer.com\/es\/#\/schema\/logo\/image\/","url":"https:\/\/www.stalonsilencer.com\/wp-content\/uploads\/2025\/09\/Logo-Stalon-black-1.png","contentUrl":"https:\/\/www.stalonsilencer.com\/wp-content\/uploads\/2025\/09\/Logo-Stalon-black-1.png","width":223,"height":85,"caption":"Stalon Silencers"},"image":{"@id":"https:\/\/www.stalonsilencer.com\/es\/#\/schema\/logo\/image\/"},"sameAs":["https:\/\/www.facebook.com\/Stalonsweden\/?locale=sv_SE","https:\/\/www.instagram.com\/stalonofficial\/"]}]}},"_links":{"self":[{"href":"https:\/\/www.stalonsilencer.com\/es\/wp-json\/wp\/v2\/product\/7392","targetHints":{"allow":["GET"]}}],"collection":[{"href":"https:\/\/www.stalonsilencer.com\/es\/wp-json\/wp\/v2\/product"}],"about":[{"href":"https:\/\/www.stalonsilencer.com\/es\/wp-json\/wp\/v2\/types\/product"}],"replies":[{"embeddable":true,"href":"https:\/\/www.stalonsilencer.com\/es\/wp-json\/wp\/v2\/comments?post=7392"}],"wp:featuredmedia":[{"embeddable":true,"href":"https:\/\/www.stalonsilencer.com\/es\/wp-json\/wp\/v2\/media\/288"}],"wp:attachment":[{"href":"https:\/\/www.stalonsilencer.com\/es\/wp-json\/wp\/v2\/media?parent=7392"}],"wp:term":[{"taxonomy":"product_brand","embeddable":true,"href":"https:\/\/www.stalonsilencer.com\/es\/wp-json\/wp\/v2\/product_brand?post=7392"},{"taxonomy":"product_cat","embeddable":true,"href":"https:\/\/www.stalonsilencer.com\/es\/wp-json\/wp\/v2\/product_cat?post=7392"},{"taxonomy":"product_tag","embeddable":true,"href":"https:\/\/www.stalonsilencer.com\/es\/wp-json\/wp\/v2\/product_tag?post=7392"}],"curies":[{"name":"wp","href":"https:\/\/api.w.org\/{rel}","templated":true}]}}