{"id":7370,"date":"2025-09-12T08:11:33","date_gmt":"2025-09-12T08:11:33","guid":{"rendered":"https:\/\/www.stalonsilencer.com\/product\/silenciador-stalon-xe149\/"},"modified":"2025-09-12T08:11:33","modified_gmt":"2025-09-12T08:11:33","slug":"silenciador-stalon-xe149","status":"publish","type":"product","link":"https:\/\/www.stalonsilencer.com\/es\/producto\/silenciador-stalon-xe149\/","title":{"rendered":"Silenciador Stalon XE149"},"content":{"rendered":"<p>El Stalon XE149 es el silenciador m\u00e1s grande y eficiente que tenemos, y est\u00e1 optimizado para grandes calibres. Tambi\u00e9n es el silenciador m\u00e1s largo, pero aun as\u00ed, se extiende solo 149 mil\u00edmetros hacia adelante. La larga parte trasera telesc\u00f3pica XE se extiende hacia atr\u00e1s sobre el ca\u00f1\u00f3n y crea un equipo bien equilibrado. Es el m\u00e1s grande, pero ni de lejos el m\u00e1s grande del mercado.   <\/p>\n<h2>Ventajas principales:<\/h2>\n<p>\u2013 Optimizado para calibres magnum<br \/>\n\u2013 M\u00e1xima reducci\u00f3n de ruido y retroceso<br \/>\n\u2013 Perfecto para rececho<\/p>\n","protected":false},"excerpt":{"rendered":"<p>Stalon XE149, optimizado para calibre .243 a .45.<\/p>\n","protected":false},"featured_media":282,"comment_status":"closed","ping_status":"closed","template":"","meta":{"_acf_changed":false},"product_brand":[],"product_cat":[250],"product_tag":[],"class_list":{"0":"post-7370","1":"product","2":"type-product","3":"status-publish","4":"has-post-thumbnail","6":"product_cat-serie-x","7":"product_shipping_class-true","9":"first","10":"instock","11":"purchasable","12":"product-type-simple"},"acf":[],"yoast_head":"<!-- This site is optimized with the Yoast SEO plugin v27.5 - https:\/\/yoast.com\/product\/yoast-seo-wordpress\/ -->\n<title>Stalon XE149 \u2013 Silenciador Premium para Calibres Magnum<\/title>\n<meta name=\"description\" content=\"Descubre el Stalon XE149 \u2014 dise\u00f1ado para calibres magnum de alto rendimiento, con reducci\u00f3n de sonido avanzada y dise\u00f1o telesc\u00f3pico modular.\" \/>\n<meta name=\"robots\" content=\"index, follow, max-snippet:-1, max-image-preview:large, max-video-preview:-1\" \/>\n<link rel=\"canonical\" href=\"https:\/\/www.stalonsilencer.com\/es\/producto\/silenciador-stalon-xe149\/\" \/>\n<meta property=\"og:locale\" content=\"es_ES\" \/>\n<meta property=\"og:type\" content=\"article\" \/>\n<meta property=\"og:title\" content=\"Stalon XE149 \u2013 Silenciador Premium para Calibres Magnum\" \/>\n<meta property=\"og:description\" content=\"Descubre el Stalon XE149 \u2014 dise\u00f1ado para calibres magnum de alto rendimiento, con reducci\u00f3n de sonido avanzada y dise\u00f1o telesc\u00f3pico modular.\" \/>\n<meta property=\"og:url\" content=\"https:\/\/www.stalonsilencer.com\/es\/producto\/silenciador-stalon-xe149\/\" \/>\n<meta property=\"og:site_name\" content=\"Stalon Silencers\" \/>\n<meta property=\"article:publisher\" content=\"https:\/\/www.facebook.com\/Stalonsweden\/?locale=sv_SE\" \/>\n<meta property=\"og:image\" content=\"https:\/\/www.stalonsilencer.com\/wp-content\/uploads\/2025\/09\/65e8437fd310de6850634ba8_XE149.webp\" \/>\n\t<meta property=\"og:image:width\" content=\"1000\" \/>\n\t<meta property=\"og:image:height\" content=\"1000\" \/>\n\t<meta property=\"og:image:type\" content=\"image\/webp\" \/>\n<meta name=\"twitter:card\" content=\"summary_large_image\" \/>\n<script type=\"application\/ld+json\" class=\"yoast-schema-graph\">{\"@context\":\"https:\\\/\\\/schema.org\",\"@graph\":[{\"@type\":\"WebPage\",\"@id\":\"https:\\\/\\\/www.stalonsilencer.com\\\/es\\\/producto\\\/silenciador-stalon-xe149\\\/\",\"url\":\"https:\\\/\\\/www.stalonsilencer.com\\\/es\\\/producto\\\/silenciador-stalon-xe149\\\/\",\"name\":\"Stalon XE149 \u2013 Silenciador Premium para Calibres Magnum\",\"isPartOf\":{\"@id\":\"https:\\\/\\\/www.stalonsilencer.com\\\/es\\\/#website\"},\"primaryImageOfPage\":{\"@id\":\"https:\\\/\\\/www.stalonsilencer.com\\\/es\\\/producto\\\/silenciador-stalon-xe149\\\/#primaryimage\"},\"image\":{\"@id\":\"https:\\\/\\\/www.stalonsilencer.com\\\/es\\\/producto\\\/silenciador-stalon-xe149\\\/#primaryimage\"},\"thumbnailUrl\":\"https:\\\/\\\/www.stalonsilencer.com\\\/wp-content\\\/uploads\\\/2025\\\/09\\\/65e8437fd310de6850634ba8_XE149.webp\",\"datePublished\":\"2025-09-12T08:11:33+00:00\",\"description\":\"Descubre el Stalon XE149 \u2014 dise\u00f1ado para calibres magnum de alto rendimiento, con reducci\u00f3n de sonido avanzada y dise\u00f1o telesc\u00f3pico modular.\",\"breadcrumb\":{\"@id\":\"https:\\\/\\\/www.stalonsilencer.com\\\/es\\\/producto\\\/silenciador-stalon-xe149\\\/#breadcrumb\"},\"inLanguage\":\"es\",\"potentialAction\":[{\"@type\":\"ReadAction\",\"target\":[\"https:\\\/\\\/www.stalonsilencer.com\\\/es\\\/producto\\\/silenciador-stalon-xe149\\\/\"]}]},{\"@type\":\"ImageObject\",\"inLanguage\":\"es\",\"@id\":\"https:\\\/\\\/www.stalonsilencer.com\\\/es\\\/producto\\\/silenciador-stalon-xe149\\\/#primaryimage\",\"url\":\"https:\\\/\\\/www.stalonsilencer.com\\\/wp-content\\\/uploads\\\/2025\\\/09\\\/65e8437fd310de6850634ba8_XE149.webp\",\"contentUrl\":\"https:\\\/\\\/www.stalonsilencer.com\\\/wp-content\\\/uploads\\\/2025\\\/09\\\/65e8437fd310de6850634ba8_XE149.webp\",\"width\":1000,\"height\":1000},{\"@type\":\"BreadcrumbList\",\"@id\":\"https:\\\/\\\/www.stalonsilencer.com\\\/es\\\/producto\\\/silenciador-stalon-xe149\\\/#breadcrumb\",\"itemListElement\":[{\"@type\":\"ListItem\",\"position\":1,\"name\":\"Home\",\"item\":\"https:\\\/\\\/www.stalonsilencer.com\\\/es\\\/\"},{\"@type\":\"ListItem\",\"position\":2,\"name\":\"Tienda\",\"item\":\"https:\\\/\\\/www.stalonsilencer.com\\\/es\\\/tienda\\\/\"},{\"@type\":\"ListItem\",\"position\":3,\"name\":\"Silenciador Stalon XE149\"}]},{\"@type\":\"WebSite\",\"@id\":\"https:\\\/\\\/www.stalonsilencer.com\\\/es\\\/#website\",\"url\":\"https:\\\/\\\/www.stalonsilencer.com\\\/es\\\/\",\"name\":\"Stalon Silencers\",\"description\":\"DEVELOPED FOR HUNTERS &amp; HUNTING\",\"publisher\":{\"@id\":\"https:\\\/\\\/www.stalonsilencer.com\\\/es\\\/#organization\"},\"alternateName\":\"Stalon\",\"potentialAction\":[{\"@type\":\"SearchAction\",\"target\":{\"@type\":\"EntryPoint\",\"urlTemplate\":\"https:\\\/\\\/www.stalonsilencer.com\\\/es\\\/?s={search_term_string}\"},\"query-input\":{\"@type\":\"PropertyValueSpecification\",\"valueRequired\":true,\"valueName\":\"search_term_string\"}}],\"inLanguage\":\"es\"},{\"@type\":\"Organization\",\"@id\":\"https:\\\/\\\/www.stalonsilencer.com\\\/es\\\/#organization\",\"name\":\"Stalon Silencers\",\"url\":\"https:\\\/\\\/www.stalonsilencer.com\\\/es\\\/\",\"logo\":{\"@type\":\"ImageObject\",\"inLanguage\":\"es\",\"@id\":\"https:\\\/\\\/www.stalonsilencer.com\\\/es\\\/#\\\/schema\\\/logo\\\/image\\\/\",\"url\":\"https:\\\/\\\/www.stalonsilencer.com\\\/wp-content\\\/uploads\\\/2025\\\/09\\\/Logo-Stalon-black-1.png\",\"contentUrl\":\"https:\\\/\\\/www.stalonsilencer.com\\\/wp-content\\\/uploads\\\/2025\\\/09\\\/Logo-Stalon-black-1.png\",\"width\":223,\"height\":85,\"caption\":\"Stalon Silencers\"},\"image\":{\"@id\":\"https:\\\/\\\/www.stalonsilencer.com\\\/es\\\/#\\\/schema\\\/logo\\\/image\\\/\"},\"sameAs\":[\"https:\\\/\\\/www.facebook.com\\\/Stalonsweden\\\/?locale=sv_SE\",\"https:\\\/\\\/www.instagram.com\\\/stalonofficial\\\/\"]}]}<\/script>\n<!-- \/ Yoast SEO plugin. -->","yoast_head_json":{"title":"Stalon XE149 \u2013 Silenciador Premium para Calibres Magnum","description":"Descubre el Stalon XE149 \u2014 dise\u00f1ado para calibres magnum de alto rendimiento, con reducci\u00f3n de sonido avanzada y dise\u00f1o telesc\u00f3pico modular.","robots":{"index":"index","follow":"follow","max-snippet":"max-snippet:-1","max-image-preview":"max-image-preview:large","max-video-preview":"max-video-preview:-1"},"canonical":"https:\/\/www.stalonsilencer.com\/es\/producto\/silenciador-stalon-xe149\/","og_locale":"es_ES","og_type":"article","og_title":"Stalon XE149 \u2013 Silenciador Premium para Calibres Magnum","og_description":"Descubre el Stalon XE149 \u2014 dise\u00f1ado para calibres magnum de alto rendimiento, con reducci\u00f3n de sonido avanzada y dise\u00f1o telesc\u00f3pico modular.","og_url":"https:\/\/www.stalonsilencer.com\/es\/producto\/silenciador-stalon-xe149\/","og_site_name":"Stalon Silencers","article_publisher":"https:\/\/www.facebook.com\/Stalonsweden\/?locale=sv_SE","og_image":[{"width":1000,"height":1000,"url":"https:\/\/www.stalonsilencer.com\/wp-content\/uploads\/2025\/09\/65e8437fd310de6850634ba8_XE149.webp","type":"image\/webp"}],"twitter_card":"summary_large_image","schema":{"@context":"https:\/\/schema.org","@graph":[{"@type":"WebPage","@id":"https:\/\/www.stalonsilencer.com\/es\/producto\/silenciador-stalon-xe149\/","url":"https:\/\/www.stalonsilencer.com\/es\/producto\/silenciador-stalon-xe149\/","name":"Stalon XE149 \u2013 Silenciador Premium para Calibres Magnum","isPartOf":{"@id":"https:\/\/www.stalonsilencer.com\/es\/#website"},"primaryImageOfPage":{"@id":"https:\/\/www.stalonsilencer.com\/es\/producto\/silenciador-stalon-xe149\/#primaryimage"},"image":{"@id":"https:\/\/www.stalonsilencer.com\/es\/producto\/silenciador-stalon-xe149\/#primaryimage"},"thumbnailUrl":"https:\/\/www.stalonsilencer.com\/wp-content\/uploads\/2025\/09\/65e8437fd310de6850634ba8_XE149.webp","datePublished":"2025-09-12T08:11:33+00:00","description":"Descubre el Stalon XE149 \u2014 dise\u00f1ado para calibres magnum de alto rendimiento, con reducci\u00f3n de sonido avanzada y dise\u00f1o telesc\u00f3pico modular.","breadcrumb":{"@id":"https:\/\/www.stalonsilencer.com\/es\/producto\/silenciador-stalon-xe149\/#breadcrumb"},"inLanguage":"es","potentialAction":[{"@type":"ReadAction","target":["https:\/\/www.stalonsilencer.com\/es\/producto\/silenciador-stalon-xe149\/"]}]},{"@type":"ImageObject","inLanguage":"es","@id":"https:\/\/www.stalonsilencer.com\/es\/producto\/silenciador-stalon-xe149\/#primaryimage","url":"https:\/\/www.stalonsilencer.com\/wp-content\/uploads\/2025\/09\/65e8437fd310de6850634ba8_XE149.webp","contentUrl":"https:\/\/www.stalonsilencer.com\/wp-content\/uploads\/2025\/09\/65e8437fd310de6850634ba8_XE149.webp","width":1000,"height":1000},{"@type":"BreadcrumbList","@id":"https:\/\/www.stalonsilencer.com\/es\/producto\/silenciador-stalon-xe149\/#breadcrumb","itemListElement":[{"@type":"ListItem","position":1,"name":"Home","item":"https:\/\/www.stalonsilencer.com\/es\/"},{"@type":"ListItem","position":2,"name":"Tienda","item":"https:\/\/www.stalonsilencer.com\/es\/tienda\/"},{"@type":"ListItem","position":3,"name":"Silenciador Stalon XE149"}]},{"@type":"WebSite","@id":"https:\/\/www.stalonsilencer.com\/es\/#website","url":"https:\/\/www.stalonsilencer.com\/es\/","name":"Stalon Silencers","description":"DEVELOPED FOR HUNTERS &amp; HUNTING","publisher":{"@id":"https:\/\/www.stalonsilencer.com\/es\/#organization"},"alternateName":"Stalon","potentialAction":[{"@type":"SearchAction","target":{"@type":"EntryPoint","urlTemplate":"https:\/\/www.stalonsilencer.com\/es\/?s={search_term_string}"},"query-input":{"@type":"PropertyValueSpecification","valueRequired":true,"valueName":"search_term_string"}}],"inLanguage":"es"},{"@type":"Organization","@id":"https:\/\/www.stalonsilencer.com\/es\/#organization","name":"Stalon Silencers","url":"https:\/\/www.stalonsilencer.com\/es\/","logo":{"@type":"ImageObject","inLanguage":"es","@id":"https:\/\/www.stalonsilencer.com\/es\/#\/schema\/logo\/image\/","url":"https:\/\/www.stalonsilencer.com\/wp-content\/uploads\/2025\/09\/Logo-Stalon-black-1.png","contentUrl":"https:\/\/www.stalonsilencer.com\/wp-content\/uploads\/2025\/09\/Logo-Stalon-black-1.png","width":223,"height":85,"caption":"Stalon Silencers"},"image":{"@id":"https:\/\/www.stalonsilencer.com\/es\/#\/schema\/logo\/image\/"},"sameAs":["https:\/\/www.facebook.com\/Stalonsweden\/?locale=sv_SE","https:\/\/www.instagram.com\/stalonofficial\/"]}]}},"_links":{"self":[{"href":"https:\/\/www.stalonsilencer.com\/es\/wp-json\/wp\/v2\/product\/7370","targetHints":{"allow":["GET"]}}],"collection":[{"href":"https:\/\/www.stalonsilencer.com\/es\/wp-json\/wp\/v2\/product"}],"about":[{"href":"https:\/\/www.stalonsilencer.com\/es\/wp-json\/wp\/v2\/types\/product"}],"replies":[{"embeddable":true,"href":"https:\/\/www.stalonsilencer.com\/es\/wp-json\/wp\/v2\/comments?post=7370"}],"wp:featuredmedia":[{"embeddable":true,"href":"https:\/\/www.stalonsilencer.com\/es\/wp-json\/wp\/v2\/media\/282"}],"wp:attachment":[{"href":"https:\/\/www.stalonsilencer.com\/es\/wp-json\/wp\/v2\/media?parent=7370"}],"wp:term":[{"taxonomy":"product_brand","embeddable":true,"href":"https:\/\/www.stalonsilencer.com\/es\/wp-json\/wp\/v2\/product_brand?post=7370"},{"taxonomy":"product_cat","embeddable":true,"href":"https:\/\/www.stalonsilencer.com\/es\/wp-json\/wp\/v2\/product_cat?post=7370"},{"taxonomy":"product_tag","embeddable":true,"href":"https:\/\/www.stalonsilencer.com\/es\/wp-json\/wp\/v2\/product_tag?post=7370"}],"curies":[{"name":"wp","href":"https:\/\/api.w.org\/{rel}","templated":true}]}}