{"id":7221,"date":"2025-09-12T08:11:18","date_gmt":"2025-09-12T08:11:18","guid":{"rendered":"https:\/\/www.stalonsilencer.com\/product\/silenciador-stalon-vr-venti\/"},"modified":"2025-09-12T08:11:18","modified_gmt":"2025-09-12T08:11:18","slug":"silenciador-stalon-vr-venti","status":"publish","type":"product","link":"https:\/\/www.stalonsilencer.com\/es\/producto\/silenciador-stalon-vr-venti\/","title":{"rendered":"Silenciador Stalon VR-Venti"},"content":{"rendered":"<p>El Stalon VR-Venti est\u00e1 dise\u00f1ado para sistemas semiautom\u00e1ticos como AR-10 y AR-15, lo que lo convierte en el silenciador AR10 y AR15 perfecto y es muy f\u00e1cil de usar: solo tienes que acoplarlo y estar\u00e1s listo para disparar. Cuenta con tecnolog\u00eda interna avanzada, lo que resulta en ausencia de aumento de gases y menos retroceso de gases, haci\u00e9ndolo perfecto para el tiro. Con su parte trasera corta, es la opci\u00f3n definitiva para guardamanos. El Venti tiene la misma parte trasera que el VR pero se combina con una parte delantera diferente.   <\/p>\n<h2>Caracter\u00edsticas principales:<\/h2>\n<p>\u2013 Optimizado para calibres .223 a 6,5&#215;55\/6,5 CREEDMOOR<br \/>\n\u2013 Tecnolog\u00eda \u00abVenti\u00bb exclusiva de Stalon<br \/>\n\u2013 Dise\u00f1ado espec\u00edficamente para armas semiautom\u00e1ticas de gas y optimizado para guardamanos<\/p>\n","protected":false},"excerpt":{"rendered":"<p>El Stalon VR-Venti est\u00e1 desarrollado para sistemas semiautom\u00e1ticos.<\/p>\n","protected":false},"featured_media":1487,"comment_status":"closed","ping_status":"closed","template":"","meta":{"_acf_changed":false},"product_brand":[],"product_cat":[243],"product_tag":[],"class_list":{"0":"post-7221","1":"product","2":"type-product","3":"status-publish","4":"has-post-thumbnail","6":"product_cat-serie-vr","7":"product_shipping_class-true","9":"first","10":"instock","11":"purchasable","12":"product-type-simple"},"acf":[],"yoast_head":"<!-- This site is optimized with the Yoast SEO plugin v27.5 - https:\/\/yoast.com\/product\/yoast-seo-wordpress\/ -->\n<title>Stalon VR-Venti \u2013 Silenciador para semiautom\u00e1ticas .223 a 6,5 mm<\/title>\n<meta name=\"description\" content=\"Descubre el silenciador Stalon VR-Venti: plug-and-play para rifles semiautom\u00e1ticos, tecnolog\u00eda Venti avanzada, hasta -28,5 dBc (.223), longitud compacta de 191 mm.\" \/>\n<meta name=\"robots\" content=\"index, follow, max-snippet:-1, max-image-preview:large, max-video-preview:-1\" \/>\n<link rel=\"canonical\" href=\"https:\/\/www.stalonsilencer.com\/es\/producto\/silenciador-stalon-vr-venti\/\" \/>\n<meta property=\"og:locale\" content=\"es_ES\" \/>\n<meta property=\"og:type\" content=\"article\" \/>\n<meta property=\"og:title\" content=\"Stalon VR-Venti \u2013 Silenciador para semiautom\u00e1ticas .223 a 6,5 mm\" \/>\n<meta property=\"og:description\" content=\"Descubre el silenciador Stalon VR-Venti: plug-and-play para rifles semiautom\u00e1ticos, tecnolog\u00eda Venti avanzada, hasta -28,5 dBc (.223), longitud compacta de 191 mm.\" \/>\n<meta property=\"og:url\" content=\"https:\/\/www.stalonsilencer.com\/es\/producto\/silenciador-stalon-vr-venti\/\" \/>\n<meta property=\"og:site_name\" content=\"Stalon Silencers\" \/>\n<meta property=\"article:publisher\" content=\"https:\/\/www.facebook.com\/Stalonsweden\/?locale=sv_SE\" \/>\n<meta property=\"og:image\" content=\"https:\/\/www.stalonsilencer.com\/wp-content\/uploads\/2025\/09\/673b44c29694fd9f1f6e3a3c_Stalon-VR-1-1.png\" \/>\n\t<meta property=\"og:image:width\" content=\"530\" \/>\n\t<meta property=\"og:image:height\" content=\"707\" \/>\n\t<meta property=\"og:image:type\" content=\"image\/png\" \/>\n<meta name=\"twitter:card\" content=\"summary_large_image\" \/>\n<meta name=\"twitter:label1\" content=\"Tiempo de lectura\" \/>\n\t<meta name=\"twitter:data1\" content=\"1 minuto\" \/>\n<script type=\"application\/ld+json\" class=\"yoast-schema-graph\">{\"@context\":\"https:\\\/\\\/schema.org\",\"@graph\":[{\"@type\":\"WebPage\",\"@id\":\"https:\\\/\\\/www.stalonsilencer.com\\\/es\\\/producto\\\/silenciador-stalon-vr-venti\\\/\",\"url\":\"https:\\\/\\\/www.stalonsilencer.com\\\/es\\\/producto\\\/silenciador-stalon-vr-venti\\\/\",\"name\":\"Stalon VR-Venti \u2013 Silenciador para semiautom\u00e1ticas .223 a 6,5 mm\",\"isPartOf\":{\"@id\":\"https:\\\/\\\/www.stalonsilencer.com\\\/es\\\/#website\"},\"primaryImageOfPage\":{\"@id\":\"https:\\\/\\\/www.stalonsilencer.com\\\/es\\\/producto\\\/silenciador-stalon-vr-venti\\\/#primaryimage\"},\"image\":{\"@id\":\"https:\\\/\\\/www.stalonsilencer.com\\\/es\\\/producto\\\/silenciador-stalon-vr-venti\\\/#primaryimage\"},\"thumbnailUrl\":\"https:\\\/\\\/www.stalonsilencer.com\\\/wp-content\\\/uploads\\\/2025\\\/09\\\/673b44c29694fd9f1f6e3a3c_Stalon-VR-1-1.png\",\"datePublished\":\"2025-09-12T08:11:18+00:00\",\"description\":\"Descubre el silenciador Stalon VR-Venti: plug-and-play para rifles semiautom\u00e1ticos, tecnolog\u00eda Venti avanzada, hasta -28,5 dBc (.223), longitud compacta de 191 mm.\",\"breadcrumb\":{\"@id\":\"https:\\\/\\\/www.stalonsilencer.com\\\/es\\\/producto\\\/silenciador-stalon-vr-venti\\\/#breadcrumb\"},\"inLanguage\":\"es\",\"potentialAction\":[{\"@type\":\"ReadAction\",\"target\":[\"https:\\\/\\\/www.stalonsilencer.com\\\/es\\\/producto\\\/silenciador-stalon-vr-venti\\\/\"]}]},{\"@type\":\"ImageObject\",\"inLanguage\":\"es\",\"@id\":\"https:\\\/\\\/www.stalonsilencer.com\\\/es\\\/producto\\\/silenciador-stalon-vr-venti\\\/#primaryimage\",\"url\":\"https:\\\/\\\/www.stalonsilencer.com\\\/wp-content\\\/uploads\\\/2025\\\/09\\\/673b44c29694fd9f1f6e3a3c_Stalon-VR-1-1.png\",\"contentUrl\":\"https:\\\/\\\/www.stalonsilencer.com\\\/wp-content\\\/uploads\\\/2025\\\/09\\\/673b44c29694fd9f1f6e3a3c_Stalon-VR-1-1.png\",\"width\":530,\"height\":707},{\"@type\":\"BreadcrumbList\",\"@id\":\"https:\\\/\\\/www.stalonsilencer.com\\\/es\\\/producto\\\/silenciador-stalon-vr-venti\\\/#breadcrumb\",\"itemListElement\":[{\"@type\":\"ListItem\",\"position\":1,\"name\":\"Home\",\"item\":\"https:\\\/\\\/www.stalonsilencer.com\\\/es\\\/\"},{\"@type\":\"ListItem\",\"position\":2,\"name\":\"Tienda\",\"item\":\"https:\\\/\\\/www.stalonsilencer.com\\\/es\\\/tienda\\\/\"},{\"@type\":\"ListItem\",\"position\":3,\"name\":\"Silenciador Stalon VR-Venti\"}]},{\"@type\":\"WebSite\",\"@id\":\"https:\\\/\\\/www.stalonsilencer.com\\\/es\\\/#website\",\"url\":\"https:\\\/\\\/www.stalonsilencer.com\\\/es\\\/\",\"name\":\"Stalon Silencers\",\"description\":\"DEVELOPED FOR HUNTERS &amp; HUNTING\",\"publisher\":{\"@id\":\"https:\\\/\\\/www.stalonsilencer.com\\\/es\\\/#organization\"},\"alternateName\":\"Stalon\",\"potentialAction\":[{\"@type\":\"SearchAction\",\"target\":{\"@type\":\"EntryPoint\",\"urlTemplate\":\"https:\\\/\\\/www.stalonsilencer.com\\\/es\\\/?s={search_term_string}\"},\"query-input\":{\"@type\":\"PropertyValueSpecification\",\"valueRequired\":true,\"valueName\":\"search_term_string\"}}],\"inLanguage\":\"es\"},{\"@type\":\"Organization\",\"@id\":\"https:\\\/\\\/www.stalonsilencer.com\\\/es\\\/#organization\",\"name\":\"Stalon Silencers\",\"url\":\"https:\\\/\\\/www.stalonsilencer.com\\\/es\\\/\",\"logo\":{\"@type\":\"ImageObject\",\"inLanguage\":\"es\",\"@id\":\"https:\\\/\\\/www.stalonsilencer.com\\\/es\\\/#\\\/schema\\\/logo\\\/image\\\/\",\"url\":\"https:\\\/\\\/www.stalonsilencer.com\\\/wp-content\\\/uploads\\\/2025\\\/09\\\/Logo-Stalon-black-1.png\",\"contentUrl\":\"https:\\\/\\\/www.stalonsilencer.com\\\/wp-content\\\/uploads\\\/2025\\\/09\\\/Logo-Stalon-black-1.png\",\"width\":223,\"height\":85,\"caption\":\"Stalon Silencers\"},\"image\":{\"@id\":\"https:\\\/\\\/www.stalonsilencer.com\\\/es\\\/#\\\/schema\\\/logo\\\/image\\\/\"},\"sameAs\":[\"https:\\\/\\\/www.facebook.com\\\/Stalonsweden\\\/?locale=sv_SE\",\"https:\\\/\\\/www.instagram.com\\\/stalonofficial\\\/\"]}]}<\/script>\n<!-- \/ Yoast SEO plugin. -->","yoast_head_json":{"title":"Stalon VR-Venti \u2013 Silenciador para semiautom\u00e1ticas .223 a 6,5 mm","description":"Descubre el silenciador Stalon VR-Venti: plug-and-play para rifles semiautom\u00e1ticos, tecnolog\u00eda Venti avanzada, hasta -28,5 dBc (.223), longitud compacta de 191 mm.","robots":{"index":"index","follow":"follow","max-snippet":"max-snippet:-1","max-image-preview":"max-image-preview:large","max-video-preview":"max-video-preview:-1"},"canonical":"https:\/\/www.stalonsilencer.com\/es\/producto\/silenciador-stalon-vr-venti\/","og_locale":"es_ES","og_type":"article","og_title":"Stalon VR-Venti \u2013 Silenciador para semiautom\u00e1ticas .223 a 6,5 mm","og_description":"Descubre el silenciador Stalon VR-Venti: plug-and-play para rifles semiautom\u00e1ticos, tecnolog\u00eda Venti avanzada, hasta -28,5 dBc (.223), longitud compacta de 191 mm.","og_url":"https:\/\/www.stalonsilencer.com\/es\/producto\/silenciador-stalon-vr-venti\/","og_site_name":"Stalon Silencers","article_publisher":"https:\/\/www.facebook.com\/Stalonsweden\/?locale=sv_SE","og_image":[{"width":530,"height":707,"url":"https:\/\/www.stalonsilencer.com\/wp-content\/uploads\/2025\/09\/673b44c29694fd9f1f6e3a3c_Stalon-VR-1-1.png","type":"image\/png"}],"twitter_card":"summary_large_image","twitter_misc":{"Tiempo de lectura":"1 minuto"},"schema":{"@context":"https:\/\/schema.org","@graph":[{"@type":"WebPage","@id":"https:\/\/www.stalonsilencer.com\/es\/producto\/silenciador-stalon-vr-venti\/","url":"https:\/\/www.stalonsilencer.com\/es\/producto\/silenciador-stalon-vr-venti\/","name":"Stalon VR-Venti \u2013 Silenciador para semiautom\u00e1ticas .223 a 6,5 mm","isPartOf":{"@id":"https:\/\/www.stalonsilencer.com\/es\/#website"},"primaryImageOfPage":{"@id":"https:\/\/www.stalonsilencer.com\/es\/producto\/silenciador-stalon-vr-venti\/#primaryimage"},"image":{"@id":"https:\/\/www.stalonsilencer.com\/es\/producto\/silenciador-stalon-vr-venti\/#primaryimage"},"thumbnailUrl":"https:\/\/www.stalonsilencer.com\/wp-content\/uploads\/2025\/09\/673b44c29694fd9f1f6e3a3c_Stalon-VR-1-1.png","datePublished":"2025-09-12T08:11:18+00:00","description":"Descubre el silenciador Stalon VR-Venti: plug-and-play para rifles semiautom\u00e1ticos, tecnolog\u00eda Venti avanzada, hasta -28,5 dBc (.223), longitud compacta de 191 mm.","breadcrumb":{"@id":"https:\/\/www.stalonsilencer.com\/es\/producto\/silenciador-stalon-vr-venti\/#breadcrumb"},"inLanguage":"es","potentialAction":[{"@type":"ReadAction","target":["https:\/\/www.stalonsilencer.com\/es\/producto\/silenciador-stalon-vr-venti\/"]}]},{"@type":"ImageObject","inLanguage":"es","@id":"https:\/\/www.stalonsilencer.com\/es\/producto\/silenciador-stalon-vr-venti\/#primaryimage","url":"https:\/\/www.stalonsilencer.com\/wp-content\/uploads\/2025\/09\/673b44c29694fd9f1f6e3a3c_Stalon-VR-1-1.png","contentUrl":"https:\/\/www.stalonsilencer.com\/wp-content\/uploads\/2025\/09\/673b44c29694fd9f1f6e3a3c_Stalon-VR-1-1.png","width":530,"height":707},{"@type":"BreadcrumbList","@id":"https:\/\/www.stalonsilencer.com\/es\/producto\/silenciador-stalon-vr-venti\/#breadcrumb","itemListElement":[{"@type":"ListItem","position":1,"name":"Home","item":"https:\/\/www.stalonsilencer.com\/es\/"},{"@type":"ListItem","position":2,"name":"Tienda","item":"https:\/\/www.stalonsilencer.com\/es\/tienda\/"},{"@type":"ListItem","position":3,"name":"Silenciador Stalon VR-Venti"}]},{"@type":"WebSite","@id":"https:\/\/www.stalonsilencer.com\/es\/#website","url":"https:\/\/www.stalonsilencer.com\/es\/","name":"Stalon Silencers","description":"DEVELOPED FOR HUNTERS &amp; HUNTING","publisher":{"@id":"https:\/\/www.stalonsilencer.com\/es\/#organization"},"alternateName":"Stalon","potentialAction":[{"@type":"SearchAction","target":{"@type":"EntryPoint","urlTemplate":"https:\/\/www.stalonsilencer.com\/es\/?s={search_term_string}"},"query-input":{"@type":"PropertyValueSpecification","valueRequired":true,"valueName":"search_term_string"}}],"inLanguage":"es"},{"@type":"Organization","@id":"https:\/\/www.stalonsilencer.com\/es\/#organization","name":"Stalon Silencers","url":"https:\/\/www.stalonsilencer.com\/es\/","logo":{"@type":"ImageObject","inLanguage":"es","@id":"https:\/\/www.stalonsilencer.com\/es\/#\/schema\/logo\/image\/","url":"https:\/\/www.stalonsilencer.com\/wp-content\/uploads\/2025\/09\/Logo-Stalon-black-1.png","contentUrl":"https:\/\/www.stalonsilencer.com\/wp-content\/uploads\/2025\/09\/Logo-Stalon-black-1.png","width":223,"height":85,"caption":"Stalon Silencers"},"image":{"@id":"https:\/\/www.stalonsilencer.com\/es\/#\/schema\/logo\/image\/"},"sameAs":["https:\/\/www.facebook.com\/Stalonsweden\/?locale=sv_SE","https:\/\/www.instagram.com\/stalonofficial\/"]}]}},"_links":{"self":[{"href":"https:\/\/www.stalonsilencer.com\/es\/wp-json\/wp\/v2\/product\/7221","targetHints":{"allow":["GET"]}}],"collection":[{"href":"https:\/\/www.stalonsilencer.com\/es\/wp-json\/wp\/v2\/product"}],"about":[{"href":"https:\/\/www.stalonsilencer.com\/es\/wp-json\/wp\/v2\/types\/product"}],"replies":[{"embeddable":true,"href":"https:\/\/www.stalonsilencer.com\/es\/wp-json\/wp\/v2\/comments?post=7221"}],"wp:featuredmedia":[{"embeddable":true,"href":"https:\/\/www.stalonsilencer.com\/es\/wp-json\/wp\/v2\/media\/1487"}],"wp:attachment":[{"href":"https:\/\/www.stalonsilencer.com\/es\/wp-json\/wp\/v2\/media?parent=7221"}],"wp:term":[{"taxonomy":"product_brand","embeddable":true,"href":"https:\/\/www.stalonsilencer.com\/es\/wp-json\/wp\/v2\/product_brand?post=7221"},{"taxonomy":"product_cat","embeddable":true,"href":"https:\/\/www.stalonsilencer.com\/es\/wp-json\/wp\/v2\/product_cat?post=7221"},{"taxonomy":"product_tag","embeddable":true,"href":"https:\/\/www.stalonsilencer.com\/es\/wp-json\/wp\/v2\/product_tag?post=7221"}],"curies":[{"name":"wp","href":"https:\/\/api.w.org\/{rel}","templated":true}]}}