{"id":7204,"date":"2025-09-12T08:10:59","date_gmt":"2025-09-12T08:10:59","guid":{"rendered":"https:\/\/www.stalonsilencer.com\/product\/silenciador-stalon-rf\/"},"modified":"2026-05-07T06:47:29","modified_gmt":"2026-05-07T06:47:29","slug":"silenciador-stalon-rf","status":"publish","type":"product","link":"https:\/\/www.stalonsilencer.com\/es\/producto\/silenciador-stalon-rf\/","title":{"rendered":"Silenciador Stalon RF"},"content":{"rendered":"<p>Stalon RF es nuestro \u00fanico modelo para cartuchos de percusi\u00f3n anular y se adapta a calibres .17 a .22. Tiene un di\u00e1metro delgado de solo 31,5 mil\u00edmetros y pesa solo 91 gramos. El dise\u00f1o de montaje frontal facilita la instalaci\u00f3n en cualquier modelo. Stalon RF es lo mejor que hemos desarrollado para cartuchos de percusi\u00f3n anular y tiene un rendimiento excelente en relaci\u00f3n con su tama\u00f1o m\u00ednimo.   <\/p>\n<h2>Beneficios clave:<\/h2>\n<p>\u2013 Optimizado para cartuchos rimfire entre calibres .17 a .22<br \/>\n\u2013 Rendimiento incre\u00edble en relaci\u00f3n con el tama\u00f1o<br \/>\n\u2013 Se adapta a todos los cartuchos\/calibres rimfire<\/p>\n","protected":false},"excerpt":{"rendered":"<p>Stalon RF es nuestro \u00fanico modelo para cartuchos de percusi\u00f3n anular y se adapta a calibres .17 a .22. Tiene un di\u00e1metro delgado de solo 31,5 mil\u00edmetros y pesa solo 91 gramos. El dise\u00f1o de montaje frontal facilita la instalaci\u00f3n en cualquier modelo. Stalon RF es lo mejor que hemos desarrollado para cartuchos de percusi\u00f3n [&hellip;]<\/p>\n","protected":false},"featured_media":7211,"comment_status":"closed","ping_status":"closed","template":"","meta":{"_acf_changed":false},"product_brand":[],"product_cat":[249],"product_tag":[],"class_list":{"0":"post-7204","1":"product","2":"type-product","3":"status-publish","4":"has-post-thumbnail","6":"product_cat-serie-rf","7":"product_shipping_class-true","9":"first","10":"instock","11":"purchasable","12":"product-type-simple"},"acf":[],"yoast_head":"<!-- This site is optimized with the Yoast SEO plugin v27.5 - https:\/\/yoast.com\/product\/yoast-seo-wordpress\/ -->\n<title>Stalon RF \u2013 Silenciador para Rimfire y 22 LR<\/title>\n<meta name=\"description\" content=\"Descubra el silenciador Stalon RF: sistema ultraliviano para rimfire con excelente reducci\u00f3n de ruido para .22 LR y calibres peque\u00f1os \u2014 ingenier\u00eda de precisi\u00f3n sueca\" \/>\n<meta name=\"robots\" content=\"index, follow, max-snippet:-1, max-image-preview:large, max-video-preview:-1\" \/>\n<link rel=\"canonical\" href=\"https:\/\/www.stalonsilencer.com\/es\/producto\/silenciador-stalon-rf\/\" \/>\n<meta property=\"og:locale\" content=\"es_ES\" \/>\n<meta property=\"og:type\" content=\"article\" \/>\n<meta property=\"og:title\" content=\"Stalon RF \u2013 Silenciador para Rimfire y 22 LR\" \/>\n<meta property=\"og:description\" content=\"Descubra el silenciador Stalon RF: sistema ultraliviano para rimfire con excelente reducci\u00f3n de ruido para .22 LR y calibres peque\u00f1os \u2014 ingenier\u00eda de precisi\u00f3n sueca\" \/>\n<meta property=\"og:url\" content=\"https:\/\/www.stalonsilencer.com\/es\/producto\/silenciador-stalon-rf\/\" \/>\n<meta property=\"og:site_name\" content=\"Stalon Silencers\" \/>\n<meta property=\"article:publisher\" content=\"https:\/\/www.facebook.com\/Stalonsweden\/?locale=sv_SE\" \/>\n<meta property=\"article:modified_time\" content=\"2026-05-07T06:47:29+00:00\" \/>\n<meta property=\"og:image\" content=\"https:\/\/www.stalonsilencer.com\/wp-content\/uploads\/2025\/09\/65e843d5a5f0a9e60faf4576_RF.webp\" \/>\n\t<meta property=\"og:image:width\" content=\"1000\" \/>\n\t<meta property=\"og:image:height\" content=\"1000\" \/>\n\t<meta property=\"og:image:type\" content=\"image\/webp\" \/>\n<meta name=\"twitter:card\" content=\"summary_large_image\" \/>\n<meta name=\"twitter:label1\" content=\"Tiempo de lectura\" \/>\n\t<meta name=\"twitter:data1\" content=\"1 minuto\" \/>\n<script type=\"application\/ld+json\" class=\"yoast-schema-graph\">{\"@context\":\"https:\\\/\\\/schema.org\",\"@graph\":[{\"@type\":\"WebPage\",\"@id\":\"https:\\\/\\\/www.stalonsilencer.com\\\/es\\\/producto\\\/silenciador-stalon-rf\\\/\",\"url\":\"https:\\\/\\\/www.stalonsilencer.com\\\/es\\\/producto\\\/silenciador-stalon-rf\\\/\",\"name\":\"Stalon RF \u2013 Silenciador para Rimfire y 22 LR\",\"isPartOf\":{\"@id\":\"https:\\\/\\\/www.stalonsilencer.com\\\/es\\\/#website\"},\"primaryImageOfPage\":{\"@id\":\"https:\\\/\\\/www.stalonsilencer.com\\\/es\\\/producto\\\/silenciador-stalon-rf\\\/#primaryimage\"},\"image\":{\"@id\":\"https:\\\/\\\/www.stalonsilencer.com\\\/es\\\/producto\\\/silenciador-stalon-rf\\\/#primaryimage\"},\"thumbnailUrl\":\"https:\\\/\\\/www.stalonsilencer.com\\\/wp-content\\\/uploads\\\/2025\\\/09\\\/65e843d5a5f0a9e60faf4576_RF.webp\",\"datePublished\":\"2025-09-12T08:10:59+00:00\",\"dateModified\":\"2026-05-07T06:47:29+00:00\",\"description\":\"Descubra el silenciador Stalon RF: sistema ultraliviano para rimfire con excelente reducci\u00f3n de ruido para .22 LR y calibres peque\u00f1os \u2014 ingenier\u00eda de precisi\u00f3n sueca\",\"breadcrumb\":{\"@id\":\"https:\\\/\\\/www.stalonsilencer.com\\\/es\\\/producto\\\/silenciador-stalon-rf\\\/#breadcrumb\"},\"inLanguage\":\"es\",\"potentialAction\":[{\"@type\":\"ReadAction\",\"target\":[\"https:\\\/\\\/www.stalonsilencer.com\\\/es\\\/producto\\\/silenciador-stalon-rf\\\/\"]}]},{\"@type\":\"ImageObject\",\"inLanguage\":\"es\",\"@id\":\"https:\\\/\\\/www.stalonsilencer.com\\\/es\\\/producto\\\/silenciador-stalon-rf\\\/#primaryimage\",\"url\":\"https:\\\/\\\/www.stalonsilencer.com\\\/wp-content\\\/uploads\\\/2025\\\/09\\\/65e843d5a5f0a9e60faf4576_RF.webp\",\"contentUrl\":\"https:\\\/\\\/www.stalonsilencer.com\\\/wp-content\\\/uploads\\\/2025\\\/09\\\/65e843d5a5f0a9e60faf4576_RF.webp\",\"width\":1000,\"height\":1000},{\"@type\":\"BreadcrumbList\",\"@id\":\"https:\\\/\\\/www.stalonsilencer.com\\\/es\\\/producto\\\/silenciador-stalon-rf\\\/#breadcrumb\",\"itemListElement\":[{\"@type\":\"ListItem\",\"position\":1,\"name\":\"Home\",\"item\":\"https:\\\/\\\/www.stalonsilencer.com\\\/es\\\/\"},{\"@type\":\"ListItem\",\"position\":2,\"name\":\"Tienda\",\"item\":\"https:\\\/\\\/www.stalonsilencer.com\\\/es\\\/tienda\\\/\"},{\"@type\":\"ListItem\",\"position\":3,\"name\":\"Silenciador Stalon RF\"}]},{\"@type\":\"WebSite\",\"@id\":\"https:\\\/\\\/www.stalonsilencer.com\\\/es\\\/#website\",\"url\":\"https:\\\/\\\/www.stalonsilencer.com\\\/es\\\/\",\"name\":\"Stalon Silencers\",\"description\":\"DEVELOPED FOR HUNTERS &amp; HUNTING\",\"publisher\":{\"@id\":\"https:\\\/\\\/www.stalonsilencer.com\\\/es\\\/#organization\"},\"alternateName\":\"Stalon\",\"potentialAction\":[{\"@type\":\"SearchAction\",\"target\":{\"@type\":\"EntryPoint\",\"urlTemplate\":\"https:\\\/\\\/www.stalonsilencer.com\\\/es\\\/?s={search_term_string}\"},\"query-input\":{\"@type\":\"PropertyValueSpecification\",\"valueRequired\":true,\"valueName\":\"search_term_string\"}}],\"inLanguage\":\"es\"},{\"@type\":\"Organization\",\"@id\":\"https:\\\/\\\/www.stalonsilencer.com\\\/es\\\/#organization\",\"name\":\"Stalon Silencers\",\"url\":\"https:\\\/\\\/www.stalonsilencer.com\\\/es\\\/\",\"logo\":{\"@type\":\"ImageObject\",\"inLanguage\":\"es\",\"@id\":\"https:\\\/\\\/www.stalonsilencer.com\\\/es\\\/#\\\/schema\\\/logo\\\/image\\\/\",\"url\":\"https:\\\/\\\/www.stalonsilencer.com\\\/wp-content\\\/uploads\\\/2025\\\/09\\\/Logo-Stalon-black-1.png\",\"contentUrl\":\"https:\\\/\\\/www.stalonsilencer.com\\\/wp-content\\\/uploads\\\/2025\\\/09\\\/Logo-Stalon-black-1.png\",\"width\":223,\"height\":85,\"caption\":\"Stalon Silencers\"},\"image\":{\"@id\":\"https:\\\/\\\/www.stalonsilencer.com\\\/es\\\/#\\\/schema\\\/logo\\\/image\\\/\"},\"sameAs\":[\"https:\\\/\\\/www.facebook.com\\\/Stalonsweden\\\/?locale=sv_SE\",\"https:\\\/\\\/www.instagram.com\\\/stalonofficial\\\/\"]}]}<\/script>\n<!-- \/ Yoast SEO plugin. -->","yoast_head_json":{"title":"Stalon RF \u2013 Silenciador para Rimfire y 22 LR","description":"Descubra el silenciador Stalon RF: sistema ultraliviano para rimfire con excelente reducci\u00f3n de ruido para .22 LR y calibres peque\u00f1os \u2014 ingenier\u00eda de precisi\u00f3n sueca","robots":{"index":"index","follow":"follow","max-snippet":"max-snippet:-1","max-image-preview":"max-image-preview:large","max-video-preview":"max-video-preview:-1"},"canonical":"https:\/\/www.stalonsilencer.com\/es\/producto\/silenciador-stalon-rf\/","og_locale":"es_ES","og_type":"article","og_title":"Stalon RF \u2013 Silenciador para Rimfire y 22 LR","og_description":"Descubra el silenciador Stalon RF: sistema ultraliviano para rimfire con excelente reducci\u00f3n de ruido para .22 LR y calibres peque\u00f1os \u2014 ingenier\u00eda de precisi\u00f3n sueca","og_url":"https:\/\/www.stalonsilencer.com\/es\/producto\/silenciador-stalon-rf\/","og_site_name":"Stalon Silencers","article_publisher":"https:\/\/www.facebook.com\/Stalonsweden\/?locale=sv_SE","article_modified_time":"2026-05-07T06:47:29+00:00","og_image":[{"width":1000,"height":1000,"url":"https:\/\/www.stalonsilencer.com\/wp-content\/uploads\/2025\/09\/65e843d5a5f0a9e60faf4576_RF.webp","type":"image\/webp"}],"twitter_card":"summary_large_image","twitter_misc":{"Tiempo de lectura":"1 minuto"},"schema":{"@context":"https:\/\/schema.org","@graph":[{"@type":"WebPage","@id":"https:\/\/www.stalonsilencer.com\/es\/producto\/silenciador-stalon-rf\/","url":"https:\/\/www.stalonsilencer.com\/es\/producto\/silenciador-stalon-rf\/","name":"Stalon RF \u2013 Silenciador para Rimfire y 22 LR","isPartOf":{"@id":"https:\/\/www.stalonsilencer.com\/es\/#website"},"primaryImageOfPage":{"@id":"https:\/\/www.stalonsilencer.com\/es\/producto\/silenciador-stalon-rf\/#primaryimage"},"image":{"@id":"https:\/\/www.stalonsilencer.com\/es\/producto\/silenciador-stalon-rf\/#primaryimage"},"thumbnailUrl":"https:\/\/www.stalonsilencer.com\/wp-content\/uploads\/2025\/09\/65e843d5a5f0a9e60faf4576_RF.webp","datePublished":"2025-09-12T08:10:59+00:00","dateModified":"2026-05-07T06:47:29+00:00","description":"Descubra el silenciador Stalon RF: sistema ultraliviano para rimfire con excelente reducci\u00f3n de ruido para .22 LR y calibres peque\u00f1os \u2014 ingenier\u00eda de precisi\u00f3n sueca","breadcrumb":{"@id":"https:\/\/www.stalonsilencer.com\/es\/producto\/silenciador-stalon-rf\/#breadcrumb"},"inLanguage":"es","potentialAction":[{"@type":"ReadAction","target":["https:\/\/www.stalonsilencer.com\/es\/producto\/silenciador-stalon-rf\/"]}]},{"@type":"ImageObject","inLanguage":"es","@id":"https:\/\/www.stalonsilencer.com\/es\/producto\/silenciador-stalon-rf\/#primaryimage","url":"https:\/\/www.stalonsilencer.com\/wp-content\/uploads\/2025\/09\/65e843d5a5f0a9e60faf4576_RF.webp","contentUrl":"https:\/\/www.stalonsilencer.com\/wp-content\/uploads\/2025\/09\/65e843d5a5f0a9e60faf4576_RF.webp","width":1000,"height":1000},{"@type":"BreadcrumbList","@id":"https:\/\/www.stalonsilencer.com\/es\/producto\/silenciador-stalon-rf\/#breadcrumb","itemListElement":[{"@type":"ListItem","position":1,"name":"Home","item":"https:\/\/www.stalonsilencer.com\/es\/"},{"@type":"ListItem","position":2,"name":"Tienda","item":"https:\/\/www.stalonsilencer.com\/es\/tienda\/"},{"@type":"ListItem","position":3,"name":"Silenciador Stalon RF"}]},{"@type":"WebSite","@id":"https:\/\/www.stalonsilencer.com\/es\/#website","url":"https:\/\/www.stalonsilencer.com\/es\/","name":"Stalon Silencers","description":"DEVELOPED FOR HUNTERS &amp; HUNTING","publisher":{"@id":"https:\/\/www.stalonsilencer.com\/es\/#organization"},"alternateName":"Stalon","potentialAction":[{"@type":"SearchAction","target":{"@type":"EntryPoint","urlTemplate":"https:\/\/www.stalonsilencer.com\/es\/?s={search_term_string}"},"query-input":{"@type":"PropertyValueSpecification","valueRequired":true,"valueName":"search_term_string"}}],"inLanguage":"es"},{"@type":"Organization","@id":"https:\/\/www.stalonsilencer.com\/es\/#organization","name":"Stalon Silencers","url":"https:\/\/www.stalonsilencer.com\/es\/","logo":{"@type":"ImageObject","inLanguage":"es","@id":"https:\/\/www.stalonsilencer.com\/es\/#\/schema\/logo\/image\/","url":"https:\/\/www.stalonsilencer.com\/wp-content\/uploads\/2025\/09\/Logo-Stalon-black-1.png","contentUrl":"https:\/\/www.stalonsilencer.com\/wp-content\/uploads\/2025\/09\/Logo-Stalon-black-1.png","width":223,"height":85,"caption":"Stalon Silencers"},"image":{"@id":"https:\/\/www.stalonsilencer.com\/es\/#\/schema\/logo\/image\/"},"sameAs":["https:\/\/www.facebook.com\/Stalonsweden\/?locale=sv_SE","https:\/\/www.instagram.com\/stalonofficial\/"]}]}},"_links":{"self":[{"href":"https:\/\/www.stalonsilencer.com\/es\/wp-json\/wp\/v2\/product\/7204","targetHints":{"allow":["GET"]}}],"collection":[{"href":"https:\/\/www.stalonsilencer.com\/es\/wp-json\/wp\/v2\/product"}],"about":[{"href":"https:\/\/www.stalonsilencer.com\/es\/wp-json\/wp\/v2\/types\/product"}],"replies":[{"embeddable":true,"href":"https:\/\/www.stalonsilencer.com\/es\/wp-json\/wp\/v2\/comments?post=7204"}],"wp:featuredmedia":[{"embeddable":true,"href":"https:\/\/www.stalonsilencer.com\/es\/wp-json\/wp\/v2\/media\/7211"}],"wp:attachment":[{"href":"https:\/\/www.stalonsilencer.com\/es\/wp-json\/wp\/v2\/media?parent=7204"}],"wp:term":[{"taxonomy":"product_brand","embeddable":true,"href":"https:\/\/www.stalonsilencer.com\/es\/wp-json\/wp\/v2\/product_brand?post=7204"},{"taxonomy":"product_cat","embeddable":true,"href":"https:\/\/www.stalonsilencer.com\/es\/wp-json\/wp\/v2\/product_cat?post=7204"},{"taxonomy":"product_tag","embeddable":true,"href":"https:\/\/www.stalonsilencer.com\/es\/wp-json\/wp\/v2\/product_tag?post=7204"}],"curies":[{"name":"wp","href":"https:\/\/api.w.org\/{rel}","templated":true}]}}