{"id":7067,"date":"2025-09-12T08:10:38","date_gmt":"2025-09-12T08:10:38","guid":{"rendered":"https:\/\/www.stalonsilencer.com\/product\/regulador-de-gas-sauer-303\/"},"modified":"2025-09-12T08:10:38","modified_gmt":"2025-09-12T08:10:38","slug":"regulador-de-gas-sauer-303","status":"publish","type":"product","link":"https:\/\/www.stalonsilencer.com\/es\/producto\/regulador-de-gas-sauer-303\/","title":{"rendered":"Regulador de gas, Sauer 303"},"content":{"rendered":"<p>El regulador de gas Stalon para Sauer 303 ajusta la presi\u00f3n del gas para el uso de un silenciador Stalon en sistemas semiautom\u00e1ticos. Al instalar un silenciador en una semiautom\u00e1tica, la presi\u00f3n del gas de recarga aumentar\u00e1 y cambiar\u00e1 la capacidad considerablemente. Esta v\u00e1lvula de gas permite ajustar la presi\u00f3n y hace posible el uso de un silenciador.  <\/p>\n","protected":false},"excerpt":{"rendered":"<p>El regulador de gas Stalon para Sauer 303 ajusta la presi\u00f3n del gas para el uso de un silenciador Stalon en sistemas semiautom\u00e1ticos. Al instalar un silenciador en una semiautom\u00e1tica, la presi\u00f3n del gas de recarga aumentar\u00e1 y cambiar\u00e1 la capacidad considerablemente. Esta v\u00e1lvula de gas permite ajustar la presi\u00f3n y hace posible el uso de un silenciador.  <\/p>\n","protected":false},"featured_media":165,"comment_status":"closed","ping_status":"closed","template":"","meta":{"_acf_changed":false},"product_brand":[],"product_cat":[246],"product_tag":[],"class_list":{"0":"post-7067","1":"product","2":"type-product","3":"status-publish","4":"has-post-thumbnail","6":"product_cat-accesorios","7":"product_shipping_class-false","9":"first","10":"instock","11":"purchasable","12":"product-type-simple"},"acf":[],"yoast_head":"<!-- This site is optimized with the Yoast SEO plugin v27.5 - https:\/\/yoast.com\/product\/yoast-seo-wordpress\/ -->\n<title>Regulador de gas, Sauer 303 - Stalon Silencers<\/title>\n<meta name=\"robots\" content=\"index, follow, max-snippet:-1, max-image-preview:large, max-video-preview:-1\" \/>\n<link rel=\"canonical\" href=\"https:\/\/www.stalonsilencer.com\/es\/producto\/regulador-de-gas-sauer-303\/\" \/>\n<meta property=\"og:locale\" content=\"es_ES\" \/>\n<meta property=\"og:type\" content=\"article\" \/>\n<meta property=\"og:title\" content=\"Regulador de gas, Sauer 303 - Stalon Silencers\" \/>\n<meta property=\"og:description\" content=\"El regulador de gas Stalon para Sauer 303 ajusta la presi\u00f3n del gas para el uso de un silenciador Stalon en sistemas semiautom\u00e1ticos. Al instalar un silenciador en una semiautom\u00e1tica, la presi\u00f3n del gas de recarga aumentar\u00e1 y cambiar\u00e1 la capacidad considerablemente. Esta v\u00e1lvula de gas permite ajustar la presi\u00f3n y hace posible el uso de un silenciador.\" \/>\n<meta property=\"og:url\" content=\"https:\/\/www.stalonsilencer.com\/es\/producto\/regulador-de-gas-sauer-303\/\" \/>\n<meta property=\"og:site_name\" content=\"Stalon Silencers\" \/>\n<meta property=\"article:publisher\" content=\"https:\/\/www.facebook.com\/Stalonsweden\/?locale=sv_SE\" \/>\n<meta property=\"og:image\" content=\"https:\/\/www.stalonsilencer.com\/wp-content\/uploads\/2025\/09\/6526534bacddf2d3dc57dfb5_Gasregulator-Sauer.jpg\" \/>\n\t<meta property=\"og:image:width\" content=\"600\" \/>\n\t<meta property=\"og:image:height\" content=\"600\" \/>\n\t<meta property=\"og:image:type\" content=\"image\/jpeg\" \/>\n<meta name=\"twitter:card\" content=\"summary_large_image\" \/>\n<script type=\"application\/ld+json\" class=\"yoast-schema-graph\">{\"@context\":\"https:\\\/\\\/schema.org\",\"@graph\":[{\"@type\":\"WebPage\",\"@id\":\"https:\\\/\\\/www.stalonsilencer.com\\\/es\\\/producto\\\/regulador-de-gas-sauer-303\\\/\",\"url\":\"https:\\\/\\\/www.stalonsilencer.com\\\/es\\\/producto\\\/regulador-de-gas-sauer-303\\\/\",\"name\":\"Regulador de gas, Sauer 303 - Stalon Silencers\",\"isPartOf\":{\"@id\":\"https:\\\/\\\/www.stalonsilencer.com\\\/es\\\/#website\"},\"primaryImageOfPage\":{\"@id\":\"https:\\\/\\\/www.stalonsilencer.com\\\/es\\\/producto\\\/regulador-de-gas-sauer-303\\\/#primaryimage\"},\"image\":{\"@id\":\"https:\\\/\\\/www.stalonsilencer.com\\\/es\\\/producto\\\/regulador-de-gas-sauer-303\\\/#primaryimage\"},\"thumbnailUrl\":\"https:\\\/\\\/www.stalonsilencer.com\\\/wp-content\\\/uploads\\\/2025\\\/09\\\/6526534bacddf2d3dc57dfb5_Gasregulator-Sauer.jpg\",\"datePublished\":\"2025-09-12T08:10:38+00:00\",\"breadcrumb\":{\"@id\":\"https:\\\/\\\/www.stalonsilencer.com\\\/es\\\/producto\\\/regulador-de-gas-sauer-303\\\/#breadcrumb\"},\"inLanguage\":\"es\",\"potentialAction\":[{\"@type\":\"ReadAction\",\"target\":[\"https:\\\/\\\/www.stalonsilencer.com\\\/es\\\/producto\\\/regulador-de-gas-sauer-303\\\/\"]}]},{\"@type\":\"ImageObject\",\"inLanguage\":\"es\",\"@id\":\"https:\\\/\\\/www.stalonsilencer.com\\\/es\\\/producto\\\/regulador-de-gas-sauer-303\\\/#primaryimage\",\"url\":\"https:\\\/\\\/www.stalonsilencer.com\\\/wp-content\\\/uploads\\\/2025\\\/09\\\/6526534bacddf2d3dc57dfb5_Gasregulator-Sauer.jpg\",\"contentUrl\":\"https:\\\/\\\/www.stalonsilencer.com\\\/wp-content\\\/uploads\\\/2025\\\/09\\\/6526534bacddf2d3dc57dfb5_Gasregulator-Sauer.jpg\",\"width\":600,\"height\":600},{\"@type\":\"BreadcrumbList\",\"@id\":\"https:\\\/\\\/www.stalonsilencer.com\\\/es\\\/producto\\\/regulador-de-gas-sauer-303\\\/#breadcrumb\",\"itemListElement\":[{\"@type\":\"ListItem\",\"position\":1,\"name\":\"Home\",\"item\":\"https:\\\/\\\/www.stalonsilencer.com\\\/es\\\/\"},{\"@type\":\"ListItem\",\"position\":2,\"name\":\"Tienda\",\"item\":\"https:\\\/\\\/www.stalonsilencer.com\\\/es\\\/tienda\\\/\"},{\"@type\":\"ListItem\",\"position\":3,\"name\":\"Regulador de gas, Sauer 303\"}]},{\"@type\":\"WebSite\",\"@id\":\"https:\\\/\\\/www.stalonsilencer.com\\\/es\\\/#website\",\"url\":\"https:\\\/\\\/www.stalonsilencer.com\\\/es\\\/\",\"name\":\"Stalon Silencers\",\"description\":\"DEVELOPED FOR HUNTERS &amp; HUNTING\",\"publisher\":{\"@id\":\"https:\\\/\\\/www.stalonsilencer.com\\\/es\\\/#organization\"},\"alternateName\":\"Stalon\",\"potentialAction\":[{\"@type\":\"SearchAction\",\"target\":{\"@type\":\"EntryPoint\",\"urlTemplate\":\"https:\\\/\\\/www.stalonsilencer.com\\\/es\\\/?s={search_term_string}\"},\"query-input\":{\"@type\":\"PropertyValueSpecification\",\"valueRequired\":true,\"valueName\":\"search_term_string\"}}],\"inLanguage\":\"es\"},{\"@type\":\"Organization\",\"@id\":\"https:\\\/\\\/www.stalonsilencer.com\\\/es\\\/#organization\",\"name\":\"Stalon Silencers\",\"url\":\"https:\\\/\\\/www.stalonsilencer.com\\\/es\\\/\",\"logo\":{\"@type\":\"ImageObject\",\"inLanguage\":\"es\",\"@id\":\"https:\\\/\\\/www.stalonsilencer.com\\\/es\\\/#\\\/schema\\\/logo\\\/image\\\/\",\"url\":\"https:\\\/\\\/www.stalonsilencer.com\\\/wp-content\\\/uploads\\\/2025\\\/09\\\/Logo-Stalon-black-1.png\",\"contentUrl\":\"https:\\\/\\\/www.stalonsilencer.com\\\/wp-content\\\/uploads\\\/2025\\\/09\\\/Logo-Stalon-black-1.png\",\"width\":223,\"height\":85,\"caption\":\"Stalon Silencers\"},\"image\":{\"@id\":\"https:\\\/\\\/www.stalonsilencer.com\\\/es\\\/#\\\/schema\\\/logo\\\/image\\\/\"},\"sameAs\":[\"https:\\\/\\\/www.facebook.com\\\/Stalonsweden\\\/?locale=sv_SE\",\"https:\\\/\\\/www.instagram.com\\\/stalonofficial\\\/\"]}]}<\/script>\n<!-- \/ Yoast SEO plugin. -->","yoast_head_json":{"title":"Regulador de gas, Sauer 303 - Stalon Silencers","robots":{"index":"index","follow":"follow","max-snippet":"max-snippet:-1","max-image-preview":"max-image-preview:large","max-video-preview":"max-video-preview:-1"},"canonical":"https:\/\/www.stalonsilencer.com\/es\/producto\/regulador-de-gas-sauer-303\/","og_locale":"es_ES","og_type":"article","og_title":"Regulador de gas, Sauer 303 - Stalon Silencers","og_description":"El regulador de gas Stalon para Sauer 303 ajusta la presi\u00f3n del gas para el uso de un silenciador Stalon en sistemas semiautom\u00e1ticos. Al instalar un silenciador en una semiautom\u00e1tica, la presi\u00f3n del gas de recarga aumentar\u00e1 y cambiar\u00e1 la capacidad considerablemente. Esta v\u00e1lvula de gas permite ajustar la presi\u00f3n y hace posible el uso de un silenciador.","og_url":"https:\/\/www.stalonsilencer.com\/es\/producto\/regulador-de-gas-sauer-303\/","og_site_name":"Stalon Silencers","article_publisher":"https:\/\/www.facebook.com\/Stalonsweden\/?locale=sv_SE","og_image":[{"width":600,"height":600,"url":"https:\/\/www.stalonsilencer.com\/wp-content\/uploads\/2025\/09\/6526534bacddf2d3dc57dfb5_Gasregulator-Sauer.jpg","type":"image\/jpeg"}],"twitter_card":"summary_large_image","schema":{"@context":"https:\/\/schema.org","@graph":[{"@type":"WebPage","@id":"https:\/\/www.stalonsilencer.com\/es\/producto\/regulador-de-gas-sauer-303\/","url":"https:\/\/www.stalonsilencer.com\/es\/producto\/regulador-de-gas-sauer-303\/","name":"Regulador de gas, Sauer 303 - Stalon Silencers","isPartOf":{"@id":"https:\/\/www.stalonsilencer.com\/es\/#website"},"primaryImageOfPage":{"@id":"https:\/\/www.stalonsilencer.com\/es\/producto\/regulador-de-gas-sauer-303\/#primaryimage"},"image":{"@id":"https:\/\/www.stalonsilencer.com\/es\/producto\/regulador-de-gas-sauer-303\/#primaryimage"},"thumbnailUrl":"https:\/\/www.stalonsilencer.com\/wp-content\/uploads\/2025\/09\/6526534bacddf2d3dc57dfb5_Gasregulator-Sauer.jpg","datePublished":"2025-09-12T08:10:38+00:00","breadcrumb":{"@id":"https:\/\/www.stalonsilencer.com\/es\/producto\/regulador-de-gas-sauer-303\/#breadcrumb"},"inLanguage":"es","potentialAction":[{"@type":"ReadAction","target":["https:\/\/www.stalonsilencer.com\/es\/producto\/regulador-de-gas-sauer-303\/"]}]},{"@type":"ImageObject","inLanguage":"es","@id":"https:\/\/www.stalonsilencer.com\/es\/producto\/regulador-de-gas-sauer-303\/#primaryimage","url":"https:\/\/www.stalonsilencer.com\/wp-content\/uploads\/2025\/09\/6526534bacddf2d3dc57dfb5_Gasregulator-Sauer.jpg","contentUrl":"https:\/\/www.stalonsilencer.com\/wp-content\/uploads\/2025\/09\/6526534bacddf2d3dc57dfb5_Gasregulator-Sauer.jpg","width":600,"height":600},{"@type":"BreadcrumbList","@id":"https:\/\/www.stalonsilencer.com\/es\/producto\/regulador-de-gas-sauer-303\/#breadcrumb","itemListElement":[{"@type":"ListItem","position":1,"name":"Home","item":"https:\/\/www.stalonsilencer.com\/es\/"},{"@type":"ListItem","position":2,"name":"Tienda","item":"https:\/\/www.stalonsilencer.com\/es\/tienda\/"},{"@type":"ListItem","position":3,"name":"Regulador de gas, Sauer 303"}]},{"@type":"WebSite","@id":"https:\/\/www.stalonsilencer.com\/es\/#website","url":"https:\/\/www.stalonsilencer.com\/es\/","name":"Stalon Silencers","description":"DEVELOPED FOR HUNTERS &amp; HUNTING","publisher":{"@id":"https:\/\/www.stalonsilencer.com\/es\/#organization"},"alternateName":"Stalon","potentialAction":[{"@type":"SearchAction","target":{"@type":"EntryPoint","urlTemplate":"https:\/\/www.stalonsilencer.com\/es\/?s={search_term_string}"},"query-input":{"@type":"PropertyValueSpecification","valueRequired":true,"valueName":"search_term_string"}}],"inLanguage":"es"},{"@type":"Organization","@id":"https:\/\/www.stalonsilencer.com\/es\/#organization","name":"Stalon Silencers","url":"https:\/\/www.stalonsilencer.com\/es\/","logo":{"@type":"ImageObject","inLanguage":"es","@id":"https:\/\/www.stalonsilencer.com\/es\/#\/schema\/logo\/image\/","url":"https:\/\/www.stalonsilencer.com\/wp-content\/uploads\/2025\/09\/Logo-Stalon-black-1.png","contentUrl":"https:\/\/www.stalonsilencer.com\/wp-content\/uploads\/2025\/09\/Logo-Stalon-black-1.png","width":223,"height":85,"caption":"Stalon Silencers"},"image":{"@id":"https:\/\/www.stalonsilencer.com\/es\/#\/schema\/logo\/image\/"},"sameAs":["https:\/\/www.facebook.com\/Stalonsweden\/?locale=sv_SE","https:\/\/www.instagram.com\/stalonofficial\/"]}]}},"_links":{"self":[{"href":"https:\/\/www.stalonsilencer.com\/es\/wp-json\/wp\/v2\/product\/7067","targetHints":{"allow":["GET"]}}],"collection":[{"href":"https:\/\/www.stalonsilencer.com\/es\/wp-json\/wp\/v2\/product"}],"about":[{"href":"https:\/\/www.stalonsilencer.com\/es\/wp-json\/wp\/v2\/types\/product"}],"replies":[{"embeddable":true,"href":"https:\/\/www.stalonsilencer.com\/es\/wp-json\/wp\/v2\/comments?post=7067"}],"wp:featuredmedia":[{"embeddable":true,"href":"https:\/\/www.stalonsilencer.com\/es\/wp-json\/wp\/v2\/media\/165"}],"wp:attachment":[{"href":"https:\/\/www.stalonsilencer.com\/es\/wp-json\/wp\/v2\/media?parent=7067"}],"wp:term":[{"taxonomy":"product_brand","embeddable":true,"href":"https:\/\/www.stalonsilencer.com\/es\/wp-json\/wp\/v2\/product_brand?post=7067"},{"taxonomy":"product_cat","embeddable":true,"href":"https:\/\/www.stalonsilencer.com\/es\/wp-json\/wp\/v2\/product_cat?post=7067"},{"taxonomy":"product_tag","embeddable":true,"href":"https:\/\/www.stalonsilencer.com\/es\/wp-json\/wp\/v2\/product_tag?post=7067"}],"curies":[{"name":"wp","href":"https:\/\/api.w.org\/{rel}","templated":true}]}}