{"id":5709,"date":"2025-09-12T08:11:18","date_gmt":"2025-09-12T08:11:18","guid":{"rendered":"https:\/\/www.stalonsilencer.com\/product\/stalon-vr-schalldaempfer\/"},"modified":"2025-09-12T08:11:18","modified_gmt":"2025-09-12T08:11:18","slug":"stalon-vr-schalldaempfer","status":"publish","type":"product","link":"https:\/\/www.stalonsilencer.com\/de\/produkt\/stalon-vr-schalldaempfer\/","title":{"rendered":"Stalon VR Schalld\u00e4mpfer"},"content":{"rendered":"<p>Der Stalon VR ist ein Spezialist f\u00fcr kleine Kaliber. Er ist alles, was Sie brauchen \u2013 und noch ein bisschen mehr. Der VR ist extrem klein mit geringer Verl\u00e4ngerung, aber so effizient wie ein gro\u00dfer, schwerer Schalld\u00e4mpfer. Er ist schlanker, leichter und langlebiger und bietet au\u00dfergew\u00f6hnliche Pr\u00e4zision. Ein Modell mit vielen M\u00f6glichkeiten.    <\/p>\n<h2>Hauptmerkmale:<\/h2>\n<p>\u2013 Optimiert f\u00fcr Kaliber .223 bis 6,5&#215;55\/6,5 CREEDMOOR<br \/>\n\u2013 Unglaubliches Ger\u00e4usch-Gr\u00f6\u00dfen-Verh\u00e4ltnis<br \/>\n\u2013 Perfekt f\u00fcr gro\u00dfe Entfernungen<\/p>\n","protected":false},"excerpt":{"rendered":"<p>Der Stalon VR ist optimiert f\u00fcr Kaliber 22 HORNET bis 6,5.<\/p>\n","protected":false},"featured_media":1091,"comment_status":"closed","ping_status":"closed","template":"","meta":{"_acf_changed":false},"product_brand":[],"product_cat":[210],"product_tag":[],"class_list":{"0":"post-5709","1":"product","2":"type-product","3":"status-publish","4":"has-post-thumbnail","6":"product_cat-vr-serie","7":"product_shipping_class-true","9":"first","10":"instock","11":"purchasable","12":"product-type-simple"},"acf":[],"yoast_head":"<!-- This site is optimized with the Yoast SEO plugin v27.0 - https:\/\/yoast.com\/product\/yoast-seo-wordpress\/ -->\n<title>Stalon VR \u2013 Kompakter Teleskop-Schalld\u00e4mpfer f\u00fcr .223 bis 6,5 mm<\/title>\n<meta name=\"description\" content=\"Entdecken Sie den Stalon VR Schalld\u00e4mpfer: ultraleicht (ab 232 g), bis zu -34 dB Reduzierung (.223), mit Gewinde f\u00fcr verschiedene Kaliber und f\u00fcr Pr\u00e4zision gebaut\" \/>\n<meta name=\"robots\" content=\"index, follow, max-snippet:-1, max-image-preview:large, max-video-preview:-1\" \/>\n<link rel=\"canonical\" href=\"https:\/\/www.stalonsilencer.com\/de\/produkt\/stalon-vr-schalldaempfer\/\" \/>\n<meta property=\"og:locale\" content=\"de_DE\" \/>\n<meta property=\"og:type\" content=\"article\" \/>\n<meta property=\"og:title\" content=\"Stalon VR \u2013 Kompakter Teleskop-Schalld\u00e4mpfer f\u00fcr .223 bis 6,5 mm\" \/>\n<meta property=\"og:description\" content=\"Entdecken Sie den Stalon VR Schalld\u00e4mpfer: ultraleicht (ab 232 g), bis zu -34 dB Reduzierung (.223), mit Gewinde f\u00fcr verschiedene Kaliber und f\u00fcr Pr\u00e4zision gebaut\" \/>\n<meta property=\"og:url\" content=\"https:\/\/www.stalonsilencer.com\/de\/produkt\/stalon-vr-schalldaempfer\/\" \/>\n<meta property=\"og:site_name\" content=\"Stalon Silencers\" \/>\n<meta property=\"article:publisher\" content=\"https:\/\/www.facebook.com\/Stalonsweden\/?locale=sv_SE\" \/>\n<meta property=\"og:image\" content=\"https:\/\/www.stalonsilencer.com\/wp-content\/uploads\/2025\/09\/673b44c29694fd9f1f6e3a3c_Stalon-VR-1.png\" \/>\n\t<meta property=\"og:image:width\" content=\"530\" \/>\n\t<meta property=\"og:image:height\" content=\"707\" \/>\n\t<meta property=\"og:image:type\" content=\"image\/png\" \/>\n<meta name=\"twitter:card\" content=\"summary_large_image\" \/>\n<script type=\"application\/ld+json\" class=\"yoast-schema-graph\">{\"@context\":\"https:\/\/schema.org\",\"@graph\":[{\"@type\":\"WebPage\",\"@id\":\"https:\/\/www.stalonsilencer.com\/de\/produkt\/stalon-vr-schalldaempfer\/\",\"url\":\"https:\/\/www.stalonsilencer.com\/de\/produkt\/stalon-vr-schalldaempfer\/\",\"name\":\"Stalon VR \u2013 Kompakter Teleskop-Schalld\u00e4mpfer f\u00fcr .223 bis 6,5 mm\",\"isPartOf\":{\"@id\":\"https:\/\/www.stalonsilencer.com\/de\/#website\"},\"primaryImageOfPage\":{\"@id\":\"https:\/\/www.stalonsilencer.com\/de\/produkt\/stalon-vr-schalldaempfer\/#primaryimage\"},\"image\":{\"@id\":\"https:\/\/www.stalonsilencer.com\/de\/produkt\/stalon-vr-schalldaempfer\/#primaryimage\"},\"thumbnailUrl\":\"https:\/\/www.stalonsilencer.com\/wp-content\/uploads\/2025\/09\/673b44c29694fd9f1f6e3a3c_Stalon-VR-1.png\",\"datePublished\":\"2025-09-12T08:11:18+00:00\",\"description\":\"Entdecken Sie den Stalon VR Schalld\u00e4mpfer: ultraleicht (ab 232 g), bis zu -34 dB Reduzierung (.223), mit Gewinde f\u00fcr verschiedene Kaliber und f\u00fcr Pr\u00e4zision gebaut\",\"breadcrumb\":{\"@id\":\"https:\/\/www.stalonsilencer.com\/de\/produkt\/stalon-vr-schalldaempfer\/#breadcrumb\"},\"inLanguage\":\"de\",\"potentialAction\":[{\"@type\":\"ReadAction\",\"target\":[\"https:\/\/www.stalonsilencer.com\/de\/produkt\/stalon-vr-schalldaempfer\/\"]}]},{\"@type\":\"ImageObject\",\"inLanguage\":\"de\",\"@id\":\"https:\/\/www.stalonsilencer.com\/de\/produkt\/stalon-vr-schalldaempfer\/#primaryimage\",\"url\":\"https:\/\/www.stalonsilencer.com\/wp-content\/uploads\/2025\/09\/673b44c29694fd9f1f6e3a3c_Stalon-VR-1.png\",\"contentUrl\":\"https:\/\/www.stalonsilencer.com\/wp-content\/uploads\/2025\/09\/673b44c29694fd9f1f6e3a3c_Stalon-VR-1.png\",\"width\":530,\"height\":707},{\"@type\":\"BreadcrumbList\",\"@id\":\"https:\/\/www.stalonsilencer.com\/de\/produkt\/stalon-vr-schalldaempfer\/#breadcrumb\",\"itemListElement\":[{\"@type\":\"ListItem\",\"position\":1,\"name\":\"Home\",\"item\":\"https:\/\/www.stalonsilencer.com\/de\/startseite\/\"},{\"@type\":\"ListItem\",\"position\":2,\"name\":\"Shop\",\"item\":\"https:\/\/www.stalonsilencer.com\/de\/shop\/\"},{\"@type\":\"ListItem\",\"position\":3,\"name\":\"Stalon VR Schalld\u00e4mpfer\"}]},{\"@type\":\"WebSite\",\"@id\":\"https:\/\/www.stalonsilencer.com\/de\/#website\",\"url\":\"https:\/\/www.stalonsilencer.com\/de\/\",\"name\":\"Stalon Silencers\",\"description\":\"DEVELOPED FOR HUNTERS &amp; HUNTING\",\"publisher\":{\"@id\":\"https:\/\/www.stalonsilencer.com\/de\/#organization\"},\"alternateName\":\"Stalon\",\"potentialAction\":[{\"@type\":\"SearchAction\",\"target\":{\"@type\":\"EntryPoint\",\"urlTemplate\":\"https:\/\/www.stalonsilencer.com\/de\/?s={search_term_string}\"},\"query-input\":{\"@type\":\"PropertyValueSpecification\",\"valueRequired\":true,\"valueName\":\"search_term_string\"}}],\"inLanguage\":\"de\"},{\"@type\":\"Organization\",\"@id\":\"https:\/\/www.stalonsilencer.com\/de\/#organization\",\"name\":\"Stalon Silencers\",\"url\":\"https:\/\/www.stalonsilencer.com\/de\/\",\"logo\":{\"@type\":\"ImageObject\",\"inLanguage\":\"de\",\"@id\":\"https:\/\/www.stalonsilencer.com\/de\/#\/schema\/logo\/image\/\",\"url\":\"https:\/\/www.stalonsilencer.com\/wp-content\/uploads\/2025\/09\/Logo-Stalon-black-1.png\",\"contentUrl\":\"https:\/\/www.stalonsilencer.com\/wp-content\/uploads\/2025\/09\/Logo-Stalon-black-1.png\",\"width\":223,\"height\":85,\"caption\":\"Stalon Silencers\"},\"image\":{\"@id\":\"https:\/\/www.stalonsilencer.com\/de\/#\/schema\/logo\/image\/\"},\"sameAs\":[\"https:\/\/www.facebook.com\/Stalonsweden\/?locale=sv_SE\",\"https:\/\/www.instagram.com\/stalonofficial\/\"]}]}<\/script>\n<!-- \/ Yoast SEO plugin. -->","yoast_head_json":{"title":"Stalon VR \u2013 Kompakter Teleskop-Schalld\u00e4mpfer f\u00fcr .223 bis 6,5 mm","description":"Entdecken Sie den Stalon VR Schalld\u00e4mpfer: ultraleicht (ab 232 g), bis zu -34 dB Reduzierung (.223), mit Gewinde f\u00fcr verschiedene Kaliber und f\u00fcr Pr\u00e4zision gebaut","robots":{"index":"index","follow":"follow","max-snippet":"max-snippet:-1","max-image-preview":"max-image-preview:large","max-video-preview":"max-video-preview:-1"},"canonical":"https:\/\/www.stalonsilencer.com\/de\/produkt\/stalon-vr-schalldaempfer\/","og_locale":"de_DE","og_type":"article","og_title":"Stalon VR \u2013 Kompakter Teleskop-Schalld\u00e4mpfer f\u00fcr .223 bis 6,5 mm","og_description":"Entdecken Sie den Stalon VR Schalld\u00e4mpfer: ultraleicht (ab 232 g), bis zu -34 dB Reduzierung (.223), mit Gewinde f\u00fcr verschiedene Kaliber und f\u00fcr Pr\u00e4zision gebaut","og_url":"https:\/\/www.stalonsilencer.com\/de\/produkt\/stalon-vr-schalldaempfer\/","og_site_name":"Stalon Silencers","article_publisher":"https:\/\/www.facebook.com\/Stalonsweden\/?locale=sv_SE","og_image":[{"width":530,"height":707,"url":"https:\/\/www.stalonsilencer.com\/wp-content\/uploads\/2025\/09\/673b44c29694fd9f1f6e3a3c_Stalon-VR-1.png","type":"image\/png"}],"twitter_card":"summary_large_image","schema":{"@context":"https:\/\/schema.org","@graph":[{"@type":"WebPage","@id":"https:\/\/www.stalonsilencer.com\/de\/produkt\/stalon-vr-schalldaempfer\/","url":"https:\/\/www.stalonsilencer.com\/de\/produkt\/stalon-vr-schalldaempfer\/","name":"Stalon VR \u2013 Kompakter Teleskop-Schalld\u00e4mpfer f\u00fcr .223 bis 6,5 mm","isPartOf":{"@id":"https:\/\/www.stalonsilencer.com\/de\/#website"},"primaryImageOfPage":{"@id":"https:\/\/www.stalonsilencer.com\/de\/produkt\/stalon-vr-schalldaempfer\/#primaryimage"},"image":{"@id":"https:\/\/www.stalonsilencer.com\/de\/produkt\/stalon-vr-schalldaempfer\/#primaryimage"},"thumbnailUrl":"https:\/\/www.stalonsilencer.com\/wp-content\/uploads\/2025\/09\/673b44c29694fd9f1f6e3a3c_Stalon-VR-1.png","datePublished":"2025-09-12T08:11:18+00:00","description":"Entdecken Sie den Stalon VR Schalld\u00e4mpfer: ultraleicht (ab 232 g), bis zu -34 dB Reduzierung (.223), mit Gewinde f\u00fcr verschiedene Kaliber und f\u00fcr Pr\u00e4zision gebaut","breadcrumb":{"@id":"https:\/\/www.stalonsilencer.com\/de\/produkt\/stalon-vr-schalldaempfer\/#breadcrumb"},"inLanguage":"de","potentialAction":[{"@type":"ReadAction","target":["https:\/\/www.stalonsilencer.com\/de\/produkt\/stalon-vr-schalldaempfer\/"]}]},{"@type":"ImageObject","inLanguage":"de","@id":"https:\/\/www.stalonsilencer.com\/de\/produkt\/stalon-vr-schalldaempfer\/#primaryimage","url":"https:\/\/www.stalonsilencer.com\/wp-content\/uploads\/2025\/09\/673b44c29694fd9f1f6e3a3c_Stalon-VR-1.png","contentUrl":"https:\/\/www.stalonsilencer.com\/wp-content\/uploads\/2025\/09\/673b44c29694fd9f1f6e3a3c_Stalon-VR-1.png","width":530,"height":707},{"@type":"BreadcrumbList","@id":"https:\/\/www.stalonsilencer.com\/de\/produkt\/stalon-vr-schalldaempfer\/#breadcrumb","itemListElement":[{"@type":"ListItem","position":1,"name":"Home","item":"https:\/\/www.stalonsilencer.com\/de\/startseite\/"},{"@type":"ListItem","position":2,"name":"Shop","item":"https:\/\/www.stalonsilencer.com\/de\/shop\/"},{"@type":"ListItem","position":3,"name":"Stalon VR Schalld\u00e4mpfer"}]},{"@type":"WebSite","@id":"https:\/\/www.stalonsilencer.com\/de\/#website","url":"https:\/\/www.stalonsilencer.com\/de\/","name":"Stalon Silencers","description":"DEVELOPED FOR HUNTERS &amp; HUNTING","publisher":{"@id":"https:\/\/www.stalonsilencer.com\/de\/#organization"},"alternateName":"Stalon","potentialAction":[{"@type":"SearchAction","target":{"@type":"EntryPoint","urlTemplate":"https:\/\/www.stalonsilencer.com\/de\/?s={search_term_string}"},"query-input":{"@type":"PropertyValueSpecification","valueRequired":true,"valueName":"search_term_string"}}],"inLanguage":"de"},{"@type":"Organization","@id":"https:\/\/www.stalonsilencer.com\/de\/#organization","name":"Stalon Silencers","url":"https:\/\/www.stalonsilencer.com\/de\/","logo":{"@type":"ImageObject","inLanguage":"de","@id":"https:\/\/www.stalonsilencer.com\/de\/#\/schema\/logo\/image\/","url":"https:\/\/www.stalonsilencer.com\/wp-content\/uploads\/2025\/09\/Logo-Stalon-black-1.png","contentUrl":"https:\/\/www.stalonsilencer.com\/wp-content\/uploads\/2025\/09\/Logo-Stalon-black-1.png","width":223,"height":85,"caption":"Stalon Silencers"},"image":{"@id":"https:\/\/www.stalonsilencer.com\/de\/#\/schema\/logo\/image\/"},"sameAs":["https:\/\/www.facebook.com\/Stalonsweden\/?locale=sv_SE","https:\/\/www.instagram.com\/stalonofficial\/"]}]}},"_links":{"self":[{"href":"https:\/\/www.stalonsilencer.com\/de\/wp-json\/wp\/v2\/product\/5709","targetHints":{"allow":["GET"]}}],"collection":[{"href":"https:\/\/www.stalonsilencer.com\/de\/wp-json\/wp\/v2\/product"}],"about":[{"href":"https:\/\/www.stalonsilencer.com\/de\/wp-json\/wp\/v2\/types\/product"}],"replies":[{"embeddable":true,"href":"https:\/\/www.stalonsilencer.com\/de\/wp-json\/wp\/v2\/comments?post=5709"}],"wp:featuredmedia":[{"embeddable":true,"href":"https:\/\/www.stalonsilencer.com\/de\/wp-json\/wp\/v2\/media\/1091"}],"wp:attachment":[{"href":"https:\/\/www.stalonsilencer.com\/de\/wp-json\/wp\/v2\/media?parent=5709"}],"wp:term":[{"taxonomy":"product_brand","embeddable":true,"href":"https:\/\/www.stalonsilencer.com\/de\/wp-json\/wp\/v2\/product_brand?post=5709"},{"taxonomy":"product_cat","embeddable":true,"href":"https:\/\/www.stalonsilencer.com\/de\/wp-json\/wp\/v2\/product_cat?post=5709"},{"taxonomy":"product_tag","embeddable":true,"href":"https:\/\/www.stalonsilencer.com\/de\/wp-json\/wp\/v2\/product_tag?post=5709"}],"curies":[{"name":"wp","href":"https:\/\/api.w.org\/{rel}","templated":true}]}}