{"id":4946,"date":"2025-09-12T08:10:48","date_gmt":"2025-09-12T08:10:48","guid":{"rendered":"https:\/\/www.stalonsilencer.com\/product\/neopren-orange-mit-cordura-victor-serie\/"},"modified":"2025-09-12T08:10:48","modified_gmt":"2025-09-12T08:10:48","slug":"neopren-orange-mit-cordura-victor-serie","status":"publish","type":"product","link":"https:\/\/www.stalonsilencer.com\/de\/produkt\/neopren-orange-mit-cordura-victor-serie\/","title":{"rendered":"Neopren orange mit Cordura, VICTOR-Serie"},"content":{"rendered":"<p>Die Neoprenh\u00fclle mit Cordura-Verst\u00e4rkung ist daf\u00fcr ausgelegt, Hitzeflimmern in der Optik effektiv zu reduzieren und zu verz\u00f6gern und gleichzeitig den Schalld\u00e4mpfer vor Kratzger\u00e4uschen durch \u00c4ste und \u00c4hnliches zu sch\u00fctzen. Hervorragendes Zubeh\u00f6r sowohl f\u00fcr den Schie\u00dfstand als auch f\u00fcr die Jagd.<\/p>\n","protected":false},"excerpt":{"rendered":"<p>Die Neoprenh\u00fclle mit Cordura-Verst\u00e4rkung ist daf\u00fcr ausgelegt, Hitzeflimmern in der Optik effektiv zu reduzieren und zu verz\u00f6gern und gleichzeitig den Schalld\u00e4mpfer vor Kratzger\u00e4uschen durch \u00c4ste und \u00c4hnliches zu sch\u00fctzen. Hervorragendes Zubeh\u00f6r sowohl f\u00fcr den Schie\u00dfstand als auch f\u00fcr die Jagd.<\/p>\n","protected":false},"featured_media":184,"comment_status":"closed","ping_status":"closed","template":"","meta":{"_acf_changed":false},"product_brand":[],"product_cat":[214],"product_tag":[],"class_list":{"0":"post-4946","1":"product","2":"type-product","3":"status-publish","4":"has-post-thumbnail","6":"product_cat-zubehor","7":"product_shipping_class-false","9":"first","10":"instock","11":"purchasable","12":"product-type-simple"},"acf":[],"yoast_head":"<!-- This site is optimized with the Yoast SEO plugin v27.0 - https:\/\/yoast.com\/product\/yoast-seo-wordpress\/ -->\n<title>Neopren orange mit Cordura, VICTOR-Serie - Stalon Silencers<\/title>\n<meta name=\"robots\" content=\"index, follow, max-snippet:-1, max-image-preview:large, max-video-preview:-1\" \/>\n<link rel=\"canonical\" href=\"https:\/\/www.stalonsilencer.com\/de\/produkt\/neopren-orange-mit-cordura-victor-serie\/\" \/>\n<meta property=\"og:locale\" content=\"de_DE\" \/>\n<meta property=\"og:type\" content=\"article\" \/>\n<meta property=\"og:title\" content=\"Neopren orange mit Cordura, VICTOR-Serie - Stalon Silencers\" \/>\n<meta property=\"og:description\" content=\"Die Neoprenh\u00fclle mit Cordura-Verst\u00e4rkung ist daf\u00fcr ausgelegt, Hitzeflimmern in der Optik effektiv zu reduzieren und zu verz\u00f6gern und gleichzeitig den Schalld\u00e4mpfer vor Kratzger\u00e4uschen durch \u00c4ste und \u00c4hnliches zu sch\u00fctzen. Hervorragendes Zubeh\u00f6r sowohl f\u00fcr den Schie\u00dfstand als auch f\u00fcr die Jagd.\" \/>\n<meta property=\"og:url\" content=\"https:\/\/www.stalonsilencer.com\/de\/produkt\/neopren-orange-mit-cordura-victor-serie\/\" \/>\n<meta property=\"og:site_name\" content=\"Stalon Silencers\" \/>\n<meta property=\"article:publisher\" content=\"https:\/\/www.facebook.com\/Stalonsweden\/?locale=sv_SE\" \/>\n<meta property=\"og:image\" content=\"https:\/\/www.stalonsilencer.com\/wp-content\/uploads\/2025\/09\/6717815f2277f8d3ebbead17_Neopren-orange.jpg\" \/>\n\t<meta property=\"og:image:width\" content=\"600\" \/>\n\t<meta property=\"og:image:height\" content=\"600\" \/>\n\t<meta property=\"og:image:type\" content=\"image\/jpeg\" \/>\n<meta name=\"twitter:card\" content=\"summary_large_image\" \/>\n<script type=\"application\/ld+json\" class=\"yoast-schema-graph\">{\"@context\":\"https:\/\/schema.org\",\"@graph\":[{\"@type\":\"WebPage\",\"@id\":\"https:\/\/www.stalonsilencer.com\/de\/produkt\/neopren-orange-mit-cordura-victor-serie\/\",\"url\":\"https:\/\/www.stalonsilencer.com\/de\/produkt\/neopren-orange-mit-cordura-victor-serie\/\",\"name\":\"Neopren orange mit Cordura, VICTOR-Serie - Stalon Silencers\",\"isPartOf\":{\"@id\":\"https:\/\/www.stalonsilencer.com\/de\/#website\"},\"primaryImageOfPage\":{\"@id\":\"https:\/\/www.stalonsilencer.com\/de\/produkt\/neopren-orange-mit-cordura-victor-serie\/#primaryimage\"},\"image\":{\"@id\":\"https:\/\/www.stalonsilencer.com\/de\/produkt\/neopren-orange-mit-cordura-victor-serie\/#primaryimage\"},\"thumbnailUrl\":\"https:\/\/www.stalonsilencer.com\/wp-content\/uploads\/2025\/09\/6717815f2277f8d3ebbead17_Neopren-orange.jpg\",\"datePublished\":\"2025-09-12T08:10:48+00:00\",\"breadcrumb\":{\"@id\":\"https:\/\/www.stalonsilencer.com\/de\/produkt\/neopren-orange-mit-cordura-victor-serie\/#breadcrumb\"},\"inLanguage\":\"de\",\"potentialAction\":[{\"@type\":\"ReadAction\",\"target\":[\"https:\/\/www.stalonsilencer.com\/de\/produkt\/neopren-orange-mit-cordura-victor-serie\/\"]}]},{\"@type\":\"ImageObject\",\"inLanguage\":\"de\",\"@id\":\"https:\/\/www.stalonsilencer.com\/de\/produkt\/neopren-orange-mit-cordura-victor-serie\/#primaryimage\",\"url\":\"https:\/\/www.stalonsilencer.com\/wp-content\/uploads\/2025\/09\/6717815f2277f8d3ebbead17_Neopren-orange.jpg\",\"contentUrl\":\"https:\/\/www.stalonsilencer.com\/wp-content\/uploads\/2025\/09\/6717815f2277f8d3ebbead17_Neopren-orange.jpg\",\"width\":600,\"height\":600},{\"@type\":\"BreadcrumbList\",\"@id\":\"https:\/\/www.stalonsilencer.com\/de\/produkt\/neopren-orange-mit-cordura-victor-serie\/#breadcrumb\",\"itemListElement\":[{\"@type\":\"ListItem\",\"position\":1,\"name\":\"Home\",\"item\":\"https:\/\/www.stalonsilencer.com\/de\/startseite\/\"},{\"@type\":\"ListItem\",\"position\":2,\"name\":\"Shop\",\"item\":\"https:\/\/www.stalonsilencer.com\/de\/shop\/\"},{\"@type\":\"ListItem\",\"position\":3,\"name\":\"Neopren orange mit Cordura, VICTOR-Serie\"}]},{\"@type\":\"WebSite\",\"@id\":\"https:\/\/www.stalonsilencer.com\/de\/#website\",\"url\":\"https:\/\/www.stalonsilencer.com\/de\/\",\"name\":\"Stalon Silencers\",\"description\":\"DEVELOPED FOR HUNTERS &amp; HUNTING\",\"publisher\":{\"@id\":\"https:\/\/www.stalonsilencer.com\/de\/#organization\"},\"alternateName\":\"Stalon\",\"potentialAction\":[{\"@type\":\"SearchAction\",\"target\":{\"@type\":\"EntryPoint\",\"urlTemplate\":\"https:\/\/www.stalonsilencer.com\/de\/?s={search_term_string}\"},\"query-input\":{\"@type\":\"PropertyValueSpecification\",\"valueRequired\":true,\"valueName\":\"search_term_string\"}}],\"inLanguage\":\"de\"},{\"@type\":\"Organization\",\"@id\":\"https:\/\/www.stalonsilencer.com\/de\/#organization\",\"name\":\"Stalon Silencers\",\"url\":\"https:\/\/www.stalonsilencer.com\/de\/\",\"logo\":{\"@type\":\"ImageObject\",\"inLanguage\":\"de\",\"@id\":\"https:\/\/www.stalonsilencer.com\/de\/#\/schema\/logo\/image\/\",\"url\":\"https:\/\/www.stalonsilencer.com\/wp-content\/uploads\/2025\/09\/Logo-Stalon-black-1.png\",\"contentUrl\":\"https:\/\/www.stalonsilencer.com\/wp-content\/uploads\/2025\/09\/Logo-Stalon-black-1.png\",\"width\":223,\"height\":85,\"caption\":\"Stalon Silencers\"},\"image\":{\"@id\":\"https:\/\/www.stalonsilencer.com\/de\/#\/schema\/logo\/image\/\"},\"sameAs\":[\"https:\/\/www.facebook.com\/Stalonsweden\/?locale=sv_SE\",\"https:\/\/www.instagram.com\/stalonofficial\/\"]}]}<\/script>\n<!-- \/ Yoast SEO plugin. -->","yoast_head_json":{"title":"Neopren orange mit Cordura, VICTOR-Serie - Stalon Silencers","robots":{"index":"index","follow":"follow","max-snippet":"max-snippet:-1","max-image-preview":"max-image-preview:large","max-video-preview":"max-video-preview:-1"},"canonical":"https:\/\/www.stalonsilencer.com\/de\/produkt\/neopren-orange-mit-cordura-victor-serie\/","og_locale":"de_DE","og_type":"article","og_title":"Neopren orange mit Cordura, VICTOR-Serie - Stalon Silencers","og_description":"Die Neoprenh\u00fclle mit Cordura-Verst\u00e4rkung ist daf\u00fcr ausgelegt, Hitzeflimmern in der Optik effektiv zu reduzieren und zu verz\u00f6gern und gleichzeitig den Schalld\u00e4mpfer vor Kratzger\u00e4uschen durch \u00c4ste und \u00c4hnliches zu sch\u00fctzen. Hervorragendes Zubeh\u00f6r sowohl f\u00fcr den Schie\u00dfstand als auch f\u00fcr die Jagd.","og_url":"https:\/\/www.stalonsilencer.com\/de\/produkt\/neopren-orange-mit-cordura-victor-serie\/","og_site_name":"Stalon Silencers","article_publisher":"https:\/\/www.facebook.com\/Stalonsweden\/?locale=sv_SE","og_image":[{"width":600,"height":600,"url":"https:\/\/www.stalonsilencer.com\/wp-content\/uploads\/2025\/09\/6717815f2277f8d3ebbead17_Neopren-orange.jpg","type":"image\/jpeg"}],"twitter_card":"summary_large_image","schema":{"@context":"https:\/\/schema.org","@graph":[{"@type":"WebPage","@id":"https:\/\/www.stalonsilencer.com\/de\/produkt\/neopren-orange-mit-cordura-victor-serie\/","url":"https:\/\/www.stalonsilencer.com\/de\/produkt\/neopren-orange-mit-cordura-victor-serie\/","name":"Neopren orange mit Cordura, VICTOR-Serie - Stalon Silencers","isPartOf":{"@id":"https:\/\/www.stalonsilencer.com\/de\/#website"},"primaryImageOfPage":{"@id":"https:\/\/www.stalonsilencer.com\/de\/produkt\/neopren-orange-mit-cordura-victor-serie\/#primaryimage"},"image":{"@id":"https:\/\/www.stalonsilencer.com\/de\/produkt\/neopren-orange-mit-cordura-victor-serie\/#primaryimage"},"thumbnailUrl":"https:\/\/www.stalonsilencer.com\/wp-content\/uploads\/2025\/09\/6717815f2277f8d3ebbead17_Neopren-orange.jpg","datePublished":"2025-09-12T08:10:48+00:00","breadcrumb":{"@id":"https:\/\/www.stalonsilencer.com\/de\/produkt\/neopren-orange-mit-cordura-victor-serie\/#breadcrumb"},"inLanguage":"de","potentialAction":[{"@type":"ReadAction","target":["https:\/\/www.stalonsilencer.com\/de\/produkt\/neopren-orange-mit-cordura-victor-serie\/"]}]},{"@type":"ImageObject","inLanguage":"de","@id":"https:\/\/www.stalonsilencer.com\/de\/produkt\/neopren-orange-mit-cordura-victor-serie\/#primaryimage","url":"https:\/\/www.stalonsilencer.com\/wp-content\/uploads\/2025\/09\/6717815f2277f8d3ebbead17_Neopren-orange.jpg","contentUrl":"https:\/\/www.stalonsilencer.com\/wp-content\/uploads\/2025\/09\/6717815f2277f8d3ebbead17_Neopren-orange.jpg","width":600,"height":600},{"@type":"BreadcrumbList","@id":"https:\/\/www.stalonsilencer.com\/de\/produkt\/neopren-orange-mit-cordura-victor-serie\/#breadcrumb","itemListElement":[{"@type":"ListItem","position":1,"name":"Home","item":"https:\/\/www.stalonsilencer.com\/de\/startseite\/"},{"@type":"ListItem","position":2,"name":"Shop","item":"https:\/\/www.stalonsilencer.com\/de\/shop\/"},{"@type":"ListItem","position":3,"name":"Neopren orange mit Cordura, VICTOR-Serie"}]},{"@type":"WebSite","@id":"https:\/\/www.stalonsilencer.com\/de\/#website","url":"https:\/\/www.stalonsilencer.com\/de\/","name":"Stalon Silencers","description":"DEVELOPED FOR HUNTERS &amp; HUNTING","publisher":{"@id":"https:\/\/www.stalonsilencer.com\/de\/#organization"},"alternateName":"Stalon","potentialAction":[{"@type":"SearchAction","target":{"@type":"EntryPoint","urlTemplate":"https:\/\/www.stalonsilencer.com\/de\/?s={search_term_string}"},"query-input":{"@type":"PropertyValueSpecification","valueRequired":true,"valueName":"search_term_string"}}],"inLanguage":"de"},{"@type":"Organization","@id":"https:\/\/www.stalonsilencer.com\/de\/#organization","name":"Stalon Silencers","url":"https:\/\/www.stalonsilencer.com\/de\/","logo":{"@type":"ImageObject","inLanguage":"de","@id":"https:\/\/www.stalonsilencer.com\/de\/#\/schema\/logo\/image\/","url":"https:\/\/www.stalonsilencer.com\/wp-content\/uploads\/2025\/09\/Logo-Stalon-black-1.png","contentUrl":"https:\/\/www.stalonsilencer.com\/wp-content\/uploads\/2025\/09\/Logo-Stalon-black-1.png","width":223,"height":85,"caption":"Stalon Silencers"},"image":{"@id":"https:\/\/www.stalonsilencer.com\/de\/#\/schema\/logo\/image\/"},"sameAs":["https:\/\/www.facebook.com\/Stalonsweden\/?locale=sv_SE","https:\/\/www.instagram.com\/stalonofficial\/"]}]}},"_links":{"self":[{"href":"https:\/\/www.stalonsilencer.com\/de\/wp-json\/wp\/v2\/product\/4946","targetHints":{"allow":["GET"]}}],"collection":[{"href":"https:\/\/www.stalonsilencer.com\/de\/wp-json\/wp\/v2\/product"}],"about":[{"href":"https:\/\/www.stalonsilencer.com\/de\/wp-json\/wp\/v2\/types\/product"}],"replies":[{"embeddable":true,"href":"https:\/\/www.stalonsilencer.com\/de\/wp-json\/wp\/v2\/comments?post=4946"}],"wp:featuredmedia":[{"embeddable":true,"href":"https:\/\/www.stalonsilencer.com\/de\/wp-json\/wp\/v2\/media\/184"}],"wp:attachment":[{"href":"https:\/\/www.stalonsilencer.com\/de\/wp-json\/wp\/v2\/media?parent=4946"}],"wp:term":[{"taxonomy":"product_brand","embeddable":true,"href":"https:\/\/www.stalonsilencer.com\/de\/wp-json\/wp\/v2\/product_brand?post=4946"},{"taxonomy":"product_cat","embeddable":true,"href":"https:\/\/www.stalonsilencer.com\/de\/wp-json\/wp\/v2\/product_cat?post=4946"},{"taxonomy":"product_tag","embeddable":true,"href":"https:\/\/www.stalonsilencer.com\/de\/wp-json\/wp\/v2\/product_tag?post=4946"}],"curies":[{"name":"wp","href":"https:\/\/api.w.org\/{rel}","templated":true}]}}