{"id":4895,"date":"2025-09-12T08:10:38","date_gmt":"2025-09-12T08:10:38","guid":{"rendered":"https:\/\/www.stalonsilencer.com\/product\/gasregulator-hk\/"},"modified":"2026-03-09T07:14:54","modified_gmt":"2026-03-09T07:14:54","slug":"gasregulator-hk","status":"publish","type":"product","link":"https:\/\/www.stalonsilencer.com\/de\/produkt\/gasregulator-hk\/","title":{"rendered":"Gasregulator, H&amp;K"},"content":{"rendered":"<p>Der Stalon Gasregulator f\u00fcr Heckler &amp; Koch reguliert den Gasdruck f\u00fcr die Verwendung eines Stalon-Schalld\u00e4mpfers auf halbautomatischen Systemen. Bei der Montage eines Schalld\u00e4mpfers auf einer Selbstladeb\u00fcchse erh\u00f6ht sich der Gasdruck beim Repetiervorgang und ver\u00e4ndert die Funktionsweise erheblich. Dieses Gasventil macht den Gasdruck einstellbar und erm\u00f6glicht die Nutzung eines Schalld\u00e4mpfers.  <\/p>\n","protected":false},"excerpt":{"rendered":"<p>Der Stalon Gasregulator f\u00fcr Heckler &amp; Koch reguliert den Gasdruck f\u00fcr die Verwendung eines Stalon-Schalld\u00e4mpfers auf halbautomatischen Systemen. Bei der Montage eines Schalld\u00e4mpfers auf einer Selbstladeb\u00fcchse erh\u00f6ht sich der Gasdruck beim Repetiervorgang und ver\u00e4ndert die Funktionsweise erheblich. Dieses Gasventil macht den Gasdruck einstellbar und erm\u00f6glicht die Nutzung eines Schalld\u00e4mpfers.  <\/p>\n","protected":false},"featured_media":163,"comment_status":"closed","ping_status":"closed","template":"","meta":{"_acf_changed":false},"product_brand":[],"product_cat":[219],"product_tag":[],"class_list":{"0":"post-4895","1":"product","2":"type-product","3":"status-publish","4":"has-post-thumbnail","6":"product_cat-nicht-kategorisiert","7":"product_shipping_class-false","9":"first","10":"instock","11":"purchasable","12":"product-type-simple"},"acf":[],"yoast_head":"<!-- This site is optimized with the Yoast SEO plugin v27.0 - https:\/\/yoast.com\/product\/yoast-seo-wordpress\/ -->\n<title>Gasregulator, H&amp;K - Stalon Silencers<\/title>\n<meta name=\"robots\" content=\"index, follow, max-snippet:-1, max-image-preview:large, max-video-preview:-1\" \/>\n<link rel=\"canonical\" href=\"https:\/\/www.stalonsilencer.com\/de\/produkt\/gasregulator-hk\/\" \/>\n<meta property=\"og:locale\" content=\"de_DE\" \/>\n<meta property=\"og:type\" content=\"article\" \/>\n<meta property=\"og:title\" content=\"Gasregulator, H&amp;K - Stalon Silencers\" \/>\n<meta property=\"og:description\" content=\"Der Stalon Gasregulator f\u00fcr Heckler &amp; Koch reguliert den Gasdruck f\u00fcr die Verwendung eines Stalon-Schalld\u00e4mpfers auf halbautomatischen Systemen. Bei der Montage eines Schalld\u00e4mpfers auf einer Selbstladeb\u00fcchse erh\u00f6ht sich der Gasdruck beim Repetiervorgang und ver\u00e4ndert die Funktionsweise erheblich. Dieses Gasventil macht den Gasdruck einstellbar und erm\u00f6glicht die Nutzung eines Schalld\u00e4mpfers.\" \/>\n<meta property=\"og:url\" content=\"https:\/\/www.stalonsilencer.com\/de\/produkt\/gasregulator-hk\/\" \/>\n<meta property=\"og:site_name\" content=\"Stalon Silencers\" \/>\n<meta property=\"article:publisher\" content=\"https:\/\/www.facebook.com\/Stalonsweden\/?locale=sv_SE\" \/>\n<meta property=\"article:modified_time\" content=\"2026-03-09T07:14:54+00:00\" \/>\n<meta property=\"og:image\" content=\"https:\/\/www.stalonsilencer.com\/wp-content\/uploads\/2025\/09\/6513ec48087dab8794725713_Gasregulator-HK.jpg\" \/>\n\t<meta property=\"og:image:width\" content=\"600\" \/>\n\t<meta property=\"og:image:height\" content=\"600\" \/>\n\t<meta property=\"og:image:type\" content=\"image\/jpeg\" \/>\n<meta name=\"twitter:card\" content=\"summary_large_image\" \/>\n<script type=\"application\/ld+json\" class=\"yoast-schema-graph\">{\"@context\":\"https:\/\/schema.org\",\"@graph\":[{\"@type\":\"WebPage\",\"@id\":\"https:\/\/www.stalonsilencer.com\/de\/produkt\/gasregulator-hk\/\",\"url\":\"https:\/\/www.stalonsilencer.com\/de\/produkt\/gasregulator-hk\/\",\"name\":\"Gasregulator, H&amp;K - Stalon Silencers\",\"isPartOf\":{\"@id\":\"https:\/\/www.stalonsilencer.com\/de\/#website\"},\"primaryImageOfPage\":{\"@id\":\"https:\/\/www.stalonsilencer.com\/de\/produkt\/gasregulator-hk\/#primaryimage\"},\"image\":{\"@id\":\"https:\/\/www.stalonsilencer.com\/de\/produkt\/gasregulator-hk\/#primaryimage\"},\"thumbnailUrl\":\"https:\/\/www.stalonsilencer.com\/wp-content\/uploads\/2025\/09\/6513ec48087dab8794725713_Gasregulator-HK.jpg\",\"datePublished\":\"2025-09-12T08:10:38+00:00\",\"dateModified\":\"2026-03-09T07:14:54+00:00\",\"breadcrumb\":{\"@id\":\"https:\/\/www.stalonsilencer.com\/de\/produkt\/gasregulator-hk\/#breadcrumb\"},\"inLanguage\":\"de\",\"potentialAction\":[{\"@type\":\"ReadAction\",\"target\":[\"https:\/\/www.stalonsilencer.com\/de\/produkt\/gasregulator-hk\/\"]}]},{\"@type\":\"ImageObject\",\"inLanguage\":\"de\",\"@id\":\"https:\/\/www.stalonsilencer.com\/de\/produkt\/gasregulator-hk\/#primaryimage\",\"url\":\"https:\/\/www.stalonsilencer.com\/wp-content\/uploads\/2025\/09\/6513ec48087dab8794725713_Gasregulator-HK.jpg\",\"contentUrl\":\"https:\/\/www.stalonsilencer.com\/wp-content\/uploads\/2025\/09\/6513ec48087dab8794725713_Gasregulator-HK.jpg\",\"width\":600,\"height\":600},{\"@type\":\"BreadcrumbList\",\"@id\":\"https:\/\/www.stalonsilencer.com\/de\/produkt\/gasregulator-hk\/#breadcrumb\",\"itemListElement\":[{\"@type\":\"ListItem\",\"position\":1,\"name\":\"Home\",\"item\":\"https:\/\/www.stalonsilencer.com\/de\/startseite\/\"},{\"@type\":\"ListItem\",\"position\":2,\"name\":\"Shop\",\"item\":\"https:\/\/www.stalonsilencer.com\/de\/shop\/\"},{\"@type\":\"ListItem\",\"position\":3,\"name\":\"Gasregulator, H&amp;K\"}]},{\"@type\":\"WebSite\",\"@id\":\"https:\/\/www.stalonsilencer.com\/de\/#website\",\"url\":\"https:\/\/www.stalonsilencer.com\/de\/\",\"name\":\"Stalon Silencers\",\"description\":\"DEVELOPED FOR HUNTERS &amp; HUNTING\",\"publisher\":{\"@id\":\"https:\/\/www.stalonsilencer.com\/de\/#organization\"},\"alternateName\":\"Stalon\",\"potentialAction\":[{\"@type\":\"SearchAction\",\"target\":{\"@type\":\"EntryPoint\",\"urlTemplate\":\"https:\/\/www.stalonsilencer.com\/de\/?s={search_term_string}\"},\"query-input\":{\"@type\":\"PropertyValueSpecification\",\"valueRequired\":true,\"valueName\":\"search_term_string\"}}],\"inLanguage\":\"de\"},{\"@type\":\"Organization\",\"@id\":\"https:\/\/www.stalonsilencer.com\/de\/#organization\",\"name\":\"Stalon Silencers\",\"url\":\"https:\/\/www.stalonsilencer.com\/de\/\",\"logo\":{\"@type\":\"ImageObject\",\"inLanguage\":\"de\",\"@id\":\"https:\/\/www.stalonsilencer.com\/de\/#\/schema\/logo\/image\/\",\"url\":\"https:\/\/www.stalonsilencer.com\/wp-content\/uploads\/2025\/09\/Logo-Stalon-black-1.png\",\"contentUrl\":\"https:\/\/www.stalonsilencer.com\/wp-content\/uploads\/2025\/09\/Logo-Stalon-black-1.png\",\"width\":223,\"height\":85,\"caption\":\"Stalon Silencers\"},\"image\":{\"@id\":\"https:\/\/www.stalonsilencer.com\/de\/#\/schema\/logo\/image\/\"},\"sameAs\":[\"https:\/\/www.facebook.com\/Stalonsweden\/?locale=sv_SE\",\"https:\/\/www.instagram.com\/stalonofficial\/\"]}]}<\/script>\n<!-- \/ Yoast SEO plugin. -->","yoast_head_json":{"title":"Gasregulator, H&amp;K - Stalon Silencers","robots":{"index":"index","follow":"follow","max-snippet":"max-snippet:-1","max-image-preview":"max-image-preview:large","max-video-preview":"max-video-preview:-1"},"canonical":"https:\/\/www.stalonsilencer.com\/de\/produkt\/gasregulator-hk\/","og_locale":"de_DE","og_type":"article","og_title":"Gasregulator, H&amp;K - Stalon Silencers","og_description":"Der Stalon Gasregulator f\u00fcr Heckler &amp; Koch reguliert den Gasdruck f\u00fcr die Verwendung eines Stalon-Schalld\u00e4mpfers auf halbautomatischen Systemen. Bei der Montage eines Schalld\u00e4mpfers auf einer Selbstladeb\u00fcchse erh\u00f6ht sich der Gasdruck beim Repetiervorgang und ver\u00e4ndert die Funktionsweise erheblich. Dieses Gasventil macht den Gasdruck einstellbar und erm\u00f6glicht die Nutzung eines Schalld\u00e4mpfers.","og_url":"https:\/\/www.stalonsilencer.com\/de\/produkt\/gasregulator-hk\/","og_site_name":"Stalon Silencers","article_publisher":"https:\/\/www.facebook.com\/Stalonsweden\/?locale=sv_SE","article_modified_time":"2026-03-09T07:14:54+00:00","og_image":[{"width":600,"height":600,"url":"https:\/\/www.stalonsilencer.com\/wp-content\/uploads\/2025\/09\/6513ec48087dab8794725713_Gasregulator-HK.jpg","type":"image\/jpeg"}],"twitter_card":"summary_large_image","schema":{"@context":"https:\/\/schema.org","@graph":[{"@type":"WebPage","@id":"https:\/\/www.stalonsilencer.com\/de\/produkt\/gasregulator-hk\/","url":"https:\/\/www.stalonsilencer.com\/de\/produkt\/gasregulator-hk\/","name":"Gasregulator, H&amp;K - Stalon Silencers","isPartOf":{"@id":"https:\/\/www.stalonsilencer.com\/de\/#website"},"primaryImageOfPage":{"@id":"https:\/\/www.stalonsilencer.com\/de\/produkt\/gasregulator-hk\/#primaryimage"},"image":{"@id":"https:\/\/www.stalonsilencer.com\/de\/produkt\/gasregulator-hk\/#primaryimage"},"thumbnailUrl":"https:\/\/www.stalonsilencer.com\/wp-content\/uploads\/2025\/09\/6513ec48087dab8794725713_Gasregulator-HK.jpg","datePublished":"2025-09-12T08:10:38+00:00","dateModified":"2026-03-09T07:14:54+00:00","breadcrumb":{"@id":"https:\/\/www.stalonsilencer.com\/de\/produkt\/gasregulator-hk\/#breadcrumb"},"inLanguage":"de","potentialAction":[{"@type":"ReadAction","target":["https:\/\/www.stalonsilencer.com\/de\/produkt\/gasregulator-hk\/"]}]},{"@type":"ImageObject","inLanguage":"de","@id":"https:\/\/www.stalonsilencer.com\/de\/produkt\/gasregulator-hk\/#primaryimage","url":"https:\/\/www.stalonsilencer.com\/wp-content\/uploads\/2025\/09\/6513ec48087dab8794725713_Gasregulator-HK.jpg","contentUrl":"https:\/\/www.stalonsilencer.com\/wp-content\/uploads\/2025\/09\/6513ec48087dab8794725713_Gasregulator-HK.jpg","width":600,"height":600},{"@type":"BreadcrumbList","@id":"https:\/\/www.stalonsilencer.com\/de\/produkt\/gasregulator-hk\/#breadcrumb","itemListElement":[{"@type":"ListItem","position":1,"name":"Home","item":"https:\/\/www.stalonsilencer.com\/de\/startseite\/"},{"@type":"ListItem","position":2,"name":"Shop","item":"https:\/\/www.stalonsilencer.com\/de\/shop\/"},{"@type":"ListItem","position":3,"name":"Gasregulator, H&amp;K"}]},{"@type":"WebSite","@id":"https:\/\/www.stalonsilencer.com\/de\/#website","url":"https:\/\/www.stalonsilencer.com\/de\/","name":"Stalon Silencers","description":"DEVELOPED FOR HUNTERS &amp; HUNTING","publisher":{"@id":"https:\/\/www.stalonsilencer.com\/de\/#organization"},"alternateName":"Stalon","potentialAction":[{"@type":"SearchAction","target":{"@type":"EntryPoint","urlTemplate":"https:\/\/www.stalonsilencer.com\/de\/?s={search_term_string}"},"query-input":{"@type":"PropertyValueSpecification","valueRequired":true,"valueName":"search_term_string"}}],"inLanguage":"de"},{"@type":"Organization","@id":"https:\/\/www.stalonsilencer.com\/de\/#organization","name":"Stalon Silencers","url":"https:\/\/www.stalonsilencer.com\/de\/","logo":{"@type":"ImageObject","inLanguage":"de","@id":"https:\/\/www.stalonsilencer.com\/de\/#\/schema\/logo\/image\/","url":"https:\/\/www.stalonsilencer.com\/wp-content\/uploads\/2025\/09\/Logo-Stalon-black-1.png","contentUrl":"https:\/\/www.stalonsilencer.com\/wp-content\/uploads\/2025\/09\/Logo-Stalon-black-1.png","width":223,"height":85,"caption":"Stalon Silencers"},"image":{"@id":"https:\/\/www.stalonsilencer.com\/de\/#\/schema\/logo\/image\/"},"sameAs":["https:\/\/www.facebook.com\/Stalonsweden\/?locale=sv_SE","https:\/\/www.instagram.com\/stalonofficial\/"]}]}},"_links":{"self":[{"href":"https:\/\/www.stalonsilencer.com\/de\/wp-json\/wp\/v2\/product\/4895","targetHints":{"allow":["GET"]}}],"collection":[{"href":"https:\/\/www.stalonsilencer.com\/de\/wp-json\/wp\/v2\/product"}],"about":[{"href":"https:\/\/www.stalonsilencer.com\/de\/wp-json\/wp\/v2\/types\/product"}],"replies":[{"embeddable":true,"href":"https:\/\/www.stalonsilencer.com\/de\/wp-json\/wp\/v2\/comments?post=4895"}],"wp:featuredmedia":[{"embeddable":true,"href":"https:\/\/www.stalonsilencer.com\/de\/wp-json\/wp\/v2\/media\/163"}],"wp:attachment":[{"href":"https:\/\/www.stalonsilencer.com\/de\/wp-json\/wp\/v2\/media?parent=4895"}],"wp:term":[{"taxonomy":"product_brand","embeddable":true,"href":"https:\/\/www.stalonsilencer.com\/de\/wp-json\/wp\/v2\/product_brand?post=4895"},{"taxonomy":"product_cat","embeddable":true,"href":"https:\/\/www.stalonsilencer.com\/de\/wp-json\/wp\/v2\/product_cat?post=4895"},{"taxonomy":"product_tag","embeddable":true,"href":"https:\/\/www.stalonsilencer.com\/de\/wp-json\/wp\/v2\/product_tag?post=4895"}],"curies":[{"name":"wp","href":"https:\/\/api.w.org\/{rel}","templated":true}]}}