{"id":4868,"date":"2025-09-12T08:10:38","date_gmt":"2025-09-12T08:10:38","guid":{"rendered":"https:\/\/www.stalonsilencer.com\/product\/front-149-x-serie\/"},"modified":"2025-09-12T08:10:38","modified_gmt":"2025-09-12T08:10:38","slug":"front-149-x-serie","status":"publish","type":"product","link":"https:\/\/www.stalonsilencer.com\/de\/produkt\/front-149-x-serie\/","title":{"rendered":"Front 149, X-Serie"},"content":{"rendered":"<p>Front 149 f\u00fcr die X-Serie \u2013 ein langes Frontmodul, optimiert f\u00fcr Pirsch, Ansitz oder andere Jagdformen, bei denen die Leistung des Schalld\u00e4mpfers entscheidend f\u00fcr ein gutes Erlebnis ist. Verl\u00e4ngert nach vorn um 149 mm. Front 149 reduziert den Schall \u00e4u\u00dferst effektiv und eliminiert das M\u00fcndungsfeuer, wodurch das Frontmodul eine hervorragende Wahl f\u00fcr die Jagd in der D\u00e4mmerung ist. Front 149 erg\u00e4nzt oder ersetzt ein bereits vorhandenes Frontmodul an einem Schalld\u00e4mpfer der X-Serie.   <\/p>\n","protected":false},"excerpt":{"rendered":"<p>Front 149 f\u00fcr die X-Serie \u2013 ein langes Frontmodul, optimiert f\u00fcr Pirsch, Ansitz oder andere Jagdformen, bei denen die Leistung des Schalld\u00e4mpfers entscheidend f\u00fcr ein gutes Erlebnis ist. Verl\u00e4ngert nach vorn um 149 mm. Front 149 reduziert den Schall \u00e4u\u00dferst effektiv und eliminiert das M\u00fcndungsfeuer, wodurch das Frontmodul eine hervorragende Wahl f\u00fcr die Jagd in der D\u00e4mmerung ist. Front 149 erg\u00e4nzt oder ersetzt ein bereits vorhandenes Frontmodul an einem Schalld\u00e4mpfer der X-Serie.   <\/p>\n","protected":false},"featured_media":151,"comment_status":"closed","ping_status":"closed","template":"","meta":{"_acf_changed":false},"product_brand":[],"product_cat":[214],"product_tag":[],"class_list":{"0":"post-4868","1":"product","2":"type-product","3":"status-publish","4":"has-post-thumbnail","6":"product_cat-zubehor","7":"product_shipping_class-false","9":"first","10":"instock","11":"purchasable","12":"product-type-simple"},"acf":[],"yoast_head":"<!-- This site is optimized with the Yoast SEO plugin v27.0 - https:\/\/yoast.com\/product\/yoast-seo-wordpress\/ -->\n<title>Front 149, X-Serie - Stalon Silencers<\/title>\n<meta name=\"robots\" content=\"index, follow, max-snippet:-1, max-image-preview:large, max-video-preview:-1\" \/>\n<link rel=\"canonical\" href=\"https:\/\/www.stalonsilencer.com\/de\/produkt\/front-149-x-serie\/\" \/>\n<meta property=\"og:locale\" content=\"de_DE\" \/>\n<meta property=\"og:type\" content=\"article\" \/>\n<meta property=\"og:title\" content=\"Front 149, X-Serie - Stalon Silencers\" \/>\n<meta property=\"og:description\" content=\"Front 149 f\u00fcr die X-Serie \u2013 ein langes Frontmodul, optimiert f\u00fcr Pirsch, Ansitz oder andere Jagdformen, bei denen die Leistung des Schalld\u00e4mpfers entscheidend f\u00fcr ein gutes Erlebnis ist. Verl\u00e4ngert nach vorn um 149 mm. Front 149 reduziert den Schall \u00e4u\u00dferst effektiv und eliminiert das M\u00fcndungsfeuer, wodurch das Frontmodul eine hervorragende Wahl f\u00fcr die Jagd in der D\u00e4mmerung ist. Front 149 erg\u00e4nzt oder ersetzt ein bereits vorhandenes Frontmodul an einem Schalld\u00e4mpfer der X-Serie.\" \/>\n<meta property=\"og:url\" content=\"https:\/\/www.stalonsilencer.com\/de\/produkt\/front-149-x-serie\/\" \/>\n<meta property=\"og:site_name\" content=\"Stalon Silencers\" \/>\n<meta property=\"article:publisher\" content=\"https:\/\/www.facebook.com\/Stalonsweden\/?locale=sv_SE\" \/>\n<meta property=\"og:image\" content=\"https:\/\/www.stalonsilencer.com\/wp-content\/uploads\/2025\/09\/6513ec6985cccf8c5e9d33e5_Front-149.jpg\" \/>\n\t<meta property=\"og:image:width\" content=\"600\" \/>\n\t<meta property=\"og:image:height\" content=\"600\" \/>\n\t<meta property=\"og:image:type\" content=\"image\/jpeg\" \/>\n<meta name=\"twitter:card\" content=\"summary_large_image\" \/>\n<script type=\"application\/ld+json\" class=\"yoast-schema-graph\">{\"@context\":\"https:\/\/schema.org\",\"@graph\":[{\"@type\":\"WebPage\",\"@id\":\"https:\/\/www.stalonsilencer.com\/de\/produkt\/front-149-x-serie\/\",\"url\":\"https:\/\/www.stalonsilencer.com\/de\/produkt\/front-149-x-serie\/\",\"name\":\"Front 149, X-Serie - Stalon Silencers\",\"isPartOf\":{\"@id\":\"https:\/\/www.stalonsilencer.com\/de\/#website\"},\"primaryImageOfPage\":{\"@id\":\"https:\/\/www.stalonsilencer.com\/de\/produkt\/front-149-x-serie\/#primaryimage\"},\"image\":{\"@id\":\"https:\/\/www.stalonsilencer.com\/de\/produkt\/front-149-x-serie\/#primaryimage\"},\"thumbnailUrl\":\"https:\/\/www.stalonsilencer.com\/wp-content\/uploads\/2025\/09\/6513ec6985cccf8c5e9d33e5_Front-149.jpg\",\"datePublished\":\"2025-09-12T08:10:38+00:00\",\"breadcrumb\":{\"@id\":\"https:\/\/www.stalonsilencer.com\/de\/produkt\/front-149-x-serie\/#breadcrumb\"},\"inLanguage\":\"de\",\"potentialAction\":[{\"@type\":\"ReadAction\",\"target\":[\"https:\/\/www.stalonsilencer.com\/de\/produkt\/front-149-x-serie\/\"]}]},{\"@type\":\"ImageObject\",\"inLanguage\":\"de\",\"@id\":\"https:\/\/www.stalonsilencer.com\/de\/produkt\/front-149-x-serie\/#primaryimage\",\"url\":\"https:\/\/www.stalonsilencer.com\/wp-content\/uploads\/2025\/09\/6513ec6985cccf8c5e9d33e5_Front-149.jpg\",\"contentUrl\":\"https:\/\/www.stalonsilencer.com\/wp-content\/uploads\/2025\/09\/6513ec6985cccf8c5e9d33e5_Front-149.jpg\",\"width\":600,\"height\":600},{\"@type\":\"BreadcrumbList\",\"@id\":\"https:\/\/www.stalonsilencer.com\/de\/produkt\/front-149-x-serie\/#breadcrumb\",\"itemListElement\":[{\"@type\":\"ListItem\",\"position\":1,\"name\":\"Home\",\"item\":\"https:\/\/www.stalonsilencer.com\/de\/startseite\/\"},{\"@type\":\"ListItem\",\"position\":2,\"name\":\"Shop\",\"item\":\"https:\/\/www.stalonsilencer.com\/de\/shop\/\"},{\"@type\":\"ListItem\",\"position\":3,\"name\":\"Front 149, X-Serie\"}]},{\"@type\":\"WebSite\",\"@id\":\"https:\/\/www.stalonsilencer.com\/de\/#website\",\"url\":\"https:\/\/www.stalonsilencer.com\/de\/\",\"name\":\"Stalon Silencers\",\"description\":\"DEVELOPED FOR HUNTERS &amp; HUNTING\",\"publisher\":{\"@id\":\"https:\/\/www.stalonsilencer.com\/de\/#organization\"},\"alternateName\":\"Stalon\",\"potentialAction\":[{\"@type\":\"SearchAction\",\"target\":{\"@type\":\"EntryPoint\",\"urlTemplate\":\"https:\/\/www.stalonsilencer.com\/de\/?s={search_term_string}\"},\"query-input\":{\"@type\":\"PropertyValueSpecification\",\"valueRequired\":true,\"valueName\":\"search_term_string\"}}],\"inLanguage\":\"de\"},{\"@type\":\"Organization\",\"@id\":\"https:\/\/www.stalonsilencer.com\/de\/#organization\",\"name\":\"Stalon Silencers\",\"url\":\"https:\/\/www.stalonsilencer.com\/de\/\",\"logo\":{\"@type\":\"ImageObject\",\"inLanguage\":\"de\",\"@id\":\"https:\/\/www.stalonsilencer.com\/de\/#\/schema\/logo\/image\/\",\"url\":\"https:\/\/www.stalonsilencer.com\/wp-content\/uploads\/2025\/09\/Logo-Stalon-black-1.png\",\"contentUrl\":\"https:\/\/www.stalonsilencer.com\/wp-content\/uploads\/2025\/09\/Logo-Stalon-black-1.png\",\"width\":223,\"height\":85,\"caption\":\"Stalon Silencers\"},\"image\":{\"@id\":\"https:\/\/www.stalonsilencer.com\/de\/#\/schema\/logo\/image\/\"},\"sameAs\":[\"https:\/\/www.facebook.com\/Stalonsweden\/?locale=sv_SE\",\"https:\/\/www.instagram.com\/stalonofficial\/\"]}]}<\/script>\n<!-- \/ Yoast SEO plugin. -->","yoast_head_json":{"title":"Front 149, X-Serie - Stalon Silencers","robots":{"index":"index","follow":"follow","max-snippet":"max-snippet:-1","max-image-preview":"max-image-preview:large","max-video-preview":"max-video-preview:-1"},"canonical":"https:\/\/www.stalonsilencer.com\/de\/produkt\/front-149-x-serie\/","og_locale":"de_DE","og_type":"article","og_title":"Front 149, X-Serie - Stalon Silencers","og_description":"Front 149 f\u00fcr die X-Serie \u2013 ein langes Frontmodul, optimiert f\u00fcr Pirsch, Ansitz oder andere Jagdformen, bei denen die Leistung des Schalld\u00e4mpfers entscheidend f\u00fcr ein gutes Erlebnis ist. Verl\u00e4ngert nach vorn um 149 mm. Front 149 reduziert den Schall \u00e4u\u00dferst effektiv und eliminiert das M\u00fcndungsfeuer, wodurch das Frontmodul eine hervorragende Wahl f\u00fcr die Jagd in der D\u00e4mmerung ist. Front 149 erg\u00e4nzt oder ersetzt ein bereits vorhandenes Frontmodul an einem Schalld\u00e4mpfer der X-Serie.","og_url":"https:\/\/www.stalonsilencer.com\/de\/produkt\/front-149-x-serie\/","og_site_name":"Stalon Silencers","article_publisher":"https:\/\/www.facebook.com\/Stalonsweden\/?locale=sv_SE","og_image":[{"width":600,"height":600,"url":"https:\/\/www.stalonsilencer.com\/wp-content\/uploads\/2025\/09\/6513ec6985cccf8c5e9d33e5_Front-149.jpg","type":"image\/jpeg"}],"twitter_card":"summary_large_image","schema":{"@context":"https:\/\/schema.org","@graph":[{"@type":"WebPage","@id":"https:\/\/www.stalonsilencer.com\/de\/produkt\/front-149-x-serie\/","url":"https:\/\/www.stalonsilencer.com\/de\/produkt\/front-149-x-serie\/","name":"Front 149, X-Serie - Stalon Silencers","isPartOf":{"@id":"https:\/\/www.stalonsilencer.com\/de\/#website"},"primaryImageOfPage":{"@id":"https:\/\/www.stalonsilencer.com\/de\/produkt\/front-149-x-serie\/#primaryimage"},"image":{"@id":"https:\/\/www.stalonsilencer.com\/de\/produkt\/front-149-x-serie\/#primaryimage"},"thumbnailUrl":"https:\/\/www.stalonsilencer.com\/wp-content\/uploads\/2025\/09\/6513ec6985cccf8c5e9d33e5_Front-149.jpg","datePublished":"2025-09-12T08:10:38+00:00","breadcrumb":{"@id":"https:\/\/www.stalonsilencer.com\/de\/produkt\/front-149-x-serie\/#breadcrumb"},"inLanguage":"de","potentialAction":[{"@type":"ReadAction","target":["https:\/\/www.stalonsilencer.com\/de\/produkt\/front-149-x-serie\/"]}]},{"@type":"ImageObject","inLanguage":"de","@id":"https:\/\/www.stalonsilencer.com\/de\/produkt\/front-149-x-serie\/#primaryimage","url":"https:\/\/www.stalonsilencer.com\/wp-content\/uploads\/2025\/09\/6513ec6985cccf8c5e9d33e5_Front-149.jpg","contentUrl":"https:\/\/www.stalonsilencer.com\/wp-content\/uploads\/2025\/09\/6513ec6985cccf8c5e9d33e5_Front-149.jpg","width":600,"height":600},{"@type":"BreadcrumbList","@id":"https:\/\/www.stalonsilencer.com\/de\/produkt\/front-149-x-serie\/#breadcrumb","itemListElement":[{"@type":"ListItem","position":1,"name":"Home","item":"https:\/\/www.stalonsilencer.com\/de\/startseite\/"},{"@type":"ListItem","position":2,"name":"Shop","item":"https:\/\/www.stalonsilencer.com\/de\/shop\/"},{"@type":"ListItem","position":3,"name":"Front 149, X-Serie"}]},{"@type":"WebSite","@id":"https:\/\/www.stalonsilencer.com\/de\/#website","url":"https:\/\/www.stalonsilencer.com\/de\/","name":"Stalon Silencers","description":"DEVELOPED FOR HUNTERS &amp; HUNTING","publisher":{"@id":"https:\/\/www.stalonsilencer.com\/de\/#organization"},"alternateName":"Stalon","potentialAction":[{"@type":"SearchAction","target":{"@type":"EntryPoint","urlTemplate":"https:\/\/www.stalonsilencer.com\/de\/?s={search_term_string}"},"query-input":{"@type":"PropertyValueSpecification","valueRequired":true,"valueName":"search_term_string"}}],"inLanguage":"de"},{"@type":"Organization","@id":"https:\/\/www.stalonsilencer.com\/de\/#organization","name":"Stalon Silencers","url":"https:\/\/www.stalonsilencer.com\/de\/","logo":{"@type":"ImageObject","inLanguage":"de","@id":"https:\/\/www.stalonsilencer.com\/de\/#\/schema\/logo\/image\/","url":"https:\/\/www.stalonsilencer.com\/wp-content\/uploads\/2025\/09\/Logo-Stalon-black-1.png","contentUrl":"https:\/\/www.stalonsilencer.com\/wp-content\/uploads\/2025\/09\/Logo-Stalon-black-1.png","width":223,"height":85,"caption":"Stalon Silencers"},"image":{"@id":"https:\/\/www.stalonsilencer.com\/de\/#\/schema\/logo\/image\/"},"sameAs":["https:\/\/www.facebook.com\/Stalonsweden\/?locale=sv_SE","https:\/\/www.instagram.com\/stalonofficial\/"]}]}},"_links":{"self":[{"href":"https:\/\/www.stalonsilencer.com\/de\/wp-json\/wp\/v2\/product\/4868","targetHints":{"allow":["GET"]}}],"collection":[{"href":"https:\/\/www.stalonsilencer.com\/de\/wp-json\/wp\/v2\/product"}],"about":[{"href":"https:\/\/www.stalonsilencer.com\/de\/wp-json\/wp\/v2\/types\/product"}],"replies":[{"embeddable":true,"href":"https:\/\/www.stalonsilencer.com\/de\/wp-json\/wp\/v2\/comments?post=4868"}],"wp:featuredmedia":[{"embeddable":true,"href":"https:\/\/www.stalonsilencer.com\/de\/wp-json\/wp\/v2\/media\/151"}],"wp:attachment":[{"href":"https:\/\/www.stalonsilencer.com\/de\/wp-json\/wp\/v2\/media?parent=4868"}],"wp:term":[{"taxonomy":"product_brand","embeddable":true,"href":"https:\/\/www.stalonsilencer.com\/de\/wp-json\/wp\/v2\/product_brand?post=4868"},{"taxonomy":"product_cat","embeddable":true,"href":"https:\/\/www.stalonsilencer.com\/de\/wp-json\/wp\/v2\/product_cat?post=4868"},{"taxonomy":"product_tag","embeddable":true,"href":"https:\/\/www.stalonsilencer.com\/de\/wp-json\/wp\/v2\/product_tag?post=4868"}],"curies":[{"name":"wp","href":"https:\/\/api.w.org\/{rel}","templated":true}]}}