{"id":4725,"date":"2025-10-17T07:54:34","date_gmt":"2025-10-17T07:54:34","guid":{"rendered":"https:\/\/www.stalonsilencer.com\/leidenschaft\/"},"modified":"2026-03-09T07:06:51","modified_gmt":"2026-03-09T07:06:51","slug":"leidenschaft","status":"publish","type":"page","link":"https:\/\/www.stalonsilencer.com\/de\/leidenschaft\/","title":{"rendered":"Leidenschaft"},"content":{"rendered":"\t\t<div data-elementor-type=\"wp-page\" data-elementor-id=\"4725\" class=\"elementor elementor-4725 elementor-1417\" data-elementor-post-type=\"page\">\n\t\t\t\t<div class=\"elementor-element elementor-element-e4c1223 e-flex e-con-boxed e-con e-parent\" data-id=\"e4c1223\" data-element_type=\"container\" data-e-type=\"container\" data-settings=\"{&quot;background_background&quot;:&quot;classic&quot;}\">\n\t\t\t\t\t<div class=\"e-con-inner\">\n\t\t\t\t<div class=\"elementor-element elementor-element-796ba11 elementor-widget elementor-widget-heading\" data-id=\"796ba11\" data-element_type=\"widget\" data-e-type=\"widget\" data-widget_type=\"heading.default\">\n\t\t\t\t\t<h1 class=\"elementor-heading-title elementor-size-default\">LEIDENSCHAFT<\/h1>\t\t\t\t<\/div>\n\t\t\t\t\t<\/div>\n\t\t\t\t<\/div>\n\t\t<div class=\"elementor-element elementor-element-e082126 e-flex e-con-boxed e-con e-parent\" data-id=\"e082126\" data-element_type=\"container\" data-e-type=\"container\">\n\t\t\t\t\t<div class=\"e-con-inner\">\n\t\t<div class=\"elementor-element elementor-element-d65aa2f e-con-full e-flex e-con e-child\" data-id=\"d65aa2f\" data-element_type=\"container\" data-e-type=\"container\">\n\t\t\t\t<div class=\"elementor-element elementor-element-1cd7797 elementor-widget elementor-widget-text-editor\" data-id=\"1cd7797\" data-element_type=\"widget\" data-e-type=\"widget\" data-widget_type=\"text-editor.default\">\n\t\t\t\t\t\t\t\t\t<div class=\"eee\"><div class=\"w-layout-blockcontainer container w-container\"><h2 class=\"paragraph-black ingress\">STALON.<\/h2><div class=\"paragraph-black ingress\">Mitten im nordschwedischen Hochland stellen wir seit 2007 Schalld\u00e4mpfer her. An einem Ort, den viele f\u00fcr unm\u00f6glich halten, wo man auf eine besondere Weise lebt, haben wir es m\u00f6glich gemacht. An einem Ort, wo kaum jemand lebt, haben wir unseren gr\u00f6\u00dften Erfolg geschaffen.  <\/div><\/div><\/div><div class=\"gold-line\"> <\/div><div class=\"eee\"><div class=\"w-layout-blockcontainer container w-container\"><h2 class=\"h3-product\">DIE JAGD IM BLUT<\/h2><div class=\"paragraph-black\">Diesem kleinen Dorf verdanken wir alles, was wir erreicht haben. Hier wurden wir mit der Jagdleidenschaft im Blut geboren \u2013 oder wir sind in sie hineingewachsen, dank der hier vorherrschenden Mentalit\u00e4t. Die Jagd und alle Arten des Outdoor-Lebens sind ein Teil unserer Lebensweise \u2013 sie sind Teil unseres Alltags. Es ist so selbstverst\u00e4ndlich wie die Luft, die wir atmen.<br>\u200d<br>Die Leidenschaft f\u00fcr die Jagd in Kombination mit einem gro\u00dfen Interesse an Technologie sind die gr\u00f6\u00dften Grundpfeiler unserer fortschrittlichen Schalld\u00e4mpfer. Wir sind J\u00e4ger, die wissen, was J\u00e4ger wollen. Jeder von uns hat seine eigenen Erfahrungen, sein Wissen und seine Abenteuer eingebracht, und gemeinsam haben wir etwas entwickelt, das ein J\u00e4ger von einem hochwertigen Produkt erwartet. Wir haben uns zusammengetan, um das zu finden, was uns gefehlt hat, und Produkte geschaffen, die zu J\u00e4gern passen, die unsere Philosophie und Werte teilen. Wir haben etwas f\u00fcr den J\u00e4ger geschaffen, der wei\u00df, welche Eigenschaften ein gutes Produkt hat und sich bewusst ist, warum diese Eigenschaften wichtig sind.       <\/div><\/div><\/div>\t\t\t\t\t\t\t\t<\/div>\n\t\t\t\t<\/div>\n\t\t\t\t\t<\/div>\n\t\t\t\t<\/div>\n\t\t<div class=\"elementor-element elementor-element-dba3d16 e-flex e-con-boxed e-con e-parent\" data-id=\"dba3d16\" data-element_type=\"container\" data-e-type=\"container\">\n\t\t\t\t\t<div class=\"e-con-inner\">\n\t\t\t\t<div class=\"elementor-element elementor-element-c679034 elementor-widget elementor-widget-video\" data-id=\"c679034\" data-element_type=\"widget\" data-e-type=\"widget\" data-settings=\"{&quot;youtube_url&quot;:&quot;https:\\\/\\\/www.youtube.com\\\/watch?v=rRxKQSfqYWE&quot;,&quot;video_type&quot;:&quot;youtube&quot;,&quot;controls&quot;:&quot;yes&quot;}\" data-widget_type=\"video.default\">\n\t\t\t\t\t\t\t<div class=\"elementor-wrapper elementor-open-inline\">\n\t\t\t<div class=\"elementor-video\"><\/div>\t\t<\/div>\n\t\t\t\t\t\t<\/div>\n\t\t\t\t\t<\/div>\n\t\t\t\t<\/div>\n\t\t<div class=\"elementor-element elementor-element-f602725 e-flex e-con-boxed e-con e-parent\" data-id=\"f602725\" data-element_type=\"container\" data-e-type=\"container\">\n\t\t\t\t\t<div class=\"e-con-inner\">\n\t\t<div class=\"elementor-element elementor-element-a7f9938 e-con-full e-flex e-con e-child\" data-id=\"a7f9938\" data-element_type=\"container\" data-e-type=\"container\">\n\t\t\t\t<div class=\"elementor-element elementor-element-4ac7963 elementor-widget elementor-widget-text-editor\" data-id=\"4ac7963\" data-element_type=\"widget\" data-e-type=\"widget\" data-widget_type=\"text-editor.default\">\n\t\t\t\t\t\t\t\t\t<div class=\"eee\"><div class=\"w-layout-blockcontainer container w-container\"><h2 class=\"h3-product\">EINFACH, ABER DURCHDACHT<\/h2><div class=\"spacer\"> <\/div><div class=\"paragraph-black left\">Wir sind J\u00e4ger, die dasselbe Ethos teilen. Wir sind Norrl\u00e4nder, die das Einfache sch\u00e4tzen. Unsere Vorstellung von der Jagd wurde in unseren Schalld\u00e4mpfern bis ins Detail umgesetzt. Wir haben Hightech-Design mit einer minimalistischen Einstellung und wenigen Kompromissen kombiniert.   <br><br>All dies, um Produkte zu entwickeln, die in allen denkbaren Situationen funktionieren. Der Ort hat dies erm\u00f6glicht. Jedes Produkt wurde unter den extremsten Bedingungen, die wir in Nordschweden haben, qualit\u00e4tsgepr\u00fcft.<br>\u200d<br>All unsere Erfahrungen flie\u00dfen in ein enormes Wissen ein, das wir am meisten sch\u00e4tzen. Wissen ist die wichtigste Zutat f\u00fcr Qualit\u00e4t, und mit etwas Enthusiasmus k\u00f6nnen wir dies mit anderen teilen. Wir m\u00f6chten teilen. Echtes Wissen ist der Schl\u00fcssel, der T\u00fcren \u00f6ffnet, neue Wege ebnet und die Anforderungen an hochwertige Produkte in die richtige Perspektive r\u00fcckt.     <\/div><div class=\"spacer hero\"> <\/div><h2 class=\"h3-product\">DIE NATUR ALS WICHTIGSTER PARTNER<\/h2><div class=\"spacer\"> <\/div><div class=\"paragraph-black left\">So selbstverst\u00e4ndlich wie die Luft, die wir atmen, ist unsere Umgebung. In unserer Lebensweise ist die Natur das Wichtigste, was wir haben, und die Freiheit erm\u00f6glicht es, das Leben in vollen Z\u00fcgen zu genie\u00dfen. Das Gef\u00fchl, die Kultur und der Lebensstil, die wir genie\u00dfen, sind dank unserer Umgebung m\u00f6glich. Aus diesem Grund k\u00fcmmern wir uns um die Natur, und dies durchdringt alles, was wir tun.<br>\u200d<br>Jedes Produkt, das wir entwickeln, entspricht unseren Werten. Unsere Leidenschaft f\u00fcr den Ort, die Jagd, das Wissen und die Technik, zusammen mit dem Willen, immer besser zu werden, vermischen sich in unserem Potpourri. Dies pr\u00e4gt, was Stalon ist \u2013 wer wir sind. Wir sind nicht nur J\u00e4ger \u2013 wir sind hingebungsvolle J\u00e4ger, die sich auf das konzentrieren, was wir f\u00fcr unschlagbar halten.      <\/div><\/div><\/div>\t\t\t\t\t\t\t\t<\/div>\n\t\t\t\t<\/div>\n\t\t\t\t\t<\/div>\n\t\t\t\t<\/div>\n\t\t\t\t<\/div>\n\t\t","protected":false},"excerpt":{"rendered":"<p>LEIDENSCHAFT STALON. Mitten im nordschwedischen Hochland stellen wir seit 2007 Schalld\u00e4mpfer her. An einem Ort, den viele f\u00fcr unm\u00f6glich halten, wo man auf eine besondere Weise lebt, haben wir es m\u00f6glich gemacht. An einem Ort, wo kaum jemand lebt, haben wir unseren gr\u00f6\u00dften Erfolg geschaffen. DIE JAGD IM BLUT Diesem kleinen Dorf verdanken wir alles, [&hellip;]<\/p>\n","protected":false},"author":1,"featured_media":4726,"parent":0,"menu_order":0,"comment_status":"closed","ping_status":"closed","template":"","meta":{"_acf_changed":false,"footnotes":""},"class_list":["post-4725","page","type-page","status-publish","has-post-thumbnail","hentry"],"acf":[],"yoast_head":"<!-- This site is optimized with the Yoast SEO plugin v27.0 - https:\/\/yoast.com\/product\/yoast-seo-wordpress\/ -->\n<title>Leidenschaft - Stalon Silencers<\/title>\n<meta name=\"robots\" content=\"index, follow, max-snippet:-1, max-image-preview:large, max-video-preview:-1\" \/>\n<link rel=\"canonical\" href=\"https:\/\/www.stalonsilencer.com\/de\/leidenschaft\/\" \/>\n<meta property=\"og:locale\" content=\"de_DE\" \/>\n<meta property=\"og:type\" content=\"article\" \/>\n<meta property=\"og:title\" content=\"Leidenschaft - Stalon Silencers\" \/>\n<meta property=\"og:description\" content=\"LEIDENSCHAFT STALON. Mitten im nordschwedischen Hochland stellen wir seit 2007 Schalld\u00e4mpfer her. An einem Ort, den viele f\u00fcr unm\u00f6glich halten, wo man auf eine besondere Weise lebt, haben wir es m\u00f6glich gemacht. An einem Ort, wo kaum jemand lebt, haben wir unseren gr\u00f6\u00dften Erfolg geschaffen. DIE JAGD IM BLUT Diesem kleinen Dorf verdanken wir alles, [&hellip;]\" \/>\n<meta property=\"og:url\" content=\"https:\/\/www.stalonsilencer.com\/de\/leidenschaft\/\" \/>\n<meta property=\"og:site_name\" content=\"Stalon Silencers\" \/>\n<meta property=\"article:publisher\" content=\"https:\/\/www.facebook.com\/Stalonsweden\/?locale=sv_SE\" \/>\n<meta property=\"article:modified_time\" content=\"2026-03-09T07:06:51+00:00\" \/>\n<meta property=\"og:image\" content=\"https:\/\/www.stalonsilencer.com\/wp-content\/uploads\/2026\/02\/Stalon_Silencer_passion.jpg\" \/>\n\t<meta property=\"og:image:width\" content=\"1500\" \/>\n\t<meta property=\"og:image:height\" content=\"1000\" \/>\n\t<meta property=\"og:image:type\" content=\"image\/jpeg\" \/>\n<meta name=\"twitter:card\" content=\"summary_large_image\" \/>\n<meta name=\"twitter:label1\" content=\"Gesch\u00e4tzte Lesezeit\" \/>\n\t<meta name=\"twitter:data1\" content=\"3 Minute\" \/>\n<script type=\"application\/ld+json\" class=\"yoast-schema-graph\">{\"@context\":\"https:\/\/schema.org\",\"@graph\":[{\"@type\":\"WebPage\",\"@id\":\"https:\/\/www.stalonsilencer.com\/de\/leidenschaft\/\",\"url\":\"https:\/\/www.stalonsilencer.com\/de\/leidenschaft\/\",\"name\":\"Leidenschaft - Stalon Silencers\",\"isPartOf\":{\"@id\":\"https:\/\/www.stalonsilencer.com\/de\/#website\"},\"primaryImageOfPage\":{\"@id\":\"https:\/\/www.stalonsilencer.com\/de\/leidenschaft\/#primaryimage\"},\"image\":{\"@id\":\"https:\/\/www.stalonsilencer.com\/de\/leidenschaft\/#primaryimage\"},\"thumbnailUrl\":\"https:\/\/www.stalonsilencer.com\/wp-content\/uploads\/2026\/02\/Stalon_Silencer_passion.jpg\",\"datePublished\":\"2025-10-17T07:54:34+00:00\",\"dateModified\":\"2026-03-09T07:06:51+00:00\",\"breadcrumb\":{\"@id\":\"https:\/\/www.stalonsilencer.com\/de\/leidenschaft\/#breadcrumb\"},\"inLanguage\":\"de\",\"potentialAction\":[{\"@type\":\"ReadAction\",\"target\":[\"https:\/\/www.stalonsilencer.com\/de\/leidenschaft\/\"]}]},{\"@type\":\"ImageObject\",\"inLanguage\":\"de\",\"@id\":\"https:\/\/www.stalonsilencer.com\/de\/leidenschaft\/#primaryimage\",\"url\":\"https:\/\/www.stalonsilencer.com\/wp-content\/uploads\/2026\/02\/Stalon_Silencer_passion.jpg\",\"contentUrl\":\"https:\/\/www.stalonsilencer.com\/wp-content\/uploads\/2026\/02\/Stalon_Silencer_passion.jpg\",\"width\":1500,\"height\":1000},{\"@type\":\"BreadcrumbList\",\"@id\":\"https:\/\/www.stalonsilencer.com\/de\/leidenschaft\/#breadcrumb\",\"itemListElement\":[{\"@type\":\"ListItem\",\"position\":1,\"name\":\"Home\",\"item\":\"https:\/\/www.stalonsilencer.com\/de\/startseite\/\"},{\"@type\":\"ListItem\",\"position\":2,\"name\":\"Leidenschaft\"}]},{\"@type\":\"WebSite\",\"@id\":\"https:\/\/www.stalonsilencer.com\/de\/#website\",\"url\":\"https:\/\/www.stalonsilencer.com\/de\/\",\"name\":\"Stalon Silencers\",\"description\":\"DEVELOPED FOR HUNTERS &amp; HUNTING\",\"publisher\":{\"@id\":\"https:\/\/www.stalonsilencer.com\/de\/#organization\"},\"alternateName\":\"Stalon\",\"potentialAction\":[{\"@type\":\"SearchAction\",\"target\":{\"@type\":\"EntryPoint\",\"urlTemplate\":\"https:\/\/www.stalonsilencer.com\/de\/?s={search_term_string}\"},\"query-input\":{\"@type\":\"PropertyValueSpecification\",\"valueRequired\":true,\"valueName\":\"search_term_string\"}}],\"inLanguage\":\"de\"},{\"@type\":\"Organization\",\"@id\":\"https:\/\/www.stalonsilencer.com\/de\/#organization\",\"name\":\"Stalon Silencers\",\"url\":\"https:\/\/www.stalonsilencer.com\/de\/\",\"logo\":{\"@type\":\"ImageObject\",\"inLanguage\":\"de\",\"@id\":\"https:\/\/www.stalonsilencer.com\/de\/#\/schema\/logo\/image\/\",\"url\":\"https:\/\/www.stalonsilencer.com\/wp-content\/uploads\/2025\/09\/Logo-Stalon-black-1.png\",\"contentUrl\":\"https:\/\/www.stalonsilencer.com\/wp-content\/uploads\/2025\/09\/Logo-Stalon-black-1.png\",\"width\":223,\"height\":85,\"caption\":\"Stalon Silencers\"},\"image\":{\"@id\":\"https:\/\/www.stalonsilencer.com\/de\/#\/schema\/logo\/image\/\"},\"sameAs\":[\"https:\/\/www.facebook.com\/Stalonsweden\/?locale=sv_SE\",\"https:\/\/www.instagram.com\/stalonofficial\/\"]}]}<\/script>\n<!-- \/ Yoast SEO plugin. -->","yoast_head_json":{"title":"Leidenschaft - Stalon Silencers","robots":{"index":"index","follow":"follow","max-snippet":"max-snippet:-1","max-image-preview":"max-image-preview:large","max-video-preview":"max-video-preview:-1"},"canonical":"https:\/\/www.stalonsilencer.com\/de\/leidenschaft\/","og_locale":"de_DE","og_type":"article","og_title":"Leidenschaft - Stalon Silencers","og_description":"LEIDENSCHAFT STALON. Mitten im nordschwedischen Hochland stellen wir seit 2007 Schalld\u00e4mpfer her. An einem Ort, den viele f\u00fcr unm\u00f6glich halten, wo man auf eine besondere Weise lebt, haben wir es m\u00f6glich gemacht. An einem Ort, wo kaum jemand lebt, haben wir unseren gr\u00f6\u00dften Erfolg geschaffen. DIE JAGD IM BLUT Diesem kleinen Dorf verdanken wir alles, [&hellip;]","og_url":"https:\/\/www.stalonsilencer.com\/de\/leidenschaft\/","og_site_name":"Stalon Silencers","article_publisher":"https:\/\/www.facebook.com\/Stalonsweden\/?locale=sv_SE","article_modified_time":"2026-03-09T07:06:51+00:00","og_image":[{"width":1500,"height":1000,"url":"https:\/\/www.stalonsilencer.com\/wp-content\/uploads\/2026\/02\/Stalon_Silencer_passion.jpg","type":"image\/jpeg"}],"twitter_card":"summary_large_image","twitter_misc":{"Gesch\u00e4tzte Lesezeit":"3 Minute"},"schema":{"@context":"https:\/\/schema.org","@graph":[{"@type":"WebPage","@id":"https:\/\/www.stalonsilencer.com\/de\/leidenschaft\/","url":"https:\/\/www.stalonsilencer.com\/de\/leidenschaft\/","name":"Leidenschaft - Stalon Silencers","isPartOf":{"@id":"https:\/\/www.stalonsilencer.com\/de\/#website"},"primaryImageOfPage":{"@id":"https:\/\/www.stalonsilencer.com\/de\/leidenschaft\/#primaryimage"},"image":{"@id":"https:\/\/www.stalonsilencer.com\/de\/leidenschaft\/#primaryimage"},"thumbnailUrl":"https:\/\/www.stalonsilencer.com\/wp-content\/uploads\/2026\/02\/Stalon_Silencer_passion.jpg","datePublished":"2025-10-17T07:54:34+00:00","dateModified":"2026-03-09T07:06:51+00:00","breadcrumb":{"@id":"https:\/\/www.stalonsilencer.com\/de\/leidenschaft\/#breadcrumb"},"inLanguage":"de","potentialAction":[{"@type":"ReadAction","target":["https:\/\/www.stalonsilencer.com\/de\/leidenschaft\/"]}]},{"@type":"ImageObject","inLanguage":"de","@id":"https:\/\/www.stalonsilencer.com\/de\/leidenschaft\/#primaryimage","url":"https:\/\/www.stalonsilencer.com\/wp-content\/uploads\/2026\/02\/Stalon_Silencer_passion.jpg","contentUrl":"https:\/\/www.stalonsilencer.com\/wp-content\/uploads\/2026\/02\/Stalon_Silencer_passion.jpg","width":1500,"height":1000},{"@type":"BreadcrumbList","@id":"https:\/\/www.stalonsilencer.com\/de\/leidenschaft\/#breadcrumb","itemListElement":[{"@type":"ListItem","position":1,"name":"Home","item":"https:\/\/www.stalonsilencer.com\/de\/startseite\/"},{"@type":"ListItem","position":2,"name":"Leidenschaft"}]},{"@type":"WebSite","@id":"https:\/\/www.stalonsilencer.com\/de\/#website","url":"https:\/\/www.stalonsilencer.com\/de\/","name":"Stalon Silencers","description":"DEVELOPED FOR HUNTERS &amp; HUNTING","publisher":{"@id":"https:\/\/www.stalonsilencer.com\/de\/#organization"},"alternateName":"Stalon","potentialAction":[{"@type":"SearchAction","target":{"@type":"EntryPoint","urlTemplate":"https:\/\/www.stalonsilencer.com\/de\/?s={search_term_string}"},"query-input":{"@type":"PropertyValueSpecification","valueRequired":true,"valueName":"search_term_string"}}],"inLanguage":"de"},{"@type":"Organization","@id":"https:\/\/www.stalonsilencer.com\/de\/#organization","name":"Stalon Silencers","url":"https:\/\/www.stalonsilencer.com\/de\/","logo":{"@type":"ImageObject","inLanguage":"de","@id":"https:\/\/www.stalonsilencer.com\/de\/#\/schema\/logo\/image\/","url":"https:\/\/www.stalonsilencer.com\/wp-content\/uploads\/2025\/09\/Logo-Stalon-black-1.png","contentUrl":"https:\/\/www.stalonsilencer.com\/wp-content\/uploads\/2025\/09\/Logo-Stalon-black-1.png","width":223,"height":85,"caption":"Stalon Silencers"},"image":{"@id":"https:\/\/www.stalonsilencer.com\/de\/#\/schema\/logo\/image\/"},"sameAs":["https:\/\/www.facebook.com\/Stalonsweden\/?locale=sv_SE","https:\/\/www.instagram.com\/stalonofficial\/"]}]}},"_links":{"self":[{"href":"https:\/\/www.stalonsilencer.com\/de\/wp-json\/wp\/v2\/pages\/4725","targetHints":{"allow":["GET"]}}],"collection":[{"href":"https:\/\/www.stalonsilencer.com\/de\/wp-json\/wp\/v2\/pages"}],"about":[{"href":"https:\/\/www.stalonsilencer.com\/de\/wp-json\/wp\/v2\/types\/page"}],"author":[{"embeddable":true,"href":"https:\/\/www.stalonsilencer.com\/de\/wp-json\/wp\/v2\/users\/1"}],"replies":[{"embeddable":true,"href":"https:\/\/www.stalonsilencer.com\/de\/wp-json\/wp\/v2\/comments?post=4725"}],"version-history":[{"count":1,"href":"https:\/\/www.stalonsilencer.com\/de\/wp-json\/wp\/v2\/pages\/4725\/revisions"}],"predecessor-version":[{"id":4727,"href":"https:\/\/www.stalonsilencer.com\/de\/wp-json\/wp\/v2\/pages\/4725\/revisions\/4727"}],"wp:featuredmedia":[{"embeddable":true,"href":"https:\/\/www.stalonsilencer.com\/de\/wp-json\/wp\/v2\/media\/4726"}],"wp:attachment":[{"href":"https:\/\/www.stalonsilencer.com\/de\/wp-json\/wp\/v2\/media?parent=4725"}],"curies":[{"name":"wp","href":"https:\/\/api.w.org\/{rel}","templated":true}]}}