{"id":4622,"date":"2025-10-09T11:55:18","date_gmt":"2025-10-09T11:55:18","guid":{"rendered":"https:\/\/www.stalonsilencer.com\/haendler-finden\/"},"modified":"2026-04-14T07:57:33","modified_gmt":"2026-04-14T07:57:33","slug":"haendler-finden","status":"publish","type":"page","link":"https:\/\/www.stalonsilencer.com\/de\/haendler-finden\/","title":{"rendered":"H\u00e4ndler finden"},"content":{"rendered":"\t\t<div data-elementor-type=\"wp-page\" data-elementor-id=\"4622\" class=\"elementor elementor-4622 elementor-1226\" data-elementor-post-type=\"page\">\n\t\t\t\t<div class=\"elementor-element elementor-element-e4c1223 e-flex e-con-boxed e-con e-parent\" data-id=\"e4c1223\" data-element_type=\"container\" data-e-type=\"container\" data-settings=\"{&quot;background_background&quot;:&quot;classic&quot;}\">\n\t\t\t\t\t<div class=\"e-con-inner\">\n\t\t\t\t<div class=\"elementor-element elementor-element-796ba11 elementor-widget elementor-widget-heading\" data-id=\"796ba11\" data-element_type=\"widget\" data-e-type=\"widget\" data-widget_type=\"heading.default\">\n\t\t\t\t\t<h1 class=\"elementor-heading-title elementor-size-default\">H\u00c4NDLER FINDEN<\/h1>\t\t\t\t<\/div>\n\t\t\t\t\t<\/div>\n\t\t\t\t<\/div>\n\t\t<div class=\"elementor-element elementor-element-6fb9de7 e-con-full e-flex e-con e-parent\" data-id=\"6fb9de7\" data-element_type=\"container\" data-e-type=\"container\">\n\t\t\t\t<div class=\"elementor-element elementor-element-558dc25 elementor-widget elementor-widget-html\" data-id=\"558dc25\" data-element_type=\"widget\" data-e-type=\"widget\" data-widget_type=\"html.default\">\n\t\t\t\t\t<!-- Elfsight Google Maps | Store Locator Stalon -->\n<script src=\"https:\/\/elfsightcdn.com\/platform.js\" async=\"\"><\/script>\n<div class=\"elfsight-app-e0f6760e-8020-42da-932d-37b21e5fc7da\" data-elfsight-app-lazy=\"\"><\/div>\t\t\t\t<\/div>\n\t\t\t\t<\/div>\n\t\t\t\t<\/div>\n\t\t","protected":false},"excerpt":{"rendered":"<p>H\u00c4NDLER FINDEN<\/p>\n","protected":false},"author":1,"featured_media":4535,"parent":0,"menu_order":0,"comment_status":"closed","ping_status":"closed","template":"","meta":{"_acf_changed":false,"footnotes":""},"class_list":["post-4622","page","type-page","status-publish","has-post-thumbnail","hentry"],"acf":[],"yoast_head":"<!-- This site is optimized with the Yoast SEO plugin v27.0 - https:\/\/yoast.com\/product\/yoast-seo-wordpress\/ -->\n<title>H\u00e4ndler finden \u2013 Partnernetzwerk &amp; autorisierte H\u00e4ndler | Stalon<\/title>\n<meta name=\"description\" content=\"Finden Sie Ihren n\u00e4chstgelegenen autorisierten Stalon-H\u00e4ndler und offiziellen Vertriebspartner. Nutzen Sie unsere interaktive Karte oder Liste, um vertrauensw\u00fcrdige Partner zu finden.\" \/>\n<meta name=\"robots\" content=\"index, follow, max-snippet:-1, max-image-preview:large, max-video-preview:-1\" \/>\n<link rel=\"canonical\" href=\"https:\/\/www.stalonsilencer.com\/de\/haendler-finden\/\" \/>\n<meta property=\"og:locale\" content=\"de_DE\" \/>\n<meta property=\"og:type\" content=\"article\" \/>\n<meta property=\"og:title\" content=\"H\u00e4ndler finden \u2013 Partnernetzwerk &amp; autorisierte H\u00e4ndler | Stalon\" \/>\n<meta property=\"og:description\" content=\"Finden Sie Ihren n\u00e4chstgelegenen autorisierten Stalon-H\u00e4ndler und offiziellen Vertriebspartner. Nutzen Sie unsere interaktive Karte oder Liste, um vertrauensw\u00fcrdige Partner zu finden.\" \/>\n<meta property=\"og:url\" content=\"https:\/\/www.stalonsilencer.com\/de\/haendler-finden\/\" \/>\n<meta property=\"og:site_name\" content=\"Stalon Silencers\" \/>\n<meta property=\"article:publisher\" content=\"https:\/\/www.facebook.com\/Stalonsweden\/?locale=sv_SE\" \/>\n<meta property=\"article:modified_time\" content=\"2026-04-14T07:57:33+00:00\" \/>\n<meta property=\"og:image\" content=\"https:\/\/www.stalonsilencer.com\/wp-content\/uploads\/2026\/02\/Choose_Silencer.jpg\" \/>\n\t<meta property=\"og:image:width\" content=\"1500\" \/>\n\t<meta property=\"og:image:height\" content=\"1000\" \/>\n\t<meta property=\"og:image:type\" content=\"image\/jpeg\" \/>\n<meta name=\"twitter:card\" content=\"summary_large_image\" \/>\n<script type=\"application\/ld+json\" class=\"yoast-schema-graph\">{\"@context\":\"https:\/\/schema.org\",\"@graph\":[{\"@type\":\"WebPage\",\"@id\":\"https:\/\/www.stalonsilencer.com\/de\/haendler-finden\/\",\"url\":\"https:\/\/www.stalonsilencer.com\/de\/haendler-finden\/\",\"name\":\"H\u00e4ndler finden \u2013 Partnernetzwerk & autorisierte H\u00e4ndler | Stalon\",\"isPartOf\":{\"@id\":\"https:\/\/www.stalonsilencer.com\/de\/#website\"},\"primaryImageOfPage\":{\"@id\":\"https:\/\/www.stalonsilencer.com\/de\/haendler-finden\/#primaryimage\"},\"image\":{\"@id\":\"https:\/\/www.stalonsilencer.com\/de\/haendler-finden\/#primaryimage\"},\"thumbnailUrl\":\"https:\/\/www.stalonsilencer.com\/wp-content\/uploads\/2026\/02\/Choose_Silencer.jpg\",\"datePublished\":\"2025-10-09T11:55:18+00:00\",\"dateModified\":\"2026-04-14T07:57:33+00:00\",\"description\":\"Finden Sie Ihren n\u00e4chstgelegenen autorisierten Stalon-H\u00e4ndler und offiziellen Vertriebspartner. Nutzen Sie unsere interaktive Karte oder Liste, um vertrauensw\u00fcrdige Partner zu finden.\",\"breadcrumb\":{\"@id\":\"https:\/\/www.stalonsilencer.com\/de\/haendler-finden\/#breadcrumb\"},\"inLanguage\":\"de\",\"potentialAction\":[{\"@type\":\"ReadAction\",\"target\":[\"https:\/\/www.stalonsilencer.com\/de\/haendler-finden\/\"]}]},{\"@type\":\"ImageObject\",\"inLanguage\":\"de\",\"@id\":\"https:\/\/www.stalonsilencer.com\/de\/haendler-finden\/#primaryimage\",\"url\":\"https:\/\/www.stalonsilencer.com\/wp-content\/uploads\/2026\/02\/Choose_Silencer.jpg\",\"contentUrl\":\"https:\/\/www.stalonsilencer.com\/wp-content\/uploads\/2026\/02\/Choose_Silencer.jpg\",\"width\":1500,\"height\":1000},{\"@type\":\"BreadcrumbList\",\"@id\":\"https:\/\/www.stalonsilencer.com\/de\/haendler-finden\/#breadcrumb\",\"itemListElement\":[{\"@type\":\"ListItem\",\"position\":1,\"name\":\"Home\",\"item\":\"https:\/\/www.stalonsilencer.com\/de\/startseite\/\"},{\"@type\":\"ListItem\",\"position\":2,\"name\":\"H\u00e4ndler finden\"}]},{\"@type\":\"WebSite\",\"@id\":\"https:\/\/www.stalonsilencer.com\/de\/#website\",\"url\":\"https:\/\/www.stalonsilencer.com\/de\/\",\"name\":\"Stalon Silencers\",\"description\":\"DEVELOPED FOR HUNTERS &amp; HUNTING\",\"publisher\":{\"@id\":\"https:\/\/www.stalonsilencer.com\/de\/#organization\"},\"alternateName\":\"Stalon\",\"potentialAction\":[{\"@type\":\"SearchAction\",\"target\":{\"@type\":\"EntryPoint\",\"urlTemplate\":\"https:\/\/www.stalonsilencer.com\/de\/?s={search_term_string}\"},\"query-input\":{\"@type\":\"PropertyValueSpecification\",\"valueRequired\":true,\"valueName\":\"search_term_string\"}}],\"inLanguage\":\"de\"},{\"@type\":\"Organization\",\"@id\":\"https:\/\/www.stalonsilencer.com\/de\/#organization\",\"name\":\"Stalon Silencers\",\"url\":\"https:\/\/www.stalonsilencer.com\/de\/\",\"logo\":{\"@type\":\"ImageObject\",\"inLanguage\":\"de\",\"@id\":\"https:\/\/www.stalonsilencer.com\/de\/#\/schema\/logo\/image\/\",\"url\":\"https:\/\/www.stalonsilencer.com\/wp-content\/uploads\/2025\/09\/Logo-Stalon-black-1.png\",\"contentUrl\":\"https:\/\/www.stalonsilencer.com\/wp-content\/uploads\/2025\/09\/Logo-Stalon-black-1.png\",\"width\":223,\"height\":85,\"caption\":\"Stalon Silencers\"},\"image\":{\"@id\":\"https:\/\/www.stalonsilencer.com\/de\/#\/schema\/logo\/image\/\"},\"sameAs\":[\"https:\/\/www.facebook.com\/Stalonsweden\/?locale=sv_SE\",\"https:\/\/www.instagram.com\/stalonofficial\/\"]}]}<\/script>\n<!-- \/ Yoast SEO plugin. -->","yoast_head_json":{"title":"H\u00e4ndler finden \u2013 Partnernetzwerk & autorisierte H\u00e4ndler | Stalon","description":"Finden Sie Ihren n\u00e4chstgelegenen autorisierten Stalon-H\u00e4ndler und offiziellen Vertriebspartner. Nutzen Sie unsere interaktive Karte oder Liste, um vertrauensw\u00fcrdige Partner zu finden.","robots":{"index":"index","follow":"follow","max-snippet":"max-snippet:-1","max-image-preview":"max-image-preview:large","max-video-preview":"max-video-preview:-1"},"canonical":"https:\/\/www.stalonsilencer.com\/de\/haendler-finden\/","og_locale":"de_DE","og_type":"article","og_title":"H\u00e4ndler finden \u2013 Partnernetzwerk & autorisierte H\u00e4ndler | Stalon","og_description":"Finden Sie Ihren n\u00e4chstgelegenen autorisierten Stalon-H\u00e4ndler und offiziellen Vertriebspartner. Nutzen Sie unsere interaktive Karte oder Liste, um vertrauensw\u00fcrdige Partner zu finden.","og_url":"https:\/\/www.stalonsilencer.com\/de\/haendler-finden\/","og_site_name":"Stalon Silencers","article_publisher":"https:\/\/www.facebook.com\/Stalonsweden\/?locale=sv_SE","article_modified_time":"2026-04-14T07:57:33+00:00","og_image":[{"width":1500,"height":1000,"url":"https:\/\/www.stalonsilencer.com\/wp-content\/uploads\/2026\/02\/Choose_Silencer.jpg","type":"image\/jpeg"}],"twitter_card":"summary_large_image","schema":{"@context":"https:\/\/schema.org","@graph":[{"@type":"WebPage","@id":"https:\/\/www.stalonsilencer.com\/de\/haendler-finden\/","url":"https:\/\/www.stalonsilencer.com\/de\/haendler-finden\/","name":"H\u00e4ndler finden \u2013 Partnernetzwerk & autorisierte H\u00e4ndler | Stalon","isPartOf":{"@id":"https:\/\/www.stalonsilencer.com\/de\/#website"},"primaryImageOfPage":{"@id":"https:\/\/www.stalonsilencer.com\/de\/haendler-finden\/#primaryimage"},"image":{"@id":"https:\/\/www.stalonsilencer.com\/de\/haendler-finden\/#primaryimage"},"thumbnailUrl":"https:\/\/www.stalonsilencer.com\/wp-content\/uploads\/2026\/02\/Choose_Silencer.jpg","datePublished":"2025-10-09T11:55:18+00:00","dateModified":"2026-04-14T07:57:33+00:00","description":"Finden Sie Ihren n\u00e4chstgelegenen autorisierten Stalon-H\u00e4ndler und offiziellen Vertriebspartner. Nutzen Sie unsere interaktive Karte oder Liste, um vertrauensw\u00fcrdige Partner zu finden.","breadcrumb":{"@id":"https:\/\/www.stalonsilencer.com\/de\/haendler-finden\/#breadcrumb"},"inLanguage":"de","potentialAction":[{"@type":"ReadAction","target":["https:\/\/www.stalonsilencer.com\/de\/haendler-finden\/"]}]},{"@type":"ImageObject","inLanguage":"de","@id":"https:\/\/www.stalonsilencer.com\/de\/haendler-finden\/#primaryimage","url":"https:\/\/www.stalonsilencer.com\/wp-content\/uploads\/2026\/02\/Choose_Silencer.jpg","contentUrl":"https:\/\/www.stalonsilencer.com\/wp-content\/uploads\/2026\/02\/Choose_Silencer.jpg","width":1500,"height":1000},{"@type":"BreadcrumbList","@id":"https:\/\/www.stalonsilencer.com\/de\/haendler-finden\/#breadcrumb","itemListElement":[{"@type":"ListItem","position":1,"name":"Home","item":"https:\/\/www.stalonsilencer.com\/de\/startseite\/"},{"@type":"ListItem","position":2,"name":"H\u00e4ndler finden"}]},{"@type":"WebSite","@id":"https:\/\/www.stalonsilencer.com\/de\/#website","url":"https:\/\/www.stalonsilencer.com\/de\/","name":"Stalon Silencers","description":"DEVELOPED FOR HUNTERS &amp; HUNTING","publisher":{"@id":"https:\/\/www.stalonsilencer.com\/de\/#organization"},"alternateName":"Stalon","potentialAction":[{"@type":"SearchAction","target":{"@type":"EntryPoint","urlTemplate":"https:\/\/www.stalonsilencer.com\/de\/?s={search_term_string}"},"query-input":{"@type":"PropertyValueSpecification","valueRequired":true,"valueName":"search_term_string"}}],"inLanguage":"de"},{"@type":"Organization","@id":"https:\/\/www.stalonsilencer.com\/de\/#organization","name":"Stalon Silencers","url":"https:\/\/www.stalonsilencer.com\/de\/","logo":{"@type":"ImageObject","inLanguage":"de","@id":"https:\/\/www.stalonsilencer.com\/de\/#\/schema\/logo\/image\/","url":"https:\/\/www.stalonsilencer.com\/wp-content\/uploads\/2025\/09\/Logo-Stalon-black-1.png","contentUrl":"https:\/\/www.stalonsilencer.com\/wp-content\/uploads\/2025\/09\/Logo-Stalon-black-1.png","width":223,"height":85,"caption":"Stalon Silencers"},"image":{"@id":"https:\/\/www.stalonsilencer.com\/de\/#\/schema\/logo\/image\/"},"sameAs":["https:\/\/www.facebook.com\/Stalonsweden\/?locale=sv_SE","https:\/\/www.instagram.com\/stalonofficial\/"]}]}},"_links":{"self":[{"href":"https:\/\/www.stalonsilencer.com\/de\/wp-json\/wp\/v2\/pages\/4622","targetHints":{"allow":["GET"]}}],"collection":[{"href":"https:\/\/www.stalonsilencer.com\/de\/wp-json\/wp\/v2\/pages"}],"about":[{"href":"https:\/\/www.stalonsilencer.com\/de\/wp-json\/wp\/v2\/types\/page"}],"author":[{"embeddable":true,"href":"https:\/\/www.stalonsilencer.com\/de\/wp-json\/wp\/v2\/users\/1"}],"replies":[{"embeddable":true,"href":"https:\/\/www.stalonsilencer.com\/de\/wp-json\/wp\/v2\/comments?post=4622"}],"version-history":[{"count":2,"href":"https:\/\/www.stalonsilencer.com\/de\/wp-json\/wp\/v2\/pages\/4622\/revisions"}],"predecessor-version":[{"id":6489,"href":"https:\/\/www.stalonsilencer.com\/de\/wp-json\/wp\/v2\/pages\/4622\/revisions\/6489"}],"wp:featuredmedia":[{"embeddable":true,"href":"https:\/\/www.stalonsilencer.com\/de\/wp-json\/wp\/v2\/media\/4535"}],"wp:attachment":[{"href":"https:\/\/www.stalonsilencer.com\/de\/wp-json\/wp\/v2\/media?parent=4622"}],"curies":[{"name":"wp","href":"https:\/\/api.w.org\/{rel}","templated":true}]}}