{"id":4350,"date":"2025-09-18T09:09:17","date_gmt":"2025-09-18T09:09:17","guid":{"rendered":"https:\/\/www.stalonsilencer.com\/kontaktieren-sie-uns\/"},"modified":"2026-03-27T11:04:58","modified_gmt":"2026-03-27T11:04:58","slug":"kontaktieren-sie-uns","status":"publish","type":"page","link":"https:\/\/www.stalonsilencer.com\/de\/kontaktieren-sie-uns\/","title":{"rendered":"Kontaktieren Sie uns"},"content":{"rendered":"\t\t<div data-elementor-type=\"wp-page\" data-elementor-id=\"4350\" class=\"elementor elementor-4350 elementor-485\" data-elementor-post-type=\"page\">\n\t\t\t\t<div class=\"elementor-element elementor-element-e4c1223 e-flex e-con-boxed e-con e-parent\" data-id=\"e4c1223\" data-element_type=\"container\" data-e-type=\"container\" data-settings=\"{&quot;background_background&quot;:&quot;classic&quot;}\">\n\t\t\t\t\t<div class=\"e-con-inner\">\n\t\t\t\t<div class=\"elementor-element elementor-element-796ba11 elementor-widget elementor-widget-heading\" data-id=\"796ba11\" data-element_type=\"widget\" data-e-type=\"widget\" data-widget_type=\"heading.default\">\n\t\t\t\t\t<h1 class=\"elementor-heading-title elementor-size-default\">KONTAKTIEREN SIE UNS<\/h1>\t\t\t\t<\/div>\n\t\t\t\t<div class=\"elementor-element elementor-element-88f179f elementor-widget elementor-widget-text-editor\" data-id=\"88f179f\" data-element_type=\"widget\" data-e-type=\"widget\" data-widget_type=\"text-editor.default\">\n\t\t\t\t\t\t\t\t\t<p>Wir sind immer f\u00fcr Sie da. Ganz gleich, ob Sie Fragen zu unseren Schalld\u00e4mpfern haben, Unterst\u00fctzung f\u00fcr Ihr Produkt ben\u00f6tigen oder einfach mehr \u00fcber Stalon erfahren m\u00f6chten \u2013 unser Team steht Ihnen gerne zur Seite. <br><br>Wenden Sie sich direkt an uns, und wir stellen sicher, dass Sie die Antworten und die Beratung erhalten, die Sie ben\u00f6tigen. J\u00e4ger sprechen mit J\u00e4gern \u2013 so bauen wir Vertrauen und dauerhafte Beziehungen auf. <\/p>\t\t\t\t\t\t\t\t<\/div>\n\t\t\t\t\t<\/div>\n\t\t\t\t<\/div>\n\t\t<div class=\"elementor-element elementor-element-e082126 e-flex e-con-boxed e-con e-parent\" data-id=\"e082126\" data-element_type=\"container\" data-e-type=\"container\">\n\t\t\t\t\t<div class=\"e-con-inner\">\n\t\t<div class=\"elementor-element elementor-element-4aaaf6a e-con-full e-flex e-con e-child\" data-id=\"4aaaf6a\" data-element_type=\"container\" data-e-type=\"container\">\n\t\t\t\t<div class=\"elementor-element elementor-element-c65e60c elementor-widget elementor-widget-text-editor\" data-id=\"c65e60c\" data-element_type=\"widget\" data-e-type=\"widget\" data-widget_type=\"text-editor.default\">\n\t\t\t\t\t\t\t\t\t<p><strong>KONTAKTINFORMATIONEN<\/strong><br><a href=\"tel:+4694050035\">+46(0)940 \u2013 500 35<\/a><br>info@stalonsilencer.com<\/p>\t\t\t\t\t\t\t\t<\/div>\n\t\t\t\t<\/div>\n\t\t<div class=\"elementor-element elementor-element-d65aa2f e-con-full e-flex e-con e-child\" data-id=\"d65aa2f\" data-element_type=\"container\" data-e-type=\"container\">\n\t\t\t\t<div class=\"elementor-element elementor-element-1cd7797 elementor-widget elementor-widget-text-editor\" data-id=\"1cd7797\" data-element_type=\"widget\" data-e-type=\"widget\" data-widget_type=\"text-editor.default\">\n\t\t\t\t\t\t\t\t\t<p><strong>ADRESSE<\/strong><br>Stalon 104 912 97<br>Malgomaj Koordinaten:<br>64.94222297164791, 15.88926812967001<\/p>\t\t\t\t\t\t\t\t<\/div>\n\t\t\t\t<\/div>\n\t\t\t\t\t<\/div>\n\t\t\t\t<\/div>\n\t\t<div class=\"elementor-element elementor-element-dba3d16 e-flex e-con-boxed e-con e-parent\" data-id=\"dba3d16\" data-element_type=\"container\" data-e-type=\"container\">\n\t\t\t\t\t<div class=\"e-con-inner\">\n\t\t\t\t<div class=\"elementor-element elementor-element-8f5ecef elementor-widget elementor-widget-shortcode\" data-id=\"8f5ecef\" data-element_type=\"widget\" data-e-type=\"widget\" data-widget_type=\"shortcode.default\">\n\t\t\t\t\t\t\t<div class=\"elementor-shortcode\">\n<div class=\"wpcf7 no-js\" id=\"wpcf7-f5187-o1\" lang=\"de-DE\" dir=\"ltr\" data-wpcf7-id=\"5187\">\n<div class=\"screen-reader-response\"><p role=\"status\" aria-live=\"polite\" aria-atomic=\"true\"><\/p> <ul><\/ul><\/div>\n<form action=\"\/de\/wp-json\/wp\/v2\/pages\/4350#wpcf7-f5187-o1\" method=\"post\" class=\"wpcf7-form init\" aria-label=\"Kontaktformular\" novalidate=\"novalidate\" data-status=\"init\">\n<fieldset class=\"hidden-fields-container\"><input type=\"hidden\" name=\"_wpcf7\" value=\"5187\" \/><input type=\"hidden\" name=\"_wpcf7_version\" value=\"6.1.5\" \/><input type=\"hidden\" name=\"_wpcf7_locale\" value=\"de_DE\" \/><input type=\"hidden\" name=\"_wpcf7_unit_tag\" value=\"wpcf7-f5187-o1\" \/><input type=\"hidden\" name=\"_wpcf7_container_post\" value=\"0\" \/><input type=\"hidden\" name=\"_wpcf7_posted_data_hash\" value=\"\" \/><input type=\"hidden\" name=\"_wpcf7_recaptcha_response\" value=\"\" \/>\n<\/fieldset>\n<div class=\"vh-form wpcf7-form\">\n\t<div class=\"vh-card\">\n\t\t<div class=\"vh-grid\">\n\t\t\t<p><label class=\"vh-field\"><br \/>\n<span class=\"vh-label\">Name<\/span><br \/>\n<span class=\"wpcf7-form-control-wrap\" data-name=\"your-name\"><input size=\"40\" maxlength=\"400\" class=\"wpcf7-form-control wpcf7-text wpcf7-validates-as-required\" aria-required=\"true\" aria-invalid=\"false\" placeholder=\"\" value=\"\" type=\"text\" name=\"your-name\" \/><\/span><br \/>\n<\/label>\n\t\t\t<\/p>\n\t\t\t<p><label class=\"vh-field\"><br \/>\n<span class=\"vh-label\">Firma (optional)<\/span><br \/>\n<span class=\"wpcf7-form-control-wrap\" data-name=\"your-company\"><input size=\"40\" maxlength=\"400\" class=\"wpcf7-form-control wpcf7-text\" aria-invalid=\"false\" placeholder=\"\" value=\"\" type=\"text\" name=\"your-company\" \/><\/span><br \/>\n<\/label>\n\t\t\t<\/p>\n\t\t\t<p><label class=\"vh-field\"><br \/>\n<span class=\"vh-label\">E-Mail<\/span><br \/>\n<span class=\"wpcf7-form-control-wrap\" data-name=\"your-email\"><input size=\"40\" maxlength=\"400\" class=\"wpcf7-form-control wpcf7-email wpcf7-validates-as-required wpcf7-text wpcf7-validates-as-email\" aria-required=\"true\" aria-invalid=\"false\" placeholder=\"\" value=\"\" type=\"email\" name=\"your-email\" \/><\/span><br \/>\n<\/label>\n\t\t\t<\/p>\n\t\t\t<p><label class=\"vh-field\"><br \/>\n<span class=\"vh-label\">Telefonnummer<\/span><br \/>\n<span class=\"wpcf7-form-control-wrap\" data-name=\"your-phone\"><input size=\"40\" maxlength=\"400\" class=\"wpcf7-form-control wpcf7-tel wpcf7-text wpcf7-validates-as-tel\" aria-invalid=\"false\" placeholder=\"\" value=\"\" type=\"tel\" name=\"your-phone\" \/><\/span><br \/>\n<\/label>\n\t\t\t<\/p>\n\t\t\t<p><label class=\"vh-field vh-col-span\"><br \/>\n<span class=\"vh-label\">Nachricht<\/span><br \/>\n<span class=\"wpcf7-form-control-wrap\" data-name=\"your-message\"><textarea cols=\"40\" rows=\"10\" maxlength=\"2000\" class=\"wpcf7-form-control wpcf7-textarea wpcf7-validates-as-required\" aria-required=\"true\" aria-invalid=\"false\" placeholder=\"\" name=\"your-message\"><\/textarea><\/span><br \/>\n<\/label>\n\t\t\t<\/p>\n\t\t\t<div class=\"vh-col-span vh-submit-row\">\n\t\t\t\t<p><input class=\"wpcf7-form-control wpcf7-submit has-spinner vh-btn\" type=\"submit\" value=\"Nachricht senden\" \/>\n\t\t\t\t<\/p>\n\t\t\t<\/div>\n\t\t<\/div>\n\t<\/div>\n<\/div><div class=\"wpcf7-response-output\" aria-hidden=\"true\"><\/div>\n<\/form>\n<\/div>\n<\/div>\n\t\t\t\t\t\t<\/div>\n\t\t\t\t\t<\/div>\n\t\t\t\t<\/div>\n\t\t<div class=\"elementor-element elementor-element-735b43e e-flex e-con-boxed e-con e-parent\" data-id=\"735b43e\" data-element_type=\"container\" data-e-type=\"container\" data-settings=\"{&quot;background_background&quot;:&quot;classic&quot;}\">\n\t\t\t\t\t<div class=\"e-con-inner\">\n\t\t\t\t<div class=\"elementor-element elementor-element-2b380bb elementor-widget elementor-widget-heading\" data-id=\"2b380bb\" data-element_type=\"widget\" data-e-type=\"widget\" data-widget_type=\"heading.default\">\n\t\t\t\t\t<h2 class=\"elementor-heading-title elementor-size-default\">ERLEBEN SIE DIE<br>\u2028PR\u00c4ZISION VON STALON<br>SELBST<\/h2>\t\t\t\t<\/div>\n\t\t\t\t<div class=\"elementor-element elementor-element-9fd74a9 elementor-mobile-align-justify elementor-align-center elementor-widget elementor-widget-button\" data-id=\"9fd74a9\" data-element_type=\"widget\" data-e-type=\"widget\" data-widget_type=\"button.default\">\n\t\t\t\t\t\t\t\t\t\t<a class=\"elementor-button elementor-button-link elementor-size-sm\" href=\"https:\/\/www.stalonsilencer.com\/de\/haendler-finden\/\">\n\t\t\t\t\t\t<span class=\"elementor-button-content-wrapper\">\n\t\t\t\t\t\t\t\t\t<span class=\"elementor-button-text\">H\u00c4NDLER FINDEN<\/span>\n\t\t\t\t\t<\/span>\n\t\t\t\t\t<\/a>\n\t\t\t\t\t\t\t\t<\/div>\n\t\t\t\t\t<\/div>\n\t\t\t\t<\/div>\n\t\t\t\t<\/div>\n\t\t","protected":false},"excerpt":{"rendered":"<p>KONTAKTIEREN SIE UNS Wir sind immer f\u00fcr Sie da. Ganz gleich, ob Sie Fragen zu unseren Schalld\u00e4mpfern haben, Unterst\u00fctzung f\u00fcr Ihr Produkt ben\u00f6tigen oder einfach mehr \u00fcber Stalon erfahren m\u00f6chten \u2013 unser Team steht Ihnen gerne zur Seite. Wenden Sie sich direkt an uns, und wir stellen sicher, dass Sie die Antworten und die Beratung [&hellip;]<\/p>\n","protected":false},"author":1,"featured_media":4367,"parent":0,"menu_order":0,"comment_status":"closed","ping_status":"closed","template":"elementor_header_footer","meta":{"_acf_changed":false,"footnotes":""},"class_list":["post-4350","page","type-page","status-publish","has-post-thumbnail","hentry"],"acf":[],"yoast_head":"<!-- This site is optimized with the Yoast SEO plugin v27.0 - https:\/\/yoast.com\/product\/yoast-seo-wordpress\/ -->\n<title>Stalon kontaktieren \u2013 Setzen Sie sich mit unserem Team in Verbindung<\/title>\n<meta name=\"description\" content=\"Haben Sie Fragen zu unseren Schalld\u00e4mpfern, zum Zubeh\u00f6r oder zu unserem H\u00e4ndlernetz? Kontaktieren Sie das Stalon-Team noch heute \u2013 wir unterst\u00fctzen Sie gerne!\" \/>\n<meta name=\"robots\" content=\"index, follow, max-snippet:-1, max-image-preview:large, max-video-preview:-1\" \/>\n<link rel=\"canonical\" href=\"https:\/\/www.stalonsilencer.com\/de\/kontaktieren-sie-uns\/\" \/>\n<meta property=\"og:locale\" content=\"de_DE\" \/>\n<meta property=\"og:type\" content=\"article\" \/>\n<meta property=\"og:title\" content=\"Stalon kontaktieren \u2013 Setzen Sie sich mit unserem Team in Verbindung\" \/>\n<meta property=\"og:description\" content=\"Haben Sie Fragen zu unseren Schalld\u00e4mpfern, zum Zubeh\u00f6r oder zu unserem H\u00e4ndlernetz? Kontaktieren Sie das Stalon-Team noch heute \u2013 wir unterst\u00fctzen Sie gerne!\" \/>\n<meta property=\"og:url\" content=\"https:\/\/www.stalonsilencer.com\/de\/kontaktieren-sie-uns\/\" \/>\n<meta property=\"og:site_name\" content=\"Stalon Silencers\" \/>\n<meta property=\"article:publisher\" content=\"https:\/\/www.facebook.com\/Stalonsweden\/?locale=sv_SE\" \/>\n<meta property=\"article:modified_time\" content=\"2026-03-27T11:04:58+00:00\" \/>\n<meta property=\"og:image\" content=\"https:\/\/www.stalonsilencer.com\/wp-content\/uploads\/2026\/02\/Contact_Stalon_silencer.jpg\" \/>\n\t<meta property=\"og:image:width\" content=\"1500\" \/>\n\t<meta property=\"og:image:height\" content=\"1000\" \/>\n\t<meta property=\"og:image:type\" content=\"image\/jpeg\" \/>\n<meta name=\"twitter:card\" content=\"summary_large_image\" \/>\n<meta name=\"twitter:label1\" content=\"Gesch\u00e4tzte Lesezeit\" \/>\n\t<meta name=\"twitter:data1\" content=\"1 Minute\" \/>\n<script type=\"application\/ld+json\" class=\"yoast-schema-graph\">{\"@context\":\"https:\/\/schema.org\",\"@graph\":[{\"@type\":\"WebPage\",\"@id\":\"https:\/\/www.stalonsilencer.com\/de\/kontaktieren-sie-uns\/\",\"url\":\"https:\/\/www.stalonsilencer.com\/de\/kontaktieren-sie-uns\/\",\"name\":\"Stalon kontaktieren \u2013 Setzen Sie sich mit unserem Team in Verbindung\",\"isPartOf\":{\"@id\":\"https:\/\/www.stalonsilencer.com\/de\/#website\"},\"primaryImageOfPage\":{\"@id\":\"https:\/\/www.stalonsilencer.com\/de\/kontaktieren-sie-uns\/#primaryimage\"},\"image\":{\"@id\":\"https:\/\/www.stalonsilencer.com\/de\/kontaktieren-sie-uns\/#primaryimage\"},\"thumbnailUrl\":\"https:\/\/www.stalonsilencer.com\/wp-content\/uploads\/2026\/02\/Contact_Stalon_silencer.jpg\",\"datePublished\":\"2025-09-18T09:09:17+00:00\",\"dateModified\":\"2026-03-27T11:04:58+00:00\",\"description\":\"Haben Sie Fragen zu unseren Schalld\u00e4mpfern, zum Zubeh\u00f6r oder zu unserem H\u00e4ndlernetz? Kontaktieren Sie das Stalon-Team noch heute \u2013 wir unterst\u00fctzen Sie gerne!\",\"breadcrumb\":{\"@id\":\"https:\/\/www.stalonsilencer.com\/de\/kontaktieren-sie-uns\/#breadcrumb\"},\"inLanguage\":\"de\",\"potentialAction\":[{\"@type\":\"ReadAction\",\"target\":[\"https:\/\/www.stalonsilencer.com\/de\/kontaktieren-sie-uns\/\"]}]},{\"@type\":\"ImageObject\",\"inLanguage\":\"de\",\"@id\":\"https:\/\/www.stalonsilencer.com\/de\/kontaktieren-sie-uns\/#primaryimage\",\"url\":\"https:\/\/www.stalonsilencer.com\/wp-content\/uploads\/2026\/02\/Contact_Stalon_silencer.jpg\",\"contentUrl\":\"https:\/\/www.stalonsilencer.com\/wp-content\/uploads\/2026\/02\/Contact_Stalon_silencer.jpg\",\"width\":1500,\"height\":1000},{\"@type\":\"BreadcrumbList\",\"@id\":\"https:\/\/www.stalonsilencer.com\/de\/kontaktieren-sie-uns\/#breadcrumb\",\"itemListElement\":[{\"@type\":\"ListItem\",\"position\":1,\"name\":\"Home\",\"item\":\"https:\/\/www.stalonsilencer.com\/de\/startseite\/\"},{\"@type\":\"ListItem\",\"position\":2,\"name\":\"Kontaktieren Sie uns\"}]},{\"@type\":\"WebSite\",\"@id\":\"https:\/\/www.stalonsilencer.com\/de\/#website\",\"url\":\"https:\/\/www.stalonsilencer.com\/de\/\",\"name\":\"Stalon Silencers\",\"description\":\"DEVELOPED FOR HUNTERS &amp; HUNTING\",\"publisher\":{\"@id\":\"https:\/\/www.stalonsilencer.com\/de\/#organization\"},\"alternateName\":\"Stalon\",\"potentialAction\":[{\"@type\":\"SearchAction\",\"target\":{\"@type\":\"EntryPoint\",\"urlTemplate\":\"https:\/\/www.stalonsilencer.com\/de\/?s={search_term_string}\"},\"query-input\":{\"@type\":\"PropertyValueSpecification\",\"valueRequired\":true,\"valueName\":\"search_term_string\"}}],\"inLanguage\":\"de\"},{\"@type\":\"Organization\",\"@id\":\"https:\/\/www.stalonsilencer.com\/de\/#organization\",\"name\":\"Stalon Silencers\",\"url\":\"https:\/\/www.stalonsilencer.com\/de\/\",\"logo\":{\"@type\":\"ImageObject\",\"inLanguage\":\"de\",\"@id\":\"https:\/\/www.stalonsilencer.com\/de\/#\/schema\/logo\/image\/\",\"url\":\"https:\/\/www.stalonsilencer.com\/wp-content\/uploads\/2025\/09\/Logo-Stalon-black-1.png\",\"contentUrl\":\"https:\/\/www.stalonsilencer.com\/wp-content\/uploads\/2025\/09\/Logo-Stalon-black-1.png\",\"width\":223,\"height\":85,\"caption\":\"Stalon Silencers\"},\"image\":{\"@id\":\"https:\/\/www.stalonsilencer.com\/de\/#\/schema\/logo\/image\/\"},\"sameAs\":[\"https:\/\/www.facebook.com\/Stalonsweden\/?locale=sv_SE\",\"https:\/\/www.instagram.com\/stalonofficial\/\"]}]}<\/script>\n<!-- \/ Yoast SEO plugin. -->","yoast_head_json":{"title":"Stalon kontaktieren \u2013 Setzen Sie sich mit unserem Team in Verbindung","description":"Haben Sie Fragen zu unseren Schalld\u00e4mpfern, zum Zubeh\u00f6r oder zu unserem H\u00e4ndlernetz? Kontaktieren Sie das Stalon-Team noch heute \u2013 wir unterst\u00fctzen Sie gerne!","robots":{"index":"index","follow":"follow","max-snippet":"max-snippet:-1","max-image-preview":"max-image-preview:large","max-video-preview":"max-video-preview:-1"},"canonical":"https:\/\/www.stalonsilencer.com\/de\/kontaktieren-sie-uns\/","og_locale":"de_DE","og_type":"article","og_title":"Stalon kontaktieren \u2013 Setzen Sie sich mit unserem Team in Verbindung","og_description":"Haben Sie Fragen zu unseren Schalld\u00e4mpfern, zum Zubeh\u00f6r oder zu unserem H\u00e4ndlernetz? Kontaktieren Sie das Stalon-Team noch heute \u2013 wir unterst\u00fctzen Sie gerne!","og_url":"https:\/\/www.stalonsilencer.com\/de\/kontaktieren-sie-uns\/","og_site_name":"Stalon Silencers","article_publisher":"https:\/\/www.facebook.com\/Stalonsweden\/?locale=sv_SE","article_modified_time":"2026-03-27T11:04:58+00:00","og_image":[{"width":1500,"height":1000,"url":"https:\/\/www.stalonsilencer.com\/wp-content\/uploads\/2026\/02\/Contact_Stalon_silencer.jpg","type":"image\/jpeg"}],"twitter_card":"summary_large_image","twitter_misc":{"Gesch\u00e4tzte Lesezeit":"1 Minute"},"schema":{"@context":"https:\/\/schema.org","@graph":[{"@type":"WebPage","@id":"https:\/\/www.stalonsilencer.com\/de\/kontaktieren-sie-uns\/","url":"https:\/\/www.stalonsilencer.com\/de\/kontaktieren-sie-uns\/","name":"Stalon kontaktieren \u2013 Setzen Sie sich mit unserem Team in Verbindung","isPartOf":{"@id":"https:\/\/www.stalonsilencer.com\/de\/#website"},"primaryImageOfPage":{"@id":"https:\/\/www.stalonsilencer.com\/de\/kontaktieren-sie-uns\/#primaryimage"},"image":{"@id":"https:\/\/www.stalonsilencer.com\/de\/kontaktieren-sie-uns\/#primaryimage"},"thumbnailUrl":"https:\/\/www.stalonsilencer.com\/wp-content\/uploads\/2026\/02\/Contact_Stalon_silencer.jpg","datePublished":"2025-09-18T09:09:17+00:00","dateModified":"2026-03-27T11:04:58+00:00","description":"Haben Sie Fragen zu unseren Schalld\u00e4mpfern, zum Zubeh\u00f6r oder zu unserem H\u00e4ndlernetz? Kontaktieren Sie das Stalon-Team noch heute \u2013 wir unterst\u00fctzen Sie gerne!","breadcrumb":{"@id":"https:\/\/www.stalonsilencer.com\/de\/kontaktieren-sie-uns\/#breadcrumb"},"inLanguage":"de","potentialAction":[{"@type":"ReadAction","target":["https:\/\/www.stalonsilencer.com\/de\/kontaktieren-sie-uns\/"]}]},{"@type":"ImageObject","inLanguage":"de","@id":"https:\/\/www.stalonsilencer.com\/de\/kontaktieren-sie-uns\/#primaryimage","url":"https:\/\/www.stalonsilencer.com\/wp-content\/uploads\/2026\/02\/Contact_Stalon_silencer.jpg","contentUrl":"https:\/\/www.stalonsilencer.com\/wp-content\/uploads\/2026\/02\/Contact_Stalon_silencer.jpg","width":1500,"height":1000},{"@type":"BreadcrumbList","@id":"https:\/\/www.stalonsilencer.com\/de\/kontaktieren-sie-uns\/#breadcrumb","itemListElement":[{"@type":"ListItem","position":1,"name":"Home","item":"https:\/\/www.stalonsilencer.com\/de\/startseite\/"},{"@type":"ListItem","position":2,"name":"Kontaktieren Sie uns"}]},{"@type":"WebSite","@id":"https:\/\/www.stalonsilencer.com\/de\/#website","url":"https:\/\/www.stalonsilencer.com\/de\/","name":"Stalon Silencers","description":"DEVELOPED FOR HUNTERS &amp; HUNTING","publisher":{"@id":"https:\/\/www.stalonsilencer.com\/de\/#organization"},"alternateName":"Stalon","potentialAction":[{"@type":"SearchAction","target":{"@type":"EntryPoint","urlTemplate":"https:\/\/www.stalonsilencer.com\/de\/?s={search_term_string}"},"query-input":{"@type":"PropertyValueSpecification","valueRequired":true,"valueName":"search_term_string"}}],"inLanguage":"de"},{"@type":"Organization","@id":"https:\/\/www.stalonsilencer.com\/de\/#organization","name":"Stalon Silencers","url":"https:\/\/www.stalonsilencer.com\/de\/","logo":{"@type":"ImageObject","inLanguage":"de","@id":"https:\/\/www.stalonsilencer.com\/de\/#\/schema\/logo\/image\/","url":"https:\/\/www.stalonsilencer.com\/wp-content\/uploads\/2025\/09\/Logo-Stalon-black-1.png","contentUrl":"https:\/\/www.stalonsilencer.com\/wp-content\/uploads\/2025\/09\/Logo-Stalon-black-1.png","width":223,"height":85,"caption":"Stalon Silencers"},"image":{"@id":"https:\/\/www.stalonsilencer.com\/de\/#\/schema\/logo\/image\/"},"sameAs":["https:\/\/www.facebook.com\/Stalonsweden\/?locale=sv_SE","https:\/\/www.instagram.com\/stalonofficial\/"]}]}},"_links":{"self":[{"href":"https:\/\/www.stalonsilencer.com\/de\/wp-json\/wp\/v2\/pages\/4350","targetHints":{"allow":["GET"]}}],"collection":[{"href":"https:\/\/www.stalonsilencer.com\/de\/wp-json\/wp\/v2\/pages"}],"about":[{"href":"https:\/\/www.stalonsilencer.com\/de\/wp-json\/wp\/v2\/types\/page"}],"author":[{"embeddable":true,"href":"https:\/\/www.stalonsilencer.com\/de\/wp-json\/wp\/v2\/users\/1"}],"replies":[{"embeddable":true,"href":"https:\/\/www.stalonsilencer.com\/de\/wp-json\/wp\/v2\/comments?post=4350"}],"version-history":[{"count":2,"href":"https:\/\/www.stalonsilencer.com\/de\/wp-json\/wp\/v2\/pages\/4350\/revisions"}],"predecessor-version":[{"id":6252,"href":"https:\/\/www.stalonsilencer.com\/de\/wp-json\/wp\/v2\/pages\/4350\/revisions\/6252"}],"wp:featuredmedia":[{"embeddable":true,"href":"https:\/\/www.stalonsilencer.com\/de\/wp-json\/wp\/v2\/media\/4367"}],"wp:attachment":[{"href":"https:\/\/www.stalonsilencer.com\/de\/wp-json\/wp\/v2\/media?parent=4350"}],"curies":[{"name":"wp","href":"https:\/\/api.w.org\/{rel}","templated":true}]}}